{"id":9368,"date":"2025-11-20T15:58:18","date_gmt":"2025-11-20T15:58:18","guid":{"rendered":"https:\/\/www.retrobuddys.com\/shop\/senza-categoria\/adattatore-usb-hid2ami-per-amiga-e-c-64-c-128\/"},"modified":"2026-02-08T16:02:51","modified_gmt":"2026-02-08T16:02:51","slug":"adattatore-usb-hid2ami-per-amiga-e-c-64-c-128","status":"publish","type":"product","link":"https:\/\/www.retrobuddys.com\/it\/shop\/mods-hw-amiga-it\/amiga-1000-it\/adattatore-usb-hid2ami-per-amiga-e-c-64-c-128\/","title":{"rendered":"Adattatore USB HID2AMI per Amiga e C-64 \/ C-128"},"content":{"rendered":"<p data-path-to-node=\"1\">HID2AMI \u00e8 un <b>convertitore di forma d&#8217;onda USB HID per mouse<\/b> e <b>gamepad HID<\/b> per Amiga, C-64, C-128 e anche Atari.<\/p>\n<p data-path-to-node=\"1\">L&#8217;adattatore permette di collegare quasi <b>tutti i<\/b> moderni <b>mouse HID<\/b> (non limitati a PS\/2-USB come molti adattatori economici) e quasi <b>tutti i<\/b> (*) moderni <b>gamepad<\/b> digitali\/analogici ai nostri computer Amiga, C-64, C-128 e di giocare con essi.<\/p>\n<p data-path-to-node=\"2\">Al momento, l&#8217;adattatore \u00e8 stato testato con decine di gamepad diversi, ma non \u00e8 possibile garantire la funzionalit\u00e0 di ogni singolo gamepad esistente; tuttavia, se trovi un pad che non funziona con HID2AMI, puoi inviarci un &#8220;HID Report Descriptor&#8221; per le indagini.<\/p>\n<p data-path-to-node=\"2\">La lista di compatibilit\u00e0 \u00e8 disponibile qui =&gt; <a href=\"https:\/\/www.retrobuddys.com\/it\/2025\/11\/20\/elenco-di-compatibilita-hid2ami\/\" target=\"_blank\" rel=\"noopener\">Lista di compatibilit\u00e0<\/a><\/p>\n<p data-path-to-node=\"2\">Se il tuo dispositivo HID compatibile non \u00e8 presente nell&#8217;elenco, non significa che non funzioni. Semplicemente non \u00e8 stato ancora testato! <\/p>\n<p data-path-to-node=\"2\">Su Amiga, la rotellina del mouse pu\u00f2 essere supportata anche da un driver dedicato.  <a href=\"https:\/\/www.retrobuddys.com\/download\/Hid2Ami.lha\" target=\"_blank\" rel=\"noopener\">Il driver pu\u00f2 essere scaricato qui.<\/a><\/p>\n<p data-path-to-node=\"2\">L&#8217;adattatore HID2AMI \u00e8 stato sviluppato da EmberHeavyIndustries<a href=\"https:\/\/github.com\/EmberHeavyIndustries\/HID2AMI\" target=\"_blank\" rel=\"noopener\">(https:\/\/github.com\/EmberHeavyIndustries\/HID2AMI)<\/a> e siamo molto felici di supportare questo eccezionale progetto.<br \/>\nLa custodia \u00e8 stata sviluppata da Lemaru.<br \/>\nUna parte delle vendite va allo sviluppatore!<\/p>\n","protected":false},"excerpt":{"rendered":"<p>HID2AMI \u00e8 un convertitore di forma d&#8217;onda USB HID per mouse e gamepad HID per Amiga, C-64, C-128 e anche Atari. L&#8217;adattatore permette di collegare quasi tutti i moderni mouse HID (non limitati a PS\/2-USB come molti adattatori economici) e quasi tutti i (*) moderni gamepad digitali\/analogici ai nostri computer Amiga, C-64, C-128 e di [&#8230;]\n","protected":false},"featured_media":9458,"template":"","meta":[],"product_brand":[],"product_cat":[450,514,451,449,438,822,436,458],"product_tag":[824,886,887,883,885,884],"class_list":{"0":"post-9368","1":"product","2":"type-product","3":"status-publish","4":"has-post-thumbnail","6":"product_cat-amiga-1000-it","7":"product_cat-amiga-1200-it","8":"product_cat-amiga-2000-it","9":"product_cat-amiga-500-it","10":"product_cat-amiga-600-it","11":"product_cat-c64","12":"product_cat-mods-hw-amiga-it","13":"product_cat-varie","14":"product_tag-c64","15":"product_tag-gamepad","16":"product_tag-hid","17":"product_tag-hid2ami","18":"product_tag-mouse","19":"product_tag-usb","20":"product_shipping_class-maxi-lettera","22":"first","23":"instock","24":"taxable","25":"shipping-taxable","26":"purchasable","27":"product-type-variable"},"origins":[],"jetpack_sharing_enabled":true,"_links":{"self":[{"href":"https:\/\/www.retrobuddys.com\/it\/wp-json\/wp\/v2\/product\/9368","targetHints":{"allow":["GET"]}}],"collection":[{"href":"https:\/\/www.retrobuddys.com\/it\/wp-json\/wp\/v2\/product"}],"about":[{"href":"https:\/\/www.retrobuddys.com\/it\/wp-json\/wp\/v2\/types\/product"}],"wp:featuredmedia":[{"embeddable":true,"href":"https:\/\/www.retrobuddys.com\/it\/wp-json\/wp\/v2\/media\/9458"}],"wp:attachment":[{"href":"https:\/\/www.retrobuddys.com\/it\/wp-json\/wp\/v2\/media?parent=9368"}],"wp:term":[{"taxonomy":"product_brand","embeddable":true,"href":"https:\/\/www.retrobuddys.com\/it\/wp-json\/wp\/v2\/product_brand?post=9368"},{"taxonomy":"product_cat","embeddable":true,"href":"https:\/\/www.retrobuddys.com\/it\/wp-json\/wp\/v2\/product_cat?post=9368"},{"taxonomy":"product_tag","embeddable":true,"href":"https:\/\/www.retrobuddys.com\/it\/wp-json\/wp\/v2\/product_tag?post=9368"}],"curies":[{"name":"wp","href":"https:\/\/api.w.org\/{rel}","templated":true}]}}