{"id":8182,"date":"2025-09-11T19:25:08","date_gmt":"2025-09-11T19:25:08","guid":{"rendered":"https:\/\/www.retrobuddys.com\/?post_type=product&#038;p=8182"},"modified":"2026-02-08T16:01:27","modified_gmt":"2026-02-08T16:01:27","slug":"gottagofast-2000-8mb-fastram-per-amiga-2000-slot-zorro-nuovo-kopie","status":"publish","type":"product","link":"https:\/\/www.retrobuddys.com\/it\/shop\/mods-hw-amiga-it\/amiga-2000-it\/gottagofast-2000-8mb-fastram-per-amiga-2000-slot-zorro-nuovo-kopie\/","title":{"rendered":"Controller Ripple-IDE Zorro II Amiga2000\/3000\/4000"},"content":{"rendered":"<h3><strong>Controller Ripple-IDE per Zorro II Slot Amiga 2000\/3000\/4000<\/strong><\/h3>\n<p>Questo \u00e8 uno dei pi\u00f9 moderni controller IDE a slot Zorro II per Amiga 2000\/3000\/4000.<\/p>\n<p>A parit\u00e0 di disco rigido\/scheda CF, il trasferimento dei dati \u00e8 pi\u00f9 veloce dell&#8217;80% rispetto a una scheda TerribleFire.<\/p>\n<p>Caratteristiche:<\/p>\n<ul>\n<li>2 porte IDE<\/li>\n<li>Collegamento LED per HDD LED nell&#8217;alloggiamento<\/li>\n<li>2 ponticelli per l&#8217;alimentazione di +5V al pin 20 dei moduli CompactFlash\/IDE DOM<\/li>\n<li>Autoboat<\/li>\n<li>Funziona da Kickstart 1.3<\/li>\n<li>Supporta unit\u00e0 fino a 2TB (con un file system corrispondente!)<\/li>\n<li>Supporta le unit\u00e0 ATAPI come CD\/DVD rom, dischi zip, ecc.<\/li>\n<li>Pu\u00f2 avviarsi da CD (CDFileSystem o BootCDFileSystem devono essere installati)<\/li>\n<li>Semplice aggiornamento della ROM tramite uno strumento di shell<\/li>\n<li>Il driver del dispositivo lide.device direttamente dalla propria ROM<\/li>\n<li>Supporto SCSI Direct, NSD e TD64<\/li>\n<\/ul>\n<p>Ambito di consegna:<\/p>\n<ul>\n<li>Controllore IDE Ripple<\/li>\n<li>Brevi istruzioni per l&#8217;installazione<\/li>\n<\/ul>\n<p>Opzionale:<\/p>\n<ul>\n<li>Disco rigido Wester Digital Caviar 160GB ATA, 7200 rpm, 2MB cache, 3,5&#8243; (nuovo), cavo IDE da 30cm<\/li>\n<li>Disco rigido Seagate Barracuda 160GB SATA con adattatore, 7200 rpm, 8MB cache, 3,5&#8243; (nuovo), cavo IDE da 30cm<\/li>\n<li>Scheda CF da 4GB, adattatore per la sostituzione del disco rigido esterno, cavo IDE da 30 cm.<\/li>\n<li>Plug &amp; Play con harddisk\/CF card partizionato e formattato e installazione di AmigaOS 3.2.3 (3 partizioni, WB323 con 1-4GB, giochi (50%), lavoro (50%)) - se si desiderano altre partizioni si prega di specificare<\/li>\n<li>Licenza AmigaOS 3.2 + Kickstart Rom per Amiga 2000<\/li>\n<\/ul>\n<p>La scheda funziona con Kickstart 1.3 e integra una scheda TerribleFire e una PiStorm.<\/p>\n<p>La scheda ha un rivestimento in oro da 1U&#8221; per una maggiore durata.<\/p>\n<p>Per le partizioni e le unit\u00e0 con &gt; 4GB \u00e8 necessario un file system che supporti TD64, NSD o SCSI Direct. In AmigaOS 3.2 \u00e8 stato implementato il FFS, che funziona bene. Quello di AmigaOS3.1 non funziona! Altrimenti \u00e8 possibile utilizzare come file system PFS3, SFS o FFSTD64.   <\/p>\n<p>Gli hard disk che offriamo in questo set sono nuovi di zecca e nella loro confezione originale, anche se sono stati prodotti tra il 2007 e il 2011.<\/p>\n<p>L&#8217;estensione di memoria \u00e8 &#8220;hardware open source&#8221; ed \u00e8 stata sviluppata da Matt Harlum \/ LIV2.<br \/>\nI dettagli sul progetto sono disponibili su <a href=\"https:\/\/github.com\/LIV2\/RIPPLE-IDE\" target=\"_blank\" rel=\"noopener\">https:\/\/github.com\/LIV2\/RIPPLE-IDE<\/a> e <a href=\"https:\/\/github.com\/LIV2\/lide.device\/\" target=\"_blank\" rel=\"noopener\">https:\/\/github.com\/LIV2\/lide.device\/<\/a>.<\/p>\n<p>&nbsp;<\/p>\n","protected":false},"excerpt":{"rendered":"<h3><strong>Controller Ripple-IDE per Zorro II Slot Amiga 2000\/3000\/4000<\/strong><\/h3>\n<p>Questo \u00e8 uno dei pi\u00f9 moderni controller IDE a slot Zorro II per Amiga 2000\/3000\/4000.<\/p>\n","protected":false},"featured_media":8358,"template":"","meta":[],"product_brand":[],"product_cat":[451,733,439,436],"product_tag":[742,791,792],"class_list":{"0":"post-8182","1":"product","2":"type-product","3":"status-publish","4":"has-post-thumbnail","6":"product_cat-amiga-2000-it","7":"product_cat-disco-floppy-e-disco-rigido-ide","8":"product_cat-espansione-della-memoria","9":"product_cat-mods-hw-amiga-it","10":"product_tag-ide-it","11":"product_tag-ondulazione","12":"product_tag-zorro-it","13":"product_shipping_class-dhl-it","15":"first","16":"instock","17":"taxable","18":"shipping-taxable","19":"purchasable","20":"product-type-variable","21":"has-default-attributes"},"origins":[],"jetpack_sharing_enabled":true,"_links":{"self":[{"href":"https:\/\/www.retrobuddys.com\/it\/wp-json\/wp\/v2\/product\/8182","targetHints":{"allow":["GET"]}}],"collection":[{"href":"https:\/\/www.retrobuddys.com\/it\/wp-json\/wp\/v2\/product"}],"about":[{"href":"https:\/\/www.retrobuddys.com\/it\/wp-json\/wp\/v2\/types\/product"}],"wp:featuredmedia":[{"embeddable":true,"href":"https:\/\/www.retrobuddys.com\/it\/wp-json\/wp\/v2\/media\/8358"}],"wp:attachment":[{"href":"https:\/\/www.retrobuddys.com\/it\/wp-json\/wp\/v2\/media?parent=8182"}],"wp:term":[{"taxonomy":"product_brand","embeddable":true,"href":"https:\/\/www.retrobuddys.com\/it\/wp-json\/wp\/v2\/product_brand?post=8182"},{"taxonomy":"product_cat","embeddable":true,"href":"https:\/\/www.retrobuddys.com\/it\/wp-json\/wp\/v2\/product_cat?post=8182"},{"taxonomy":"product_tag","embeddable":true,"href":"https:\/\/www.retrobuddys.com\/it\/wp-json\/wp\/v2\/product_tag?post=8182"}],"curies":[{"name":"wp","href":"https:\/\/api.w.org\/{rel}","templated":true}]}}