{"id":7318,"date":"2025-02-01T11:04:22","date_gmt":"2025-02-01T11:04:22","guid":{"rendered":"https:\/\/www.retrobuddys.com\/shop\/senza-categoria\/pistorm-500-per-amiga-500-500-raccolta-fondi\/"},"modified":"2025-02-01T11:04:22","modified_gmt":"2025-02-01T11:04:22","slug":"pistorm-500-per-amiga-500-500-raccolta-fondi","status":"publish","type":"product","link":"https:\/\/www.retrobuddys.com\/it\/shop\/pistorm-it-2\/pistorm-500-per-amiga-500-500-raccolta-fondi\/","title":{"rendered":"PiStorm 500 per Amiga 500\/500+ *Raccolta fondi*"},"content":{"rendered":"<p><strong>*Fund pit* PCB di colore verde - Restituzione testata con garanzia completa<\/strong><\/p>\n<p>La PiStorm 500 Rev B utilizza un Raspberry Pi come acceleratore di processore\/&#8221;scheda turbo&#8221;, scheda grafica RTG e come interfaccia per il disco rigido dell&#8217;Amiga 500\/2000. Un Raspberry Pi 3a+ \u00e8 obbligatorio per il funzionamento, ma non \u00e8 incluso nella confezione standard. Tuttavia, pu\u00f2 essere ordinato come opzione. Pistorm 500 \u00e8 compatibile con Raspberry Pi 3A+ e Rapberry PI Zero2WH (prestazioni inferiori).<\/p>\n<p><strong>Caratteristiche<\/strong><\/p>\n<ul>\n<li>Compatibile con Amiga 500, Amiga 500+ e Amiga 2000. Si consiglia un Amiga 500 Rev6A o 8 o un Amiga 2000 Rev6.<\/li>\n<li>68020 (23MIPS) con configurazione standard<\/li>\n<li>Opzioni di configurazione di pi\u00f9 processori (68020\/68030\/68040)<\/li>\n<li>fino a 128 MB di memoria Z3<\/li>\n<li>Uscita della scheda grafica RTG con modalit\u00e0 ad alta risoluzione tramite HDMI.<\/li>\n<li>Scheda WLAN per collegare Amiga a Internet o a una rete LAN.<\/li>\n<\/ul>\n<p><strong>Prerequisiti<\/strong><\/p>\n<ul>\n<li>Computer Amiga 500, 500+ o 2000<\/li>\n<li>RaspberryPi 3A+<\/li>\n<li>Scheda SD da 8GB<\/li>\n<li>PiStorm Github<a href=\"https:\/\/github.com\/captain-amygdala\/pistorm\" target=\"_blank\" rel=\"noopener\">(https:\/\/github.com\/captain-amygdala\/pistorm)<\/a><\/li>\n<li>AmigaOS 3.1 o superiore<\/li>\n<li>WinUAE per la configurazione sul PC<\/li>\n<\/ul>\n<p><strong>Opzionale<\/strong><\/p>\n<ul>\n<li>Adattatore LazaruStorm per il collegamento esterno del PiStorm all&#8217;Amiga 500 Rev6a o 8<\/li>\n<li>Amiga OS 3.2.2.1 preconfigurato da scheda SD<\/li>\n<li>CaffeineOS preconfigurato su scheda SD<\/li>\n<li>Cavo FPV per estendere le porte della Raspi<\/li>\n<li>Relocatore CPU<\/li>\n<\/ul>\n<p>Il PiStorm \u00e8 stato sviluppato dal team guidato da Claude Schwarz, Niklas Ekstr\u00f6m e altri. Siamo felici di offrire un piccolo sostegno a questo progetto eccezionale.<\/p>\n<p>Le FAQ di Retro Buddys PiStorm sono disponibili qui <a href=\"https:\/\/www.retrobuddys.com\/2025\/01\/02\/pistorm-faq\/\" target=\"_blank\" rel=\"noopener\">https:\/\/www.retrobuddys.com\/2025\/01\/02\/pistorm-faq\/<\/a><\/p>\n<p>Produciamo internamente gli adattatori PiStorm.<\/p>\n","protected":false},"excerpt":{"rendered":"<p><strong>*Fund pit* PCB di colore verde - Restituzione testata con garanzia completa<\/strong><\/p>\n<p>La PiStorm 500 Rev B utilizza un Raspberry Pi come acceleratore di processore\/&#8221;scheda turbo&#8221;, scheda grafica RTG e come interfaccia per il disco rigido dell&#8217;Amiga 500\/2000. Un Raspberry Pi 3a+ \u00e8 obbligatorio per il funzionamento, ma non \u00e8 incluso nella confezione standard. Tuttavia, pu\u00f2 essere ordinato come opzione. Pistorm 500 \u00e8 compatibile con Raspberry Pi 3A+ e Rapberry PI Zero2WH (prestazioni inferiori).<\/p>\n","protected":false},"featured_media":3706,"template":"","meta":[],"product_brand":[],"product_cat":[519,668],"product_tag":[],"class_list":{"0":"post-7318","1":"product","2":"type-product","3":"status-publish","4":"has-post-thumbnail","6":"product_cat-pistorm-it-2","7":"product_cat-un-tesoro","8":"product_shipping_class-dhl-it","10":"first","11":"outofstock","12":"taxable","13":"shipping-taxable","14":"purchasable","15":"product-type-simple"},"jetpack_sharing_enabled":true,"_links":{"self":[{"href":"https:\/\/www.retrobuddys.com\/it\/wp-json\/wp\/v2\/product\/7318","targetHints":{"allow":["GET"]}}],"collection":[{"href":"https:\/\/www.retrobuddys.com\/it\/wp-json\/wp\/v2\/product"}],"about":[{"href":"https:\/\/www.retrobuddys.com\/it\/wp-json\/wp\/v2\/types\/product"}],"wp:featuredmedia":[{"embeddable":true,"href":"https:\/\/www.retrobuddys.com\/it\/wp-json\/wp\/v2\/media\/3706"}],"wp:attachment":[{"href":"https:\/\/www.retrobuddys.com\/it\/wp-json\/wp\/v2\/media?parent=7318"}],"wp:term":[{"taxonomy":"product_brand","embeddable":true,"href":"https:\/\/www.retrobuddys.com\/it\/wp-json\/wp\/v2\/product_brand?post=7318"},{"taxonomy":"product_cat","embeddable":true,"href":"https:\/\/www.retrobuddys.com\/it\/wp-json\/wp\/v2\/product_cat?post=7318"},{"taxonomy":"product_tag","embeddable":true,"href":"https:\/\/www.retrobuddys.com\/it\/wp-json\/wp\/v2\/product_tag?post=7318"}],"curies":[{"name":"wp","href":"https:\/\/api.w.org\/{rel}","templated":true}]}}