{"id":6675,"date":"2024-12-28T16:29:20","date_gmt":"2024-12-28T16:29:20","guid":{"rendered":"https:\/\/www.retrobuddys.com\/?post_type=product&#038;p=6675"},"modified":"2024-12-28T16:33:39","modified_gmt":"2024-12-28T16:33:39","slug":"modulo-raspberry-cm4-2gb-senza-wlan-kopie","status":"publish","type":"product","link":"https:\/\/www.retrobuddys.com\/it\/shop\/un-tesoro\/modulo-raspberry-cm4-2gb-senza-wlan-kopie\/","title":{"rendered":"Modulo Raspberry CM4 2GB, 16GB eMMC e WLAN"},"content":{"rendered":"<p><b>Modulo di calcolo 4<\/b><\/p>\n<p>La potenza di Raspberry Pi 4 in un formato compatto per applicazioni embedded. Il Raspberry Pi Compute Module 4 include un processore quad-core ARM Cortex-A72, una doppia uscita video e un&#8217;ampia gamma di altre interfacce. \u00c8 disponibile in 32 varianti, con diverse opzioni di RAM e flash eMMC e con o senza connettivit\u00e0 wireless. La scheda Raspberry Pi Compute Module 4 IO \u00e8 un prezioso strumento di sviluppo. La scheda IO fornisce tutte le interfacce del Compute Module 4 e costituisce una piattaforma di sviluppo e una scheda base di riferimento per il nostro modulo di calcolo pi\u00f9 potente. \u00c8 inoltre progettata per essere integrata nei prodotti finali. Il modulo CM4 qui offerto ha 2 GB di RAM, 16 GB di Flash eMMC e un modulo WLAN.  <\/p>\n","protected":false},"excerpt":{"rendered":"<p>Modulo Raspberry CM4 2GB, 16GB eMMC e WLAN<\/p>\n","protected":false},"featured_media":0,"template":"","meta":[],"product_brand":[],"product_cat":[668],"product_tag":[567,481,673],"class_list":{"0":"post-6675","1":"product","2":"type-product","3":"status-publish","5":"product_cat-un-tesoro","6":"product_tag-cm4-it","7":"product_tag-lampone","8":"product_tag-un-tesoro","9":"product_shipping_class-dhl-it","11":"first","12":"outofstock","13":"taxable","14":"shipping-taxable","15":"purchasable","16":"product-type-simple"},"jetpack_sharing_enabled":true,"_links":{"self":[{"href":"https:\/\/www.retrobuddys.com\/it\/wp-json\/wp\/v2\/product\/6675","targetHints":{"allow":["GET"]}}],"collection":[{"href":"https:\/\/www.retrobuddys.com\/it\/wp-json\/wp\/v2\/product"}],"about":[{"href":"https:\/\/www.retrobuddys.com\/it\/wp-json\/wp\/v2\/types\/product"}],"wp:attachment":[{"href":"https:\/\/www.retrobuddys.com\/it\/wp-json\/wp\/v2\/media?parent=6675"}],"wp:term":[{"taxonomy":"product_brand","embeddable":true,"href":"https:\/\/www.retrobuddys.com\/it\/wp-json\/wp\/v2\/product_brand?post=6675"},{"taxonomy":"product_cat","embeddable":true,"href":"https:\/\/www.retrobuddys.com\/it\/wp-json\/wp\/v2\/product_cat?post=6675"},{"taxonomy":"product_tag","embeddable":true,"href":"https:\/\/www.retrobuddys.com\/it\/wp-json\/wp\/v2\/product_tag?post=6675"}],"curies":[{"name":"wp","href":"https:\/\/api.w.org\/{rel}","templated":true}]}}