{"id":6657,"date":"2024-12-28T16:17:58","date_gmt":"2024-12-28T16:17:58","guid":{"rendered":"https:\/\/www.retrobuddys.com\/?post_type=product&#038;p=6657"},"modified":"2024-12-28T16:25:33","modified_gmt":"2024-12-28T16:25:33","slug":"azionamento-gotek-con-display-da-096-e-manopola-rotante-kopie","status":"publish","type":"product","link":"https:\/\/www.retrobuddys.com\/it\/shop\/gotek-it\/azionamento-gotek-con-display-da-096-e-manopola-rotante-kopie\/","title":{"rendered":"Unit\u00e0 Gotek con display a 7 cifre AT-415 - Fundgrube"},"content":{"rendered":"<p><span style=\"font-family: Arial; font-size: large;\"><b><br \/>\nUnit\u00e0 Gotek Amiga con display a 7 cifre *AT-415* Emulatore floppy USB ADF Amiga<\/b><\/span><\/p>\n<p>5<b>00\/500+\/600\/1200\/2000<\/b> Emulatore floppy Gotek USB per la riproduzione diretta di file ADF dalla chiavetta USB. \u00c8 installato un display a 7 cifre. Il colore dell&#8217;alloggiamento \u00e8 nero). Emulatore floppy Gotek per la riproduzione diretta di file ADF dalla chiavetta USB<\/p>\n<p>Sull&#8217;unit\u00e0 \u00e8 gi\u00e0 installato l&#8217;ultimo firmware FlashFloppy 3.38. I dettagli sul firmware FlashFloppy sono disponibili qui =&gt; https:\/\/github.com\/keirf\/flashfloppy<\/p>\n<p><b>Come viene utilizzato il drive Gotek?<\/b><\/p>\n<p>\u00c8 molto semplice: sostituite l&#8217;unit\u00e0 floppy originale con questa unit\u00e0 floppy USB o collegatela tramite un adattatore esterno. \u00c8 necessario copiare i file ADF preferiti su una chiavetta USB del PC e il display OLED fornisce ulteriori informazioni sul processo di caricamento oltre al nome del file corrente.<strong><br \/>\n<\/strong><\/p>\n<p><strong>Ambito di fornitura:<\/strong><\/p>\n<ul>\n<li>Emulatore floppy USB GOTEK<\/li>\n<li>Processore AT-415 (&#8220;Corona Gotek&#8221;)<\/li>\n<li>Display a 7 cifre<\/li>\n<\/ul>\n<p><strong>Attenzione:<\/strong><\/p>\n<p>L&#8217;unit\u00e0 \u00e8 leggermente pi\u00f9 grande di un&#8217;unit\u00e0 standard da 3,5&#8243; (unit\u00e0 PC standard) con cornice. Non pu\u00f2 quindi essere inserito in uno slot da 3,5&#8243; (Amiga 2000, Amiga 1200, versioni tower).<br \/>\nDa noi \u00e8 possibile acquistare anche cavi floppy lunghi, selettori di avvio DF0 DF1, chiavette USB, cavi di alimentazione, adattatori esterni e molto altro ancora. Contattateci.<\/p>\n","protected":false},"excerpt":{"rendered":"<p><wbr><\/wbr>Emulatore floppy Amiga Gotek drive USB nero Amiga 500\/500+\/600\/1 200\/2000 - display a 7 cifre, AT-415<\/p>\n","protected":false},"featured_media":3548,"template":"","meta":[],"product_brand":[],"product_cat":[453,668],"product_tag":[442,454,673],"class_list":{"0":"post-6657","1":"product","2":"type-product","3":"status-publish","4":"has-post-thumbnail","6":"product_cat-gotek-it","7":"product_cat-un-tesoro","8":"product_tag-amiga-it","9":"product_tag-gotek-it","10":"product_tag-un-tesoro","11":"product_shipping_class-dhl-it","13":"first","14":"outofstock","15":"taxable","16":"shipping-taxable","17":"purchasable","18":"product-type-simple"},"origins":[],"jetpack_sharing_enabled":true,"_links":{"self":[{"href":"https:\/\/www.retrobuddys.com\/it\/wp-json\/wp\/v2\/product\/6657","targetHints":{"allow":["GET"]}}],"collection":[{"href":"https:\/\/www.retrobuddys.com\/it\/wp-json\/wp\/v2\/product"}],"about":[{"href":"https:\/\/www.retrobuddys.com\/it\/wp-json\/wp\/v2\/types\/product"}],"wp:featuredmedia":[{"embeddable":true,"href":"https:\/\/www.retrobuddys.com\/it\/wp-json\/wp\/v2\/media\/3548"}],"wp:attachment":[{"href":"https:\/\/www.retrobuddys.com\/it\/wp-json\/wp\/v2\/media?parent=6657"}],"wp:term":[{"taxonomy":"product_brand","embeddable":true,"href":"https:\/\/www.retrobuddys.com\/it\/wp-json\/wp\/v2\/product_brand?post=6657"},{"taxonomy":"product_cat","embeddable":true,"href":"https:\/\/www.retrobuddys.com\/it\/wp-json\/wp\/v2\/product_cat?post=6657"},{"taxonomy":"product_tag","embeddable":true,"href":"https:\/\/www.retrobuddys.com\/it\/wp-json\/wp\/v2\/product_tag?post=6657"}],"curies":[{"name":"wp","href":"https:\/\/api.w.org\/{rel}","templated":true}]}}