{"id":5498,"date":"2024-05-22T07:51:07","date_gmt":"2024-05-22T07:51:07","guid":{"rendered":"https:\/\/www.retrobuddys.com\/?post_type=product&#038;p=5498"},"modified":"2026-03-23T06:04:27","modified_gmt":"2026-03-23T06:04:27","slug":"sandisk-extreme-microsdhc-64-gb-con-communityos-2","status":"publish","type":"product","link":"https:\/\/www.retrobuddys.com\/it\/shop\/memoria-memory-stick\/sandisk-extreme-microsdhc-64-gb-con-communityos-2\/","title":{"rendered":"SanDisk Extreme microSDHC 64 GB con CommunityOS"},"content":{"rendered":"<ul>\n<li><span class=\"a-list-item\">La scheda di memoria microSDHC \u00e8 il compagno ideale per le nostre PiStorm.<\/span><\/li>\n<li>L&#8217;ultima versione di CommunityOS \u00e8 installata (il risveglio con caff\u00e8 e cola da parte del nostro capitano \ud83d\ude42 )<\/li>\n<li>Solo per chi ha gi\u00e0 acquistato una PiStorm da noi!<\/li>\n<li>Ci scusiamo per il prezzo: attualmente le schede SD sono incredibilmente costose.<\/li>\n<\/ul>\n<p>Ci riserviamo il diritto di cancellare gli ordini effettuati con la carta senza aver prima acquistato una PiStorm da noi.<\/p>\n<p>Il file torrent attuale pu\u00f2 essere scaricato da <a href=\"https:\/\/bit.ly\/m\/CaffeineOS\" target=\"_blank\" rel=\"noopener\">https:\/\/bit.ly\/m\/CaffeineOS.<\/a> \u00c8 preparato in modo ottimale per le schede SD da 64 GB di SanDisk. <\/p>\n","protected":false},"excerpt":{"rendered":"<p>La scheda di memoria microSDHC \u00e8 il compagno ideale per le nostre PiStorm. L&#8217;ultima versione di CommunityOS \u00e8 installata (il risveglio con caff\u00e8 e cola da parte del nostro capitano \ud83d\ude42 ) Solo per chi ha gi\u00e0 acquistato una PiStorm da noi! Ci scusiamo per il prezzo: attualmente le schede SD sono incredibilmente costose. Ci [&#8230;]\n","protected":false},"featured_media":5753,"template":"","meta":[],"product_brand":[],"product_cat":[437,519],"product_tag":[634,457],"class_list":{"0":"post-5498","1":"product","2":"type-product","3":"status-publish","4":"has-post-thumbnail","6":"product_cat-memoria-memory-stick","7":"product_cat-pistorm-it-2","8":"product_tag-caffeinaos","9":"product_tag-pistorm-it","10":"product_shipping_class-lettera-grande","12":"first","13":"outofstock","14":"taxable","15":"shipping-taxable","16":"purchasable","17":"product-type-simple"},"origins":[],"jetpack_sharing_enabled":true,"_links":{"self":[{"href":"https:\/\/www.retrobuddys.com\/it\/wp-json\/wp\/v2\/product\/5498","targetHints":{"allow":["GET"]}}],"collection":[{"href":"https:\/\/www.retrobuddys.com\/it\/wp-json\/wp\/v2\/product"}],"about":[{"href":"https:\/\/www.retrobuddys.com\/it\/wp-json\/wp\/v2\/types\/product"}],"wp:featuredmedia":[{"embeddable":true,"href":"https:\/\/www.retrobuddys.com\/it\/wp-json\/wp\/v2\/media\/5753"}],"wp:attachment":[{"href":"https:\/\/www.retrobuddys.com\/it\/wp-json\/wp\/v2\/media?parent=5498"}],"wp:term":[{"taxonomy":"product_brand","embeddable":true,"href":"https:\/\/www.retrobuddys.com\/it\/wp-json\/wp\/v2\/product_brand?post=5498"},{"taxonomy":"product_cat","embeddable":true,"href":"https:\/\/www.retrobuddys.com\/it\/wp-json\/wp\/v2\/product_cat?post=5498"},{"taxonomy":"product_tag","embeddable":true,"href":"https:\/\/www.retrobuddys.com\/it\/wp-json\/wp\/v2\/product_tag?post=5498"}],"curies":[{"name":"wp","href":"https:\/\/api.w.org\/{rel}","templated":true}]}}