{"id":4824,"date":"2024-01-27T06:53:07","date_gmt":"2024-01-27T06:53:07","guid":{"rendered":"https:\/\/www.retrobuddys.com\/?post_type=product&#038;p=4824"},"modified":"2026-04-30T13:42:01","modified_gmt":"2026-04-30T13:42:01","slug":"pistorm600-per-amiga-600-kopie","status":"publish","type":"product","link":"https:\/\/www.retrobuddys.com\/it\/shop\/mods-hw-amiga-it\/amiga-2000-it\/pistorm600-per-amiga-600-kopie\/","title":{"rendered":"TerribleFire TF536 per Amiga 500\/500+\/2000"},"content":{"rendered":"<h3><strong>Scheda acceleratore TerribleFire TF 536 *nuovo*<\/strong><\/h3>\n<p>La scheda acceleratrice Terrible Fire 536 \u00e8 stata sviluppata per essere installata in un Amiga 500\/500+ o Amiga 2000. Offre una vera e propria CPU Motorola 68030 (con MMU) con clock a 50 MHz, 64 MB di RAM e una connessione IDE a 44 pin da 2,5&#8243; per dischi rigidi e adattatori CF.<\/p>\n<p>Nell&#8217;Amiga 2000 la CPU deve essere rimossa e la scheda TerribleFire deve essere inserita nella presa CoProcessor - l&#8217;adattatore \u00e8 incluso quando si sceglie Amiga2000.<\/p>\n<p>La scheda acceleratore Terrible Fire 536 include il nostro nuovo adattatore per il riposizionamento della CPU, che consente di installare l&#8217;acceleratore in un Amiga 500 con case e tastiera originali. Se volete aggiungere 512 o 1 MB di RAM CHIP, date un&#8217;occhiata alle nostre espansioni di memoria Trapdoor per Amiga 500 e Amiga 500 Plus. Sono il complemento perfetto per il Terribile Acceleratore di Fuoco. Con 512kb di chipram la scheda non \u00e8 molto &#8220;divertente&#8221; nell&#8217;Amiga 500.<\/p>\n<p>Con la nostra nuova soluzione basata sull&#8217;adattatore LazaruStorm, il nostro adattatore RGB2HDMI funziona perfettamente ed \u00e8 possibile scambiare la scheda CF in modo semplice e piacevole. Una soluzione interna (TF536+RGB2HDMI) nell&#8217;Amiga500 non \u00e8 ancora possibile per motivi di spazio. Tieni presente che l&#8217;adattatore LazaruStorm \u00e8 un &#8220;hardware hack&#8221; (possono verificarsi instabilit\u00e0 con una CPU 68k collegata ulteriormente), funziona solo con Rev 6a o superiore e deve essere saldato sulla scheda madre.  <\/p>\n<p><strong>Caratteristiche<\/strong><\/p>\n<ul>\n<li>Per Amiga 500\/500+\/2000<\/li>\n<li>Ram veloce da 64 MB a bordo<\/li>\n<li>CPU 68030 con 50 MHz<\/li>\n<li>Controller IDE a 44 pin per dischi rigidi o schede CF\/SD<\/li>\n<\/ul>\n<p><strong>Prerequisiti<\/strong><\/p>\n<ul>\n<li>Amiga 500\/500+\/2000<\/li>\n<li>Kickstart 2.05, 3.0, 3.1, 3.1.4, 3.2, 3.2.1 o 3.2.2.<\/li>\n<li>AmigaOS 3.1 o superiore<\/li>\n<\/ul>\n<p><strong>Opzionale<\/strong><\/p>\n<ul>\n<li>Amiga OS 3.2.2.1 preconfigurato su scheda CF con 3.2 Kickstart ROM 47.111 per Amiga 500\/600\/2000<\/li>\n<li>soluzione esterna con adattatore LazaruStorm e custodia per Amiga500<\/li>\n<\/ul>\n<p><strong>Ambito di consegna<\/strong><\/p>\n<ul>\n<li>Adattatore TF536 per Amiga 500\/500+\/2000<\/li>\n<li>CPU 68030 RC50 a 50 MHz<\/li>\n<li>Relocatore CPU<\/li>\n<li>Cavo IDE da 2,5&#8243; da 5 cm e adattatore da IDE a CF<\/li>\n<\/ul>\n<p><strong>Documentazione<\/strong><\/p>\n<ul>\n<li>Il TerribleFire TF536 \u00e8 un adattatore plug &amp; play, le istruzioni di installazione sono incluse.<\/li>\n<\/ul>\n<p>Il TF536 \u00e8 stato sviluppato da Stephen Leary. Siamo lieti di fornire il nostro supporto a questo straordinario progetto e di produrre internamente gli adattatori.<\/p>\n","protected":false},"excerpt":{"rendered":"<h3><strong>Scheda acceleratore TerribleFire TF 536 *nuovo*<\/strong><\/h3>\n<p>La scheda acceleratrice Terrible Fire 536 \u00e8 stata sviluppata per essere installata in un Amiga 500\/500+ o Amiga 2000. Offre una vera e propria CPU Motorola 68030 (con MMU) con clock a 50 MHz, 64 MB di RAM e una connessione IDE a 44 pin da 2,5&#8243; per dischi rigidi e adattatori CF.<\/p>\n<p>&nbsp;<\/p>\n","protected":false},"featured_media":4918,"template":"","meta":[],"product_brand":[],"product_cat":[451,449,436,557],"product_tag":[442,559,558,484],"class_list":{"0":"post-4824","1":"product","2":"type-product","3":"status-publish","4":"has-post-thumbnail","6":"product_cat-amiga-2000-it","7":"product_cat-amiga-500-it","8":"product_cat-mods-hw-amiga-it","9":"product_cat-terribilefuoco","10":"product_tag-amiga-it","11":"product_tag-terribilefuoco","12":"product_tag-tf-it","13":"product_tag-turbo-it","14":"product_shipping_class-dhl-it","16":"first","17":"instock","18":"taxable","19":"shipping-taxable","20":"purchasable","21":"product-type-variable","22":"has-default-attributes"},"origins":[],"jetpack_sharing_enabled":true,"_links":{"self":[{"href":"https:\/\/www.retrobuddys.com\/it\/wp-json\/wp\/v2\/product\/4824","targetHints":{"allow":["GET"]}}],"collection":[{"href":"https:\/\/www.retrobuddys.com\/it\/wp-json\/wp\/v2\/product"}],"about":[{"href":"https:\/\/www.retrobuddys.com\/it\/wp-json\/wp\/v2\/types\/product"}],"wp:featuredmedia":[{"embeddable":true,"href":"https:\/\/www.retrobuddys.com\/it\/wp-json\/wp\/v2\/media\/4918"}],"wp:attachment":[{"href":"https:\/\/www.retrobuddys.com\/it\/wp-json\/wp\/v2\/media?parent=4824"}],"wp:term":[{"taxonomy":"product_brand","embeddable":true,"href":"https:\/\/www.retrobuddys.com\/it\/wp-json\/wp\/v2\/product_brand?post=4824"},{"taxonomy":"product_cat","embeddable":true,"href":"https:\/\/www.retrobuddys.com\/it\/wp-json\/wp\/v2\/product_cat?post=4824"},{"taxonomy":"product_tag","embeddable":true,"href":"https:\/\/www.retrobuddys.com\/it\/wp-json\/wp\/v2\/product_tag?post=4824"}],"curies":[{"name":"wp","href":"https:\/\/api.w.org\/{rel}","templated":true}]}}