{"id":4495,"date":"2024-01-03T21:14:28","date_gmt":"2024-01-03T21:14:28","guid":{"rendered":"https:\/\/www.retrobuddys.com\/?post_type=product&#038;p=4495"},"modified":"2026-02-08T15:59:21","modified_gmt":"2026-02-08T15:59:21","slug":"pistorm32-lite-per-amiga-1200-kopie-kopie","status":"publish","type":"product","link":"https:\/\/www.retrobuddys.com\/it\/shop\/mods-hw-amiga-it\/amiga-600-it\/pistorm32-lite-per-amiga-1200-kopie-kopie\/","title":{"rendered":"PiStorm600 per Amiga 600 *BLACK*"},"content":{"rendered":"<h3><strong>PiStorm600 per Amiga 600 *nuovo*<\/strong><\/h3>\n<p>PiStorm600 per Amiga 600 utilizza un Raspberry Pi come acceleratore di processore\/&#8221;scheda turbo&#8221;, scheda grafica RTG e interfaccia per il disco rigido ed \u00e8 stato sviluppato appositamente per Amiga 600.<br \/>\nUn Raspberry Pi 3a+ o Raspberry Zero2WH \u00e8 essenziale per il funzionamento, ma non \u00e8 incluso nella confezione standard. Tuttavia, \u00e8 possibile ordinarlo come opzione. Utilizziamo solo le prese AMP molto robuste, in modo che il PiStorm600 non debba essere fissato ulteriormente alla scheda madre.<\/p>\n<p>Colore attuale del PCB: Nero \/ NERO (le immagini in rosso sono solo un riferimento)<\/p>\n<p><strong>Caratteristiche<\/strong><\/p>\n<ul>\n<li>Per Amiga 600<\/li>\n<li>68020 (~23MIPS) con configurazione standard e fino a 68040 con ~2000 MIPS<\/li>\n<li>Opzioni di configurazione di pi\u00f9 processori (68020\/68030\/68040)<\/li>\n<li>Fino a 128 MB di memoria<\/li>\n<li>Uscita della scheda grafica RTG con modalit\u00e0 ad alta risoluzione tramite HDMI.<\/li>\n<li>Scheda WLAN per collegare l&#8217;Amiga a Internet o a una LAN (Musashi - non funziona ancora con EMU68)<\/li>\n<\/ul>\n<p><strong>Prerequisiti<\/strong><\/p>\n<ul>\n<li>Amiga 600<\/li>\n<li>Kickstart 2.05, 3.0, 3.1, 3.1.4, 3.2, 3.2.1 o 3.2.2.<\/li>\n<li>Scheda SD da 8GB<\/li>\n<li>PiStorm Github<a href=\"https:\/\/github.com\/captain-amygdala\/pistorm\" target=\"_blank\" rel=\"noopener\">(https:\/\/github.com\/captain-amygdala\/pistorm)<\/a><\/li>\n<li>AmigaOS 3.1 o superiore<\/li>\n<li>WinUAE per la configurazione sul PC<\/li>\n<\/ul>\n<p><strong>Opzionale<\/strong><\/p>\n<ul>\n<li>Amiga OS 3.2.3 preconfigurato sulla scheda SD<\/li>\n<li>Scheda SD da 64 GB con l&#8217;ultima versione di CommunityOS installata (il risveglio con caff\u00e8 e cola del nostro capitano \ud83d\ude42 )<\/li>\n<li>Cavo di estensione FPV SD + HDMI<\/li>\n<\/ul>\n<p><strong>Ambito di consegna<\/strong><\/p>\n<ul>\n<li>Adattatore PiStorm600 per Amiga 600<\/li>\n<li>2 viti M2,5 da 8 mm<\/li>\n<li>2 x distanziatore<\/li>\n<\/ul>\n<p><strong>Documentazione<\/strong><\/p>\n<ul>\n<li>La documentazione sul progetto \u00e8 disponibile qui: <a href=\"https:\/\/github.com\/captain-amygdala\/pistorm\" target=\"_blank\" rel=\"noopener\">https:\/\/github.com\/captain-amygdala\/pistorm<\/a><\/li>\n<li>Il software Emu68 di Michal Schulz \u00e8 disponibile qui <a href=\"https:\/\/github.com\/michalsc\/Emu68\" target=\"_blank\" rel=\"noopener\">https:\/\/github.com\/michalsc\/Emu68<\/a>.<\/li>\n<li>PiStorm600 di Leigh Russ <a href=\"https:\/\/github.com\/LemaruX\/PiStorm600\" target=\"_blank\" rel=\"noopener\">https:\/\/github.com\/LemaruX\/PiStorm600<\/a><\/li>\n<li>Le FAQ di Retro Buddy su PiStorm sono disponibili qui <a href=\"https:\/\/www.retrobuddys.com\/it\/2025\/01\/02\/pistorm-faq\/\" target=\"_blank\" rel=\"noopener\">https:\/\/www.retrobuddys.com\/2025\/01\/02\/pistorm-faq\/<\/a><\/li>\n<\/ul>\n<p>Il PiStorm \u00e8 stato sviluppato dal team guidato da Claude Schwarz, Michal Schulz e altri.<br \/>\nLa PiStorm 600 \u00e8 stata sviluppata da Leigh Russ \/ LemaruX sulla base della PiStorm 500. Siamo felici di offrire il nostro supporto a questo eccezionale progetto.<\/p>\n<p>Produciamo internamente gli adattatori PiStorm.<\/p>\n","protected":false},"excerpt":{"rendered":"<h3><strong>PiStorm600 per Amiga 600 *nuovo*<\/strong><\/h3>\n<p>PiStorm600 per Amiga 600 utilizza un Raspberry Pi come acceleratore di processore\/&#8221;scheda turbo&#8221;, scheda grafica RTG e interfaccia per il disco rigido ed \u00e8 stato sviluppato appositamente per Amiga 600.<br \/>\nUn Raspberry Pi 3a+ o Raspberry Zero2WH \u00e8 essenziale per il funzionamento, ma non \u00e8 incluso nella confezione standard. Tuttavia, \u00e8 possibile ordinarlo come opzione. Utilizziamo solo le prese AMP molto robuste, in modo che il PiStorm600 non debba essere fissato ulteriormente alla scheda madre.<\/p>\n","protected":false},"featured_media":8115,"template":"","meta":[],"product_brand":[],"product_cat":[438,436,519],"product_tag":[442,481,457,547,520,484],"class_list":{"0":"post-4495","1":"product","2":"type-product","3":"status-publish","4":"has-post-thumbnail","6":"product_cat-amiga-600-it","7":"product_cat-mods-hw-amiga-it","8":"product_cat-pistorm-it-2","9":"product_tag-amiga-it","10":"product_tag-lampone","11":"product_tag-pistorm-it","12":"product_tag-pistorm600-it","13":"product_tag-raspi-it","14":"product_tag-turbo-it","15":"product_shipping_class-dhl-it","17":"first","18":"instock","19":"taxable","20":"shipping-taxable","21":"purchasable","22":"product-type-variable","23":"has-default-attributes"},"jetpack_sharing_enabled":true,"_links":{"self":[{"href":"https:\/\/www.retrobuddys.com\/it\/wp-json\/wp\/v2\/product\/4495","targetHints":{"allow":["GET"]}}],"collection":[{"href":"https:\/\/www.retrobuddys.com\/it\/wp-json\/wp\/v2\/product"}],"about":[{"href":"https:\/\/www.retrobuddys.com\/it\/wp-json\/wp\/v2\/types\/product"}],"wp:featuredmedia":[{"embeddable":true,"href":"https:\/\/www.retrobuddys.com\/it\/wp-json\/wp\/v2\/media\/8115"}],"wp:attachment":[{"href":"https:\/\/www.retrobuddys.com\/it\/wp-json\/wp\/v2\/media?parent=4495"}],"wp:term":[{"taxonomy":"product_brand","embeddable":true,"href":"https:\/\/www.retrobuddys.com\/it\/wp-json\/wp\/v2\/product_brand?post=4495"},{"taxonomy":"product_cat","embeddable":true,"href":"https:\/\/www.retrobuddys.com\/it\/wp-json\/wp\/v2\/product_cat?post=4495"},{"taxonomy":"product_tag","embeddable":true,"href":"https:\/\/www.retrobuddys.com\/it\/wp-json\/wp\/v2\/product_tag?post=4495"}],"curies":[{"name":"wp","href":"https:\/\/api.w.org\/{rel}","templated":true}]}}