{"id":3794,"date":"2023-11-12T21:43:18","date_gmt":"2023-11-12T21:43:18","guid":{"rendered":"https:\/\/www.retrobuddys.com\/shop\/senza-categoria\/raspberry-pi-4-2gb-nuovo-amiga-pistorm32-pistorm1200\/"},"modified":"2026-02-08T15:58:42","modified_gmt":"2026-02-08T15:58:42","slug":"raspberry-pi-4-2gb-nuovo-amiga-pistorm","status":"publish","type":"product","link":"https:\/\/www.retrobuddys.com\/it\/shop\/componenti-basi-e-parti\/raspberry-pi-4-2gb-nuovo-amiga-pistorm\/","title":{"rendered":"Raspberry PI 4 2GB *NUOVO* Amiga PiStorm32 \/ PiStorm1200"},"content":{"rendered":"<p><span style=\"font-family: Tahoma;\"><u><strong>Raspberry Pi 4B \/ 2GB *NEW* Ideale per Amiga PiStorm32 \/ PiStorm1200<\/strong><\/u><\/span><\/p>\n<div>\n<div id=\"av_articletext\" class=\"clearfix\"><span class=\"artbesch\">Il Raspberry Pi ha venduto milioni di unit\u00e0 in tutto il mondo dalla sua prima uscita all&#8217;inizio del 2012 ed \u00e8 ancora estremamente popolare. Perch\u00e9 molti utenti di Raspberry Pi non hanno solo un computer a scheda singola a casa, ma a volte 4-5 di essi.<br \/>\n<\/span><span class=\"artbesch\">Con i suoi 2 GB di RAM, Raspberry Pi 4B \u00e8 il compagno ideale per PiStorm32 \/ PiStorm1200. *Il Raspberry Pi 4B non \u00e8 compatibile con gli altri modelli PiStorm, poich\u00e9 le porte sono d&#8217;intralcio!<\/span><\/div>\n<div class=\"clearfix\">\n<p>L<span class=\"artbesch\">&#8216;Amiga non pu\u00f2 indirizzare pi\u00f9 di 2 GB, quindi i modelli pi\u00f9 grandi non sono utili.<\/span><b>Nuovo Raspberry Pi 4 B<\/b> - 1,5 GHz ARM Cortex-A72 Quad-CPU - 2 GB, 4 GB o 8 GB LPDDR4 SDRAM - Gigabit LAN RJ45 (fino a 1000 Mbit) - Bluetooth 5. 0 - 2x USB 2 0 \/ 2x USB 3 0 - 2x microHDMI (1x 4k @60fps o 2x 4k @30fps) - 5V\/3A @ USB Type-C.<\/p>\n<p>0 - 2x USB 2.0 \/ 2x USB 3.0 - 2x microHDMI (1x 4k @60fps o 2x 4k @30fps) - 5V\/3A @ USB Type-C<\/p>\n<\/div>\n<\/div>\n","protected":false},"excerpt":{"rendered":"<p>Raspberry Pi 4B \/ 2GB *NEW* Ideale per Amiga PiStorm32 \/ PiStorm1200 Il Raspberry Pi ha venduto milioni di unit\u00e0 in tutto il mondo dalla sua prima uscita all&#8217;inizio del 2012 ed \u00e8 ancora estremamente popolare. Perch\u00e9 molti utenti di Raspberry Pi non hanno solo un computer a scheda singola a casa, ma a volte [&#8230;]\n","protected":false},"featured_media":3795,"template":"","meta":[],"product_brand":[],"product_cat":[486,519],"product_tag":[442,457,468,520],"class_list":{"0":"post-3794","1":"product","2":"type-product","3":"status-publish","4":"has-post-thumbnail","6":"product_cat-componenti-basi-e-parti","7":"product_cat-pistorm-it-2","8":"product_tag-amiga-it","9":"product_tag-pistorm-it","10":"product_tag-raspberry-pi-it","11":"product_tag-raspi-it","12":"product_shipping_class-dhl-it","14":"first","15":"instock","16":"taxable","17":"shipping-taxable","18":"purchasable","19":"product-type-simple"},"jetpack_sharing_enabled":true,"_links":{"self":[{"href":"https:\/\/www.retrobuddys.com\/it\/wp-json\/wp\/v2\/product\/3794","targetHints":{"allow":["GET"]}}],"collection":[{"href":"https:\/\/www.retrobuddys.com\/it\/wp-json\/wp\/v2\/product"}],"about":[{"href":"https:\/\/www.retrobuddys.com\/it\/wp-json\/wp\/v2\/types\/product"}],"wp:featuredmedia":[{"embeddable":true,"href":"https:\/\/www.retrobuddys.com\/it\/wp-json\/wp\/v2\/media\/3795"}],"wp:attachment":[{"href":"https:\/\/www.retrobuddys.com\/it\/wp-json\/wp\/v2\/media?parent=3794"}],"wp:term":[{"taxonomy":"product_brand","embeddable":true,"href":"https:\/\/www.retrobuddys.com\/it\/wp-json\/wp\/v2\/product_brand?post=3794"},{"taxonomy":"product_cat","embeddable":true,"href":"https:\/\/www.retrobuddys.com\/it\/wp-json\/wp\/v2\/product_cat?post=3794"},{"taxonomy":"product_tag","embeddable":true,"href":"https:\/\/www.retrobuddys.com\/it\/wp-json\/wp\/v2\/product_tag?post=3794"}],"curies":[{"name":"wp","href":"https:\/\/api.w.org\/{rel}","templated":true}]}}