{"id":3789,"date":"2023-11-05T21:09:25","date_gmt":"2023-11-05T21:09:25","guid":{"rendered":"https:\/\/www.retrobuddys.com\/shop\/senza-categoria\/commutatore-a-4-vie-amiga-500-6a-kickstart-eeprom-configurabile\/"},"modified":"2026-02-08T15:58:16","modified_gmt":"2026-02-08T15:58:16","slug":"4-vie-amiga-500-kickstart-switcher-configurabile","status":"publish","type":"product","link":"https:\/\/www.retrobuddys.com\/it\/shop\/mods-hw-amiga-it\/amiga-2000-it\/4-vie-amiga-500-kickstart-switcher-configurabile\/","title":{"rendered":"4 vie Amiga 500\/2000 da 6a\/4.5 Kickstart Switcher e EEprom configurabili"},"content":{"rendered":"<h1>Amiga 500 Rev 6a \/ Amiga 2000 dalla Rev. 4.5 Commutatore Kickstart 4 volte configurabile con 27C160 EEprom<\/h1>\n<p>A<strong>ttenzione! Dopo l&#8217;acquisto devi fornire una prova credibile di una licenza esistente per le versioni Kickstart<\/strong> (Cloanto o simili)! Se non hai una licenza per le versioni Kickstart, puoi ottenerla da Cloanto (ora purtroppo versione &#8220;Plus&#8221;).<\/p>\n<p>ROM diagnostico per Amiga di John Hertell. <\/p>\n<p>Ulteriori informazioni sono disponibili all&#8217;indirizzo: www.diagrom.com. Utilizziamo solo EEprom di alta qualit\u00e0 della serie 27C160 e le inseriamo in un socket a 42 pin di alta qualit\u00e0 con pin ruotati. Nota bene: per Amiga 500 Rev.5 scheda madre, \u00e8 necessario utilizzare un altro commutatore. Lo troverete tra i nostri articoli.<\/p>\n<p>Ambito di consegna:<\/p>\n<ul>\n<li>Kickstart Switcher per Amiga 500 Rev 6a<\/li>\n<li>27C160 EEprom con 4 banchi da 512kb ciascuno (3 versioni Kickstart + DiagRom) - liberamente configurabile<\/li>\n<li>2 interruttori di commutazione<\/li>\n<li>Istruzioni di installazione in tedesco<\/li>\n<li>Per Rev 8a \/ Amiga 500+ si prega di informarsi prima dell&#8217;ordine.<\/li>\n<li>Opzionale per Amiga 2000 con pannello slot per stampa 3D (Zorro Slot).<\/li>\n<\/ul>\n","protected":false},"excerpt":{"rendered":"<ul>\n<li>Kickstart Switcher per Amiga 500 Rev 6a \/ Amiga 500 Rev8a \/ Amiga 500+<\/li>\n<li>27C160 EEprom con 4 banchi da 512kb (3 versioni Kickstart + DiagRom)<\/li>\n<li>2 interruttori di commutazione<\/li>\n<li>Copri slot opzionale A2k<\/li>\n<\/ul>\n","protected":false},"featured_media":3632,"template":"","meta":[],"product_brand":[],"product_cat":[451,449,436],"product_tag":[442,479,480],"class_list":{"0":"post-3789","1":"product","2":"type-product","3":"status-publish","4":"has-post-thumbnail","6":"product_cat-amiga-2000-it","7":"product_cat-amiga-500-it","8":"product_cat-mods-hw-amiga-it","9":"product_tag-amiga-it","10":"product_tag-avviamento","11":"product_tag-commutatore","12":"product_shipping_class-dhl-it","14":"first","15":"instock","16":"taxable","17":"shipping-taxable","18":"purchasable","19":"product-type-variable","20":"has-default-attributes"},"origins":[],"jetpack_sharing_enabled":true,"_links":{"self":[{"href":"https:\/\/www.retrobuddys.com\/it\/wp-json\/wp\/v2\/product\/3789","targetHints":{"allow":["GET"]}}],"collection":[{"href":"https:\/\/www.retrobuddys.com\/it\/wp-json\/wp\/v2\/product"}],"about":[{"href":"https:\/\/www.retrobuddys.com\/it\/wp-json\/wp\/v2\/types\/product"}],"wp:featuredmedia":[{"embeddable":true,"href":"https:\/\/www.retrobuddys.com\/it\/wp-json\/wp\/v2\/media\/3632"}],"wp:attachment":[{"href":"https:\/\/www.retrobuddys.com\/it\/wp-json\/wp\/v2\/media?parent=3789"}],"wp:term":[{"taxonomy":"product_brand","embeddable":true,"href":"https:\/\/www.retrobuddys.com\/it\/wp-json\/wp\/v2\/product_brand?post=3789"},{"taxonomy":"product_cat","embeddable":true,"href":"https:\/\/www.retrobuddys.com\/it\/wp-json\/wp\/v2\/product_cat?post=3789"},{"taxonomy":"product_tag","embeddable":true,"href":"https:\/\/www.retrobuddys.com\/it\/wp-json\/wp\/v2\/product_tag?post=3789"}],"curies":[{"name":"wp","href":"https:\/\/api.w.org\/{rel}","templated":true}]}}