{"id":3761,"date":"2023-10-29T19:07:15","date_gmt":"2023-10-29T19:07:15","guid":{"rendered":"https:\/\/www.retrobuddys.com\/shop\/senza-categoria\/espansione-di-memoria-15mb-2mb-opzionale-con-rtc-per-amiga-500\/"},"modified":"2025-01-05T10:07:37","modified_gmt":"2025-01-05T10:07:37","slug":"espansione-di-memoria-2mb-amiga-500","status":"publish","type":"product","link":"https:\/\/www.retrobuddys.com\/it\/shop\/mods-hw-amiga-it\/amiga-500-it\/espansione-di-memoria-2mb-amiga-500\/","title":{"rendered":"Espansione di memoria 1,5MB\/2MB opzionale con RTC per AMIGA 500"},"content":{"rendered":"<p><span style=\"font-size: 100%;\"><b><span style=\"font-family: Tahoma;\">Espansione di memoria 1,5MB\/2MB per AMIGA 500 opzionale con RTC<\/span><\/b><\/span><\/p>\n<ul>\n<li><span style=\"font-family: Tahoma; font-size: 100%;\">1,5 MB sono &#8220;Memoria lenta&#8221;. La memoria lenta da 1 MB pu\u00f2 essere disattivata mediante un ponticello (rimane la memoria lenta da 0,5 MB).<\/span><\/li>\n<li>Ulteriori 0,5 MB possibili con la saldatura.<\/li>\n<li>Opzionalmente con RTC - Orologio in tempo reale<\/li>\n<li><span style=\"font-family: Tahoma; font-size: 100%;\">\n<p>Per l&#8217;installazione \u00e8 necessario svitare l&#8217;Amiga. Per la memoria lenta da 1,5 MB, il chip Gary deve essere estratto e posizionato sull&#8217;adattatore. Per la memoria aggiuntiva da 0,5 MB, \u00e8 necessario tagliare una traccia sulla scheda madre e saldare un ponticello. Per questo \u00e8 necessaria una mano ferma e abilit\u00e0 di saldatura. Il taglio netto del percorso del conduttore \u00e8 reversibile mediante un ponticello o un punto di saldatura.<br \/>\n<strong>ATTENZIONE:<\/strong> L&#8217;Amiga pu\u00f2 essere distrutto dalla conversione di saldatura. Non ci assumiamo alcuna responsabilit\u00e0 per saldature improprie!<br \/>\n<\/span><\/li>\n<li><strong>\u00c8 necessario un Agnus 8372A! (non sempre standard in Amiga Rev5)<\/strong><\/li>\n<li><span style=\"font-family: Tahoma; font-size: 100%;\">L&#8217;espansione di memoria \u00e8 installata nella &#8220;botola&#8221; sottostante.<\/span><\/li>\n<\/ul>\n<p><span style=\"font-size: 80%;\">Informazioni generali sulla legge sulle batterie (BattG)<\/span><br \/>\n<span style=\"font-size: 80%;\">La fornitura comprende una batteria, necessaria per il funzionamento. In relazione alla vendita di questa batteria, siamo tenuti a informare i nostri clienti di quanto segue, in conformit\u00e0 alla legge tedesca sulle batterie (BattG): Le batterie usate non devono essere smaltite con i rifiuti domestici. I consumatori sono obbligati per legge a portare le batterie in un punto di raccolta adeguato. Puoi anche inviare le tue batterie usate al nostro magazzino di spedizione (CompuSys GmbH, Hattsmoor 22, 22417 Amburgo). I rifiuti di batterie contengono materie prime preziose che possono essere riciclate. Le pile e le batterie ricaricabili non devono essere smaltite con i rifiuti domestici.  <\/span><br \/>\n<span style=\"font-size: 80%;\">Pb per piombo; Cd per cadmio; Hg per mercurio.<\/span><br \/>\n<span style=\"font-size: 80%;\">Questi simboli chimici indicano che \u00e8 stata superata una certa quantit\u00e0 limite delle sostanze chimiche specificate in questo tipo di batteria:<\/span><br \/>\n<span style=\"font-size: 80%;\">HG: pi\u00f9 dello 0,0005 % in peso di mercurio<\/span><br \/>\n<span style=\"font-size: 80%;\">Cd: pi\u00f9 dello 0,002 per cento in peso di cadmio<\/span><br \/>\n<span style=\"font-size: 80%;\">Pb: pi\u00f9 dello 0,004% di piombo in peso.<\/span><br \/>\n<span style=\"font-size: 80%;\">Troverete queste istruzioni anche nei documenti che accompagnano la spedizione.<\/span><\/p>\n","protected":false},"excerpt":{"rendered":"<p><span style=\"font-size: 100%;\"><b><span style=\"font-family: Tahoma;\">Estensione di memoria 1,5MB\/2MB per AMIGA 500 con RTC opzionale.  <\/span><\/b><\/span><\/p>\n","protected":false},"featured_media":3766,"template":"","meta":[],"product_brand":[],"product_cat":[449,439,436],"product_tag":[456,448],"class_list":{"0":"post-3761","1":"product","2":"type-product","3":"status-publish","4":"has-post-thumbnail","6":"product_cat-amiga-500-it","7":"product_cat-espansione-della-memoria","8":"product_cat-mods-hw-amiga-it","9":"product_tag-amiga-500-it","10":"product_tag-espansione-della-memoria","11":"product_shipping_class-dhl-it","13":"first","14":"instock","15":"taxable","16":"shipping-taxable","17":"purchasable","18":"product-type-variable","19":"has-default-attributes"},"origins":[],"jetpack_sharing_enabled":true,"_links":{"self":[{"href":"https:\/\/www.retrobuddys.com\/it\/wp-json\/wp\/v2\/product\/3761","targetHints":{"allow":["GET"]}}],"collection":[{"href":"https:\/\/www.retrobuddys.com\/it\/wp-json\/wp\/v2\/product"}],"about":[{"href":"https:\/\/www.retrobuddys.com\/it\/wp-json\/wp\/v2\/types\/product"}],"wp:featuredmedia":[{"embeddable":true,"href":"https:\/\/www.retrobuddys.com\/it\/wp-json\/wp\/v2\/media\/3766"}],"wp:attachment":[{"href":"https:\/\/www.retrobuddys.com\/it\/wp-json\/wp\/v2\/media?parent=3761"}],"wp:term":[{"taxonomy":"product_brand","embeddable":true,"href":"https:\/\/www.retrobuddys.com\/it\/wp-json\/wp\/v2\/product_brand?post=3761"},{"taxonomy":"product_cat","embeddable":true,"href":"https:\/\/www.retrobuddys.com\/it\/wp-json\/wp\/v2\/product_cat?post=3761"},{"taxonomy":"product_tag","embeddable":true,"href":"https:\/\/www.retrobuddys.com\/it\/wp-json\/wp\/v2\/product_tag?post=3761"}],"curies":[{"name":"wp","href":"https:\/\/api.w.org\/{rel}","templated":true}]}}