{"id":3693,"date":"2023-09-25T18:02:52","date_gmt":"2023-09-25T18:02:52","guid":{"rendered":"https:\/\/www.retrobuddys.com\/shop\/senza-categoria\/pistorm-per-amiga-500-amiga-500-e-amiga-2000\/"},"modified":"2026-03-13T06:53:10","modified_gmt":"2026-03-13T06:53:10","slug":"pistorm-amiga-500-2000","status":"publish","type":"product","link":"https:\/\/www.retrobuddys.com\/it\/shop\/mods-hw-amiga-it\/amiga-2000-it\/pistorm-amiga-500-2000\/","title":{"rendered":"PiStorm per Amiga 500 Amiga 500+ e Amiga 2000"},"content":{"rendered":"<p><span style=\"font-size: 110%;\"><strong>*Colore attuale del PCB: BLU*<\/strong><\/span><\/p>\n<p>La PiStorm 500 Rev B utilizza un Raspberry Pi come acceleratore di processore\/&#8221;scheda turbo&#8221;, scheda grafica RTG e come interfaccia per il disco rigido dell&#8217;Amiga 500\/2000. Un Raspberry Pi 3a+ \u00e8 obbligatorio per il funzionamento, ma non \u00e8 incluso nella confezione standard. Tuttavia, pu\u00f2 essere ordinato come opzione. Pistorm 500 \u00e8 compatibile con Raspberry Pi 3A+ e Rapberry PI Zero2WH (prestazioni inferiori).<\/p>\n<p><strong>Caratteristiche<\/strong><\/p>\n<ul>\n<li>Compatibile con Amiga 500, Amiga 500+ e Amiga 2000. Si consiglia un Amiga 500 Rev6A o 8 o un Amiga 2000 Rev6.<\/li>\n<li>68020 (23MIPS) con configurazione standard<\/li>\n<li>Opzioni di configurazione di pi\u00f9 processori (68020\/68030\/68040)<\/li>\n<li>fino a 128 MB di memoria Z3<\/li>\n<li>Uscita della scheda grafica RTG con modalit\u00e0 ad alta risoluzione tramite HDMI.<\/li>\n<li>Scheda WLAN per collegare Amiga a Internet o a una rete LAN.<\/li>\n<\/ul>\n<p><strong>Prerequisiti<\/strong><\/p>\n<ul>\n<li>Computer Amiga 500, 500+ o 2000<\/li>\n<li>RaspberryPi 3A+<\/li>\n<li>Scheda SD da 8GB<\/li>\n<li>PiStorm Github<a href=\"https:\/\/github.com\/captain-amygdala\/pistorm\" target=\"_blank\" rel=\"noopener\">(https:\/\/github.com\/captain-amygdala\/pistorm)<\/a><\/li>\n<li>AmigaOS 3.1 o superiore<\/li>\n<li>WinUAE per la configurazione sul PC<\/li>\n<\/ul>\n<p><strong>Opzionale<\/strong><\/p>\n<ul>\n<li>Adattatore LazaruStorm per il collegamento esterno del PiStorm all&#8217;Amiga 500 Rev6a o 8<\/li>\n<li>Amiga OS 3.2.3 preconfigurato da scheda SD<\/li>\n<li>Scheda SD da 64 GB con l&#8217;ultima versione di CommunityOS installata (il risveglio con caff\u00e8 e cola del nostro capitano \ud83d\ude42 )<\/li>\n<li>Cavo FPV per estendere le porte della Raspi<\/li>\n<li>Relocatore CPU<\/li>\n<\/ul>\n<p>Il PiStorm \u00e8 stato sviluppato dal team guidato da Claude Schwarz, Niklas Ekstr\u00f6m e altri. Siamo felici di offrire un piccolo sostegno a questo progetto eccezionale.<\/p>\n<p>Le FAQ di Retro Buddys PiStorm sono disponibili qui <a href=\"https:\/\/www.retrobuddys.com\/it\/2025\/01\/02\/pistorm-faq\/\" target=\"_blank\" rel=\"noopener\">https:\/\/www.retrobuddys.com\/2025\/01\/02\/pistorm-faq\/<\/a><\/p>\n<p>Il video qui sotto mostra come collegare la scheda Lazarustorm e come utilizzare la PiStorm (grazie @Jan Beta) La LazaruStorm \u00e8 stata sviluppata da Edu Arana. I dettagli del progetto sono disponibili qui =&gt; <a href=\"https:\/\/github.com\/arananet\/LAZARUSTORM\" target=\"_blank\" rel=\"noopener\">https:\/\/github.com\/arananet\/LAZARUSTORM<\/a><\/p>\n<p><iframe loading=\"lazy\" title=\"External Amiga 500 PiStorm Accelerator\" width=\"1020\" height=\"574\" src=\"https:\/\/www.youtube.com\/embed\/HJdxt1ft5Es?feature=oembed\" frameborder=\"0\" allow=\"accelerometer; autoplay; clipboard-write; encrypted-media; gyroscope; picture-in-picture; web-share\" allowfullscreen><\/iframe><\/p>\n<p>Tradotto con www.DeepL.com\/Translator (versione gratuita)<\/p>\n","protected":false},"excerpt":{"rendered":"<p><span style=\"font-size: 110%;\"><strong>*Colore attuale del PCB: BLU*<\/strong><\/span><\/p>\n<p>La PiStorm 500 Rev B utilizza un Raspberry Pi come acceleratore di processore\/&#8221;scheda turbo&#8221;, scheda grafica RTG e come interfaccia per il disco rigido dell&#8217;Amiga 500\/2000. Un Raspberry Pi 3a+ \u00e8 obbligatorio per il funzionamento, ma non \u00e8 incluso nella confezione standard. Tuttavia, pu\u00f2 essere ordinato come opzione. Pistorm 500 \u00e8 compatibile con Raspberry Pi 3A+ e Rapberry PI Zero2WH (prestazioni inferiori).<\/p>\n","protected":false},"featured_media":3706,"template":"","meta":[],"product_brand":[],"product_cat":[451,449,436,519],"product_tag":[442,481,482,457,483,484],"class_list":{"0":"post-3693","1":"product","2":"type-product","3":"status-publish","4":"has-post-thumbnail","6":"product_cat-amiga-2000-it","7":"product_cat-amiga-500-it","8":"product_cat-mods-hw-amiga-it","9":"product_cat-pistorm-it-2","10":"product_tag-amiga-it","11":"product_tag-lampone","12":"product_tag-lazarustorm-it","13":"product_tag-pistorm-it","14":"product_tag-tempesta-di-lazzaro","15":"product_tag-turbo-it","16":"product_shipping_class-dhl-it","18":"first","19":"instock","20":"taxable","21":"shipping-taxable","22":"purchasable","23":"product-type-variable","24":"has-default-attributes"},"origins":[],"jetpack_sharing_enabled":true,"_links":{"self":[{"href":"https:\/\/www.retrobuddys.com\/it\/wp-json\/wp\/v2\/product\/3693","targetHints":{"allow":["GET"]}}],"collection":[{"href":"https:\/\/www.retrobuddys.com\/it\/wp-json\/wp\/v2\/product"}],"about":[{"href":"https:\/\/www.retrobuddys.com\/it\/wp-json\/wp\/v2\/types\/product"}],"wp:featuredmedia":[{"embeddable":true,"href":"https:\/\/www.retrobuddys.com\/it\/wp-json\/wp\/v2\/media\/3706"}],"wp:attachment":[{"href":"https:\/\/www.retrobuddys.com\/it\/wp-json\/wp\/v2\/media?parent=3693"}],"wp:term":[{"taxonomy":"product_brand","embeddable":true,"href":"https:\/\/www.retrobuddys.com\/it\/wp-json\/wp\/v2\/product_brand?post=3693"},{"taxonomy":"product_cat","embeddable":true,"href":"https:\/\/www.retrobuddys.com\/it\/wp-json\/wp\/v2\/product_cat?post=3693"},{"taxonomy":"product_tag","embeddable":true,"href":"https:\/\/www.retrobuddys.com\/it\/wp-json\/wp\/v2\/product_tag?post=3693"}],"curies":[{"name":"wp","href":"https:\/\/api.w.org\/{rel}","templated":true}]}}