{"id":3667,"date":"2023-11-06T19:03:31","date_gmt":"2023-11-06T19:03:31","guid":{"rendered":"https:\/\/www.retrobuddys.com\/shop\/senza-categoria\/unita-gotek-con-display-da-096-e-manopola-opzionale-con-chiavetta-usb-adattatore-floppy-e-selettore-di-avvio\/"},"modified":"2026-02-13T20:37:18","modified_gmt":"2026-02-13T20:37:18","slug":"gotek-config","status":"publish","type":"product","link":"https:\/\/www.retrobuddys.com\/it\/shop\/mods-hw-amiga-it\/amiga-1000-it\/gotek-config\/","title":{"rendered":"Unit\u00e0 Gotek con display da 0,96&#8243; e manopola opzionale con chiavetta USB, adattatore floppy e selettore di avvio"},"content":{"rendered":"<p><span style=\"font-family: Arial; font-size: large;\"><br \/>\n  <b>Unit\u00e0 Amiga Gotek con display da 0,96&#8243; e manopola<br \/>\nEmulatore Floppy USB ADF Amiga <\/b><br \/>\n<\/span><b>500\/500+\/600\/1200\/2000<\/b><\/p>\n<p>Emulatore floppy USB Gotek per la riproduzione diretta dei file ADF dalla chiavetta USB. \u00c8 installato un display OLED da 0,96&#8243; (24,38 mm) con una risoluzione di 128&#215;64 caratteri su un massimo di 4 righe. Inoltre, \u00e8 presente un comando a rotazione per selezionare comodamente il file corrispondente.<\/p>\n<p><strong>Il Geotek di fabbrica viene fornito nei colori &#8220;nero&#8221; e &#8220;beige&#8221;.<\/strong><\/p>\n<p>In tutti gli altri colori, l&#8217;alloggiamento \u00e8 una stampa 3D di alta qualit\u00e0.<br \/>\nPuoi scegliere il colore della manopola (arancione, blu o metallizzato) e dell&#8217;alloggiamento (beige, nero, RAL 9016, grigio, trasparente, argento).<br \/>\nEmulatore floppy Gotek per la riproduzione diretta dei file ADF dalla chiavetta USB. Questa \u00e8 l&#8217;<span style=\"color: #333333; font-size: 14.4px;\">ultima versione del drive Gotek con<\/span><span style=\"color: #333333; font-size: 14.4px;\"> processore AT-435<\/span>.<\/p>\n<p>L&#8217;unit\u00e0 ha gi\u00e0 installato l&#8217;ultimo firmware 3.42 di FlashFloppy. I dettagli sul firmware FlashFloppy sono disponibili qui =&gt; <a href=\"https:\/\/github.com\/keirf\/flashfloppy\" target=\"_blank\" rel=\"noopener\">https:\/\/github.com\/keirf\/flashfloppy<\/a><\/p>\n<p><b>Come viene utilizzato il drive Gotek?<\/b><\/p>\n<p>\u00c8 molto semplice: sostituisci l&#8217;unit\u00e0 floppy originale con questa unit\u00e0 floppy USB o collegala tramite un adattatore esterno. Devi copiare i tuoi file ADF preferiti su una chiavetta USB del tuo PC. Il display OLED fornisce ulteriori informazioni sul processo di caricamento oltre al nome del file corrente.<strong><br \/>\n<\/strong><\/p>\n<p><strong>Ambito di consegna:<\/strong><\/p>\n<ul>\n<li>Emulatore floppy USB GOTEK con firmware attuale (3.42)<\/li>\n<li>Chipset Artery AT32F435<\/li>\n<li>Display OLED da 0,96&#8243; (24,38 mm) con risoluzione di 128&#215;64 caratteri su un massimo di 4 righe<\/li>\n<li>Controllo rotativo<\/li>\n<li>Adattatore floppy esterno opzionale (con alloggiamento dello stesso colore dell&#8217;unit\u00e0)<\/li>\n<li>selettore di avvio opzionale: funziona *solo* con Amiga 500 o Amiga 2000!<\/li>\n<li>Cavo opzionale<\/li>\n<li>chiavetta USB opzionale<\/li>\n<li>Inoltre, \u00e8 possibile selezionare un telaio interno per Amiga 600 o Amiga 2000 (3,5&#8243; \/ 5,25&#8243;) come prodotto aggiuntivo.<\/li>\n<\/ul>\n<p><strong>Attenzione:<\/strong><\/p>\n<p>L&#8217;unit\u00e0 di stampa 3D \u00e8 leggermente pi\u00f9 grande di un&#8217;unit\u00e0 standard da 3,5&#8243; (unit\u00e0 standard per PC) con cornice.<br \/>\nQuindi non pu\u00f2 essere inserito in un alloggiamento da 3,5&#8243; (Amiga 2000, Amiga 1200, versioni Tower). Se vuoi un&#8217;unit\u00e0 integrata da 3,5&#8243; per Amiga 2000 o per la maggior parte dei case Tower di Amiga 1200, scegli questo.<\/p>\n","protected":false},"excerpt":{"rendered":"<p>&nbsp;<\/p>\n<p>-<\/p>\n","protected":false},"featured_media":3546,"template":"","meta":[],"product_brand":[],"product_cat":[450,451,449,453,436],"product_tag":[442,454],"class_list":{"0":"post-3667","1":"product","2":"type-product","3":"status-publish","4":"has-post-thumbnail","6":"product_cat-amiga-1000-it","7":"product_cat-amiga-2000-it","8":"product_cat-amiga-500-it","9":"product_cat-gotek-it","10":"product_cat-mods-hw-amiga-it","11":"product_tag-amiga-it","12":"product_tag-gotek-it","13":"product_shipping_class-dhl-it","15":"first","16":"instock","17":"taxable","18":"shipping-taxable","19":"purchasable","20":"product-type-variable","21":"has-default-attributes"},"origins":[],"jetpack_sharing_enabled":true,"_links":{"self":[{"href":"https:\/\/www.retrobuddys.com\/it\/wp-json\/wp\/v2\/product\/3667","targetHints":{"allow":["GET"]}}],"collection":[{"href":"https:\/\/www.retrobuddys.com\/it\/wp-json\/wp\/v2\/product"}],"about":[{"href":"https:\/\/www.retrobuddys.com\/it\/wp-json\/wp\/v2\/types\/product"}],"wp:featuredmedia":[{"embeddable":true,"href":"https:\/\/www.retrobuddys.com\/it\/wp-json\/wp\/v2\/media\/3546"}],"wp:attachment":[{"href":"https:\/\/www.retrobuddys.com\/it\/wp-json\/wp\/v2\/media?parent=3667"}],"wp:term":[{"taxonomy":"product_brand","embeddable":true,"href":"https:\/\/www.retrobuddys.com\/it\/wp-json\/wp\/v2\/product_brand?post=3667"},{"taxonomy":"product_cat","embeddable":true,"href":"https:\/\/www.retrobuddys.com\/it\/wp-json\/wp\/v2\/product_cat?post=3667"},{"taxonomy":"product_tag","embeddable":true,"href":"https:\/\/www.retrobuddys.com\/it\/wp-json\/wp\/v2\/product_tag?post=3667"}],"curies":[{"name":"wp","href":"https:\/\/api.w.org\/{rel}","templated":true}]}}