{"id":3655,"date":"2023-09-12T09:31:37","date_gmt":"2023-09-12T09:31:37","guid":{"rendered":"https:\/\/www.retrobuddys.com\/shop\/senza-categoria\/amiga-2000-unita-interna-gotek-con-display-da-096-e-rotary\/"},"modified":"2026-01-31T16:34:20","modified_gmt":"2026-01-31T16:34:20","slug":"amiga-2000-interno-gotek","status":"publish","type":"product","link":"https:\/\/www.retrobuddys.com\/it\/shop\/mods-hw-amiga-it\/amiga-2000-it\/amiga-2000-interno-gotek\/","title":{"rendered":"Amiga 2000 unit\u00e0 interna Gotek con display da 0,96&#8243; e Rotary"},"content":{"rendered":"<p><strong>Unit\u00e0 Gotek interna di Amiga 2000 con display, manopola e chiavetta USB AT435<\/strong><\/p>\n<p>6 colori diversi in 3,5&#8243; o 5,25&#8243;.<\/p>\n<p>Emulatore floppy USB Gotek per la riproduzione diretta di file ADF da chiavetta USB.<\/p>\n<p>\u00c8 installato un display OLED da 24,38 mm (0,96&#8243;) con una risoluzione di 128&#215;64 caratteri su un massimo di 4 righe. \u00c8 presente anche un comando a rotazione per selezionare comodamente il file corrispondente.<\/p>\n<p><strong>Come viene utilizzato il drive Gotek?<\/strong><\/p>\n<p>\u00c8 molto semplice: sostituite l&#8217;unit\u00e0 floppy originale con questa unit\u00e0 floppy USB o collegatela tramite un adattatore esterno. \u00c8 necessario copiare i file ADF preferiti su una chiavetta USB del PC.<\/p>\n<p>Oltre al nome del file corrente, il display OLED fornisce ulteriori informazioni sul processo di carica.<\/p>\n<p><strong>Ambito di consegna:<\/strong><\/p>\n<ul>\n<li>emulatore floppy USB GOTEK interno con firmware Flash Floppy+ attuale (3.38)<\/li>\n<li>Chip Artery 435 (pi\u00f9 memoria interna)<\/li>\n<li>Display OLED da 0,96&#8243; (24,38 mm) con risoluzione di 128&#215;64 caratteri su un massimo di 4 righe<\/li>\n<li>Telaio di stampa 3D Amiga 2000 per installazione interna<\/li>\n<li>Comando rotativo con manopola<\/li>\n<\/ul>\n<p><strong>Arteria435:<\/strong><\/p>\n<p>Questa MCU funziona a 288 MHz e dispone di 384 kB di SRAM. A titolo di confronto, l&#8217;MCU Artery415 ha solo 32kb di SRAM. I 384kb sono sufficienti per un funzionamento affidabile, una cache floppy estesa e consentiranno in futuro una pi\u00f9 ampia gamma di funzioni firmware. Il firmware esteso che gira su questa MCU si chiama FlashFloppy PLUS (o FlashFloppy+).<\/p>\n<p><strong>Attenzione:<\/strong><\/p>\n<p>L&#8217;unit\u00e0 con il telaio 3D \u00e8 destinata all&#8217;installazione interna di Amiga 2000.<\/p>\n","protected":false},"excerpt":{"rendered":"<p>Emulatore floppy Amiga Gotek drive USB Amiga 2000 interno 3,5&#8243; o 5,1\/4&#8243;<\/p>\n","protected":false},"featured_media":3661,"template":"","meta":[],"product_brand":[],"product_cat":[451,453,436],"product_tag":[442,454],"class_list":{"0":"post-3655","1":"product","2":"type-product","3":"status-publish","4":"has-post-thumbnail","6":"product_cat-amiga-2000-it","7":"product_cat-gotek-it","8":"product_cat-mods-hw-amiga-it","9":"product_tag-amiga-it","10":"product_tag-gotek-it","11":"product_shipping_class-dhl-it","13":"first","14":"instock","15":"taxable","16":"shipping-taxable","17":"purchasable","18":"product-type-variable","19":"has-default-attributes"},"jetpack_sharing_enabled":true,"_links":{"self":[{"href":"https:\/\/www.retrobuddys.com\/it\/wp-json\/wp\/v2\/product\/3655","targetHints":{"allow":["GET"]}}],"collection":[{"href":"https:\/\/www.retrobuddys.com\/it\/wp-json\/wp\/v2\/product"}],"about":[{"href":"https:\/\/www.retrobuddys.com\/it\/wp-json\/wp\/v2\/types\/product"}],"wp:featuredmedia":[{"embeddable":true,"href":"https:\/\/www.retrobuddys.com\/it\/wp-json\/wp\/v2\/media\/3661"}],"wp:attachment":[{"href":"https:\/\/www.retrobuddys.com\/it\/wp-json\/wp\/v2\/media?parent=3655"}],"wp:term":[{"taxonomy":"product_brand","embeddable":true,"href":"https:\/\/www.retrobuddys.com\/it\/wp-json\/wp\/v2\/product_brand?post=3655"},{"taxonomy":"product_cat","embeddable":true,"href":"https:\/\/www.retrobuddys.com\/it\/wp-json\/wp\/v2\/product_cat?post=3655"},{"taxonomy":"product_tag","embeddable":true,"href":"https:\/\/www.retrobuddys.com\/it\/wp-json\/wp\/v2\/product_tag?post=3655"}],"curies":[{"name":"wp","href":"https:\/\/api.w.org\/{rel}","templated":true}]}}