{"id":3653,"date":"2023-11-05T21:22:54","date_gmt":"2023-11-05T21:22:54","guid":{"rendered":"https:\/\/www.retrobuddys.com\/shop\/senza-categoria\/commutatore-kickstart-amiga-500-rev-5-a-4-vie-e-eeprom-configurabile\/"},"modified":"2026-02-08T15:58:18","modified_gmt":"2026-02-08T15:58:18","slug":"4-vie-amiga-500-5-kickstart-switcher-eeprom-configurabile","status":"publish","type":"product","link":"https:\/\/www.retrobuddys.com\/it\/shop\/mods-hw-amiga-it\/amiga-2000-it\/4-vie-amiga-500-5-kickstart-switcher-eeprom-configurabile\/","title":{"rendered":"Commutatore Kickstart Amiga 500 Rev 5 a 4 vie e EEprom configurabile"},"content":{"rendered":"<h1>Amiga 500 Rev 5 4-fold Kickstart Switcher con 27C160 EEprom configurabile *NEW*<\/h1>\n<p><strong>Attenzione: dopo l&#8217;acquisto \u00e8 necessario fornire una prova credibile di una licenza esistente per le versioni Kickstart<\/strong> (Cloanto o simili)!<\/p>\n<p>Colore del PCB nero. Design completamente nuovo!<br \/>\nSe non si dispone di una licenza per le versioni Kickstart, \u00e8 possibile ottenerla da Cloanto (ora purtroppo la versione &#8220;Plus&#8221;).<\/p>\n<p>ROM diagnostico per Amiga di John Hertell. <\/p>\n<p>Ulteriori informazioni sono disponibili all&#8217;indirizzo: www.diagrom.com. Utilizziamo solo EEprom di alta qualit\u00e0 della serie 27C160 e le inseriamo in una presa a 42 pin di alta qualit\u00e0 con pin ruotati. Nota bene: per le schede madri Amiga 500 Rev.6a e pi\u00f9 recenti \u00e8 necessario utilizzare uno switcher diverso. Lo troverete tra i nostri articoli.<\/p>\n<p>Ambito di consegna:<\/p>\n<ul>\n<li>Kickstart Switcher per Amiga 500 Rev 5<\/li>\n<li>27C160 EEprom con 4 banchi da 512kb ciascuno (3 versioni Kickstart + DiagRom) - liberamente configurabile<\/li>\n<li>2 interruttori di commutazione<\/li>\n<li>Istruzioni per l&#8217;installazione<\/li>\n<\/ul>\n","protected":false},"excerpt":{"rendered":"<ul>\n<li>Kickstart Switcher per Amiga 500 Rev 5<\/li>\n<li>27C160 EEprom con 4 banchi da 512kb (3 versioni Kickstart + DiagRom)<\/li>\n<li>2 interruttori di commutazione<\/li>\n<\/ul>\n","protected":false},"featured_media":3656,"template":"","meta":[],"product_brand":[],"product_cat":[451,449,436],"product_tag":[442,479,480],"class_list":{"0":"post-3653","1":"product","2":"type-product","3":"status-publish","4":"has-post-thumbnail","6":"product_cat-amiga-2000-it","7":"product_cat-amiga-500-it","8":"product_cat-mods-hw-amiga-it","9":"product_tag-amiga-it","10":"product_tag-avviamento","11":"product_tag-commutatore","12":"product_shipping_class-dhl-it","14":"first","15":"instock","16":"taxable","17":"shipping-taxable","18":"purchasable","19":"product-type-variable","20":"has-default-attributes"},"origins":[],"jetpack_sharing_enabled":true,"_links":{"self":[{"href":"https:\/\/www.retrobuddys.com\/it\/wp-json\/wp\/v2\/product\/3653","targetHints":{"allow":["GET"]}}],"collection":[{"href":"https:\/\/www.retrobuddys.com\/it\/wp-json\/wp\/v2\/product"}],"about":[{"href":"https:\/\/www.retrobuddys.com\/it\/wp-json\/wp\/v2\/types\/product"}],"wp:featuredmedia":[{"embeddable":true,"href":"https:\/\/www.retrobuddys.com\/it\/wp-json\/wp\/v2\/media\/3656"}],"wp:attachment":[{"href":"https:\/\/www.retrobuddys.com\/it\/wp-json\/wp\/v2\/media?parent=3653"}],"wp:term":[{"taxonomy":"product_brand","embeddable":true,"href":"https:\/\/www.retrobuddys.com\/it\/wp-json\/wp\/v2\/product_brand?post=3653"},{"taxonomy":"product_cat","embeddable":true,"href":"https:\/\/www.retrobuddys.com\/it\/wp-json\/wp\/v2\/product_cat?post=3653"},{"taxonomy":"product_tag","embeddable":true,"href":"https:\/\/www.retrobuddys.com\/it\/wp-json\/wp\/v2\/product_tag?post=3653"}],"curies":[{"name":"wp","href":"https:\/\/api.w.org\/{rel}","templated":true}]}}