{"id":3635,"date":"2023-03-19T21:34:22","date_gmt":"2023-03-19T21:34:22","guid":{"rendered":"https:\/\/www.retrobuddys.com\/shop\/senza-categoria\/amiga-2000-rev-4-kit-di-ripristino\/"},"modified":"2025-01-05T10:36:02","modified_gmt":"2025-01-05T10:36:02","slug":"amiga-2000-rev-4-kit-di-ripristino","status":"publish","type":"product","link":"https:\/\/www.retrobuddys.com\/it\/shop\/mods-hw-amiga-it\/amiga-1000-it\/amiga-2000-rev-4-kit-di-ripristino\/","title":{"rendered":"Amiga 2000 Rev 4 Kit di ripristino"},"content":{"rendered":"<h1>Amiga 2000 Rev 4 Kit di ripristino<\/h1>\n<p>Nuovi condensatori di fascia alta per la revisione 4 della scheda Amiga 2000. Sostituite i condensatori del vostro Amiga prima che sia troppo tardi e che i condensatori originali, vecchi di oltre 30 anni, perdano e causino gravi danni alla scheda madre.<\/p>\n<p><strong>29 Condensatori per Rev 4:<\/strong><\/p>\n<ul>\n<li>3x 4,7uF, 35V<\/li>\n<li>7x 22 uF, 35V<\/li>\n<li>5x 220 uF, 16V<\/li>\n<li>4x 470 uF, 16V<\/li>\n<li>10x 47 uF, 16V<\/li>\n<\/ul>\n<p>Utilizziamo solo condensatori di alta qualit\u00e0 &#8220;Longlife&#8221; di Rubycon, Illinois e W\u00fcrth. Ricorda che i condensatori devono essere sostituiti solo da uno specialista. Non ci assumiamo alcuna responsabilit\u00e0 per un&#8217;installazione non corretta.<\/p>\n","protected":false},"excerpt":{"rendered":"<p>Amiga 2000 Rev 4 Kit di ripristino Nuovi condensatori di fascia alta per la revisione 4 della scheda Amiga 2000. Sostituite i condensatori del vostro Amiga prima che sia troppo tardi e che i condensatori originali, vecchi di oltre 30 anni, perdano e causino gravi danni alla scheda madre. 29 Condensatori per Rev 4: 3x [&#8230;]\n","protected":false},"featured_media":3640,"template":"","meta":[],"product_brand":[],"product_cat":[450,459,436,460,458],"product_tag":[456,463,462,461],"class_list":{"0":"post-3635","1":"product","2":"type-product","3":"status-publish","4":"has-post-thumbnail","6":"product_cat-amiga-1000-it","7":"product_cat-cavi-e-piccole-parti","8":"product_cat-mods-hw-amiga-it","9":"product_cat-pcb-schede-a-circuito-stampato","10":"product_cat-varie","11":"product_tag-amiga-500-it","12":"product_tag-condensatori","13":"product_tag-kit-it","14":"product_tag-riconoscimento","15":"product_shipping_class-maxi-lettera","17":"first","18":"instock","19":"taxable","20":"shipping-taxable","21":"purchasable","22":"product-type-simple"},"jetpack_sharing_enabled":true,"_links":{"self":[{"href":"https:\/\/www.retrobuddys.com\/it\/wp-json\/wp\/v2\/product\/3635","targetHints":{"allow":["GET"]}}],"collection":[{"href":"https:\/\/www.retrobuddys.com\/it\/wp-json\/wp\/v2\/product"}],"about":[{"href":"https:\/\/www.retrobuddys.com\/it\/wp-json\/wp\/v2\/types\/product"}],"wp:featuredmedia":[{"embeddable":true,"href":"https:\/\/www.retrobuddys.com\/it\/wp-json\/wp\/v2\/media\/3640"}],"wp:attachment":[{"href":"https:\/\/www.retrobuddys.com\/it\/wp-json\/wp\/v2\/media?parent=3635"}],"wp:term":[{"taxonomy":"product_brand","embeddable":true,"href":"https:\/\/www.retrobuddys.com\/it\/wp-json\/wp\/v2\/product_brand?post=3635"},{"taxonomy":"product_cat","embeddable":true,"href":"https:\/\/www.retrobuddys.com\/it\/wp-json\/wp\/v2\/product_cat?post=3635"},{"taxonomy":"product_tag","embeddable":true,"href":"https:\/\/www.retrobuddys.com\/it\/wp-json\/wp\/v2\/product_tag?post=3635"}],"curies":[{"name":"wp","href":"https:\/\/api.w.org\/{rel}","templated":true}]}}