{"id":3602,"date":"2022-11-26T06:28:20","date_gmt":"2022-11-26T06:28:20","guid":{"rendered":"https:\/\/www.retrobuddys.com\/shop\/senza-categoria\/amiga-bootselector-df0-df1\/"},"modified":"2026-02-08T15:56:37","modified_gmt":"2026-02-08T15:56:37","slug":"amiga-bootselector-df0-df1","status":"publish","type":"product","link":"https:\/\/www.retrobuddys.com\/it\/shop\/mods-hw-amiga-it\/amiga-2000-it\/amiga-bootselector-df0-df1\/","title":{"rendered":"Amiga Bootselector DF0 \/ DF1"},"content":{"rendered":"<p><b>Selettore di avvio DF0 DF1 per Amiga 500 \/ Amiga 500+ \/ Amiga 2000<\/b><\/p>\n<div>Nuovo modello con perni lunghi.<\/div>\n<div>Si installa nella presa &#8220;anche CIA(B)&#8221; (Amiga deve essere svitata). In Amiga 2000 questo \u00e8 il CIA sinistro (U301 o tramite C301)<\/div>\n<div><\/div>\n<div>Questo selettore di avvio consente l&#8217;avvio da DF0 o DF1. Ci\u00f2 significa che \u00e8 possibile eseguire l&#8217;avvio anche da un&#8217;unit\u00e0 Gotek o da altre unit\u00e0 esterne.<\/div>\n<div><\/div>\n<div>Per l&#8217;installazione \u00e8 necessario svitare l&#8217;Amiga e reinserire con cura il chip CIA.<\/div>\n<div>Le istruzioni per l&#8217;installazione sono allegate al selettore per imbarcazioni.<\/div>\n<div><\/div>\n<div>Saremo lieti di effettuare l&#8217;installazione per voi - i costi sono di 2*spedizione dal vostro Amiga (18,98\u20ac) e un costo di installazione di 30\u20ac.<\/div>\n<div><\/div>\n<div>Il circuito stampato \u00e8 stato progettato da Jussi Kilpel\u00e4inen e costruito in Germania da Retrobuddys. Il progetto \u00e8 rilasciato con licenza CC BY 4.0.<\/div>\n","protected":false},"excerpt":{"rendered":"<p>Selettore di avvio DF0 DF1 per Amiga 500 \/ Amiga 500+ \/ Amiga 2000 Nuovo modello con perni lunghi. Si installa nella presa &#8220;anche CIA(B)&#8221; (Amiga deve essere svitata). In Amiga 2000 questo \u00e8 il CIA sinistro (U301 o tramite C301) Questo selettore di avvio consente l&#8217;avvio da DF0 o DF1. Ci\u00f2 significa che \u00e8 [&#8230;]\n","protected":false},"featured_media":3620,"template":"","meta":[],"product_brand":[],"product_cat":[451,449,436],"product_tag":[],"class_list":{"0":"post-3602","1":"product","2":"type-product","3":"status-publish","4":"has-post-thumbnail","6":"product_cat-amiga-2000-it","7":"product_cat-amiga-500-it","8":"product_cat-mods-hw-amiga-it","9":"product_shipping_class-maxi-lettera","11":"first","12":"instock","13":"taxable","14":"shipping-taxable","15":"purchasable","16":"product-type-simple"},"origins":[],"jetpack_sharing_enabled":true,"_links":{"self":[{"href":"https:\/\/www.retrobuddys.com\/it\/wp-json\/wp\/v2\/product\/3602","targetHints":{"allow":["GET"]}}],"collection":[{"href":"https:\/\/www.retrobuddys.com\/it\/wp-json\/wp\/v2\/product"}],"about":[{"href":"https:\/\/www.retrobuddys.com\/it\/wp-json\/wp\/v2\/types\/product"}],"wp:featuredmedia":[{"embeddable":true,"href":"https:\/\/www.retrobuddys.com\/it\/wp-json\/wp\/v2\/media\/3620"}],"wp:attachment":[{"href":"https:\/\/www.retrobuddys.com\/it\/wp-json\/wp\/v2\/media?parent=3602"}],"wp:term":[{"taxonomy":"product_brand","embeddable":true,"href":"https:\/\/www.retrobuddys.com\/it\/wp-json\/wp\/v2\/product_brand?post=3602"},{"taxonomy":"product_cat","embeddable":true,"href":"https:\/\/www.retrobuddys.com\/it\/wp-json\/wp\/v2\/product_cat?post=3602"},{"taxonomy":"product_tag","embeddable":true,"href":"https:\/\/www.retrobuddys.com\/it\/wp-json\/wp\/v2\/product_tag?post=3602"}],"curies":[{"name":"wp","href":"https:\/\/api.w.org\/{rel}","templated":true}]}}