{"id":3592,"date":"2023-06-29T09:59:52","date_gmt":"2023-06-29T09:59:52","guid":{"rendered":"https:\/\/www.retrobuddys.com\/shop\/senza-categoria\/unita-gotek-con-chip-artery-at32f435-solo-cdp\/"},"modified":"2026-02-08T15:57:31","modified_gmt":"2026-02-08T15:57:31","slug":"unita-gotek-con-arteria-at32f435-chip-pcb-solo","status":"publish","type":"product","link":"https:\/\/www.retrobuddys.com\/it\/shop\/gotek-it\/unita-gotek-con-arteria-at32f435-chip-pcb-solo\/","title":{"rendered":"Unit\u00e0 Gotek con chip Artery AT32F435 *solo CDP"},"content":{"rendered":"<p><b>Unit\u00e0 Amiga Gotek con chip Artery AT32F435 *solo CDB<\/b><\/p>\n<p><b><br \/>\n<\/b><br \/>\nEmulatore floppy USB Gotek per la riproduzione diretta dei file ADF dalla chiavetta USB. Il firmware deve essere installato sull&#8217;unit\u00e0. I dettagli sul firmware FlashFloppy sono disponibili qui =&gt; https:\/\/github.com\/keirf\/flashfloppy<\/p>\n<p><b>Come viene utilizzato il drive Gotek?<\/b><\/p>\n<p>\u00c8 molto semplice: sostituite l&#8217;unit\u00e0 floppy originale con questa unit\u00e0 floppy USB o collegatela tramite un adattatore esterno. \u00c8 necessario copiare i file ADF preferiti su una chiavetta USB del PC. Oltre al nome del file corrente, il display OLED fornisce ulteriori informazioni sul processo di carica.<strong><br \/>\n<\/strong><\/p>\n<p><strong>Ambito di consegna:<\/strong><\/p>\n<ul>\n<li>Emulatore floppy USB GOTEK<\/li>\n<li>Chip Artery AT32F435<\/li>\n<li><strong style=\"color: #555555; font-size: 14.4px;\">Attenzione:  <\/strong><span style=\"font-size: 14.4px;\">*Solo PCB* ! (senza display OLED, cavo, rotante, custodia, ecc.) *NON RITORNO*<\/span><\/li>\n<\/ul>\n","protected":false},"excerpt":{"rendered":"<p>Unit\u00e0 Amiga Gotek con chip Artery AT32F435 *solo CDB Emulatore floppy USB Gotek per la riproduzione diretta dei file ADF dalla chiavetta USB. Il firmware deve essere installato sull&#8217;unit\u00e0. I dettagli sul firmware FlashFloppy sono disponibili qui =&gt; https:\/\/github.com\/keirf\/flashfloppy Come viene utilizzato il drive Gotek? \u00c8 molto semplice: sostituite l&#8217;unit\u00e0 floppy originale con questa unit\u00e0 [&#8230;]\n","protected":false},"featured_media":3605,"template":"","meta":[],"product_brand":[],"product_cat":[453,436,460],"product_tag":[454,477],"class_list":{"0":"post-3592","1":"product","2":"type-product","3":"status-publish","4":"has-post-thumbnail","6":"product_cat-gotek-it","7":"product_cat-mods-hw-amiga-it","8":"product_cat-pcb-schede-a-circuito-stampato","9":"product_tag-gotek-it","10":"product_tag-pcb-it","11":"product_shipping_class-dhl-it","13":"first","14":"instock","15":"taxable","16":"shipping-taxable","17":"purchasable","18":"product-type-simple"},"jetpack_sharing_enabled":true,"_links":{"self":[{"href":"https:\/\/www.retrobuddys.com\/it\/wp-json\/wp\/v2\/product\/3592","targetHints":{"allow":["GET"]}}],"collection":[{"href":"https:\/\/www.retrobuddys.com\/it\/wp-json\/wp\/v2\/product"}],"about":[{"href":"https:\/\/www.retrobuddys.com\/it\/wp-json\/wp\/v2\/types\/product"}],"wp:featuredmedia":[{"embeddable":true,"href":"https:\/\/www.retrobuddys.com\/it\/wp-json\/wp\/v2\/media\/3605"}],"wp:attachment":[{"href":"https:\/\/www.retrobuddys.com\/it\/wp-json\/wp\/v2\/media?parent=3592"}],"wp:term":[{"taxonomy":"product_brand","embeddable":true,"href":"https:\/\/www.retrobuddys.com\/it\/wp-json\/wp\/v2\/product_brand?post=3592"},{"taxonomy":"product_cat","embeddable":true,"href":"https:\/\/www.retrobuddys.com\/it\/wp-json\/wp\/v2\/product_cat?post=3592"},{"taxonomy":"product_tag","embeddable":true,"href":"https:\/\/www.retrobuddys.com\/it\/wp-json\/wp\/v2\/product_tag?post=3592"}],"curies":[{"name":"wp","href":"https:\/\/api.w.org\/{rel}","templated":true}]}}