{"id":3567,"date":"2023-03-04T15:38:48","date_gmt":"2023-03-04T15:38:48","guid":{"rendered":"https:\/\/www.retrobuddys.com\/shop\/senza-categoria\/amiga-os-3-2-versione-completa-incluso-laggiornamento-2-cd-rom\/"},"modified":"2026-02-09T02:08:36","modified_gmt":"2026-02-09T02:08:36","slug":"amiga-os-3-2-versione-completa-incl-update-2-cd-rom","status":"publish","type":"product","link":"https:\/\/www.retrobuddys.com\/it\/shop\/mods-hw-amiga-it\/amiga-2000-it\/amiga-os-3-2-versione-completa-incl-update-2-cd-rom\/","title":{"rendered":"Amiga OS 3.2 versione completa (incluso l&#8217;aggiornamento 3) - CD Rom"},"content":{"rendered":"<p><span style=\"font-family: Verdana;\"><b>Inizia subito a usare Amiga OS 3.2.3!  <\/b><\/span><\/p>\n<p>AmigaOS 3.2 Update 2 \u00e8 l&#8217;ultima versione del sistema operativo Amiga per il classico computer Amiga con processore 68k. \u00c8 disponibile per Amiga 1000, 500, 600, 1200, 2000, 3000, 3000T, 4000, 4000T, CD32 e CDTV su CD-Rom.<\/p>\n<p><span style=\"color: #555555; font-family: Open Sans, sans-serif;\">Questo nuovo aggiornamento dimostra il continuo impegno degli sviluppatori nel garantire che AmigaOS 3.2 sia il sistema operativo pi\u00f9 potente e stabile di sempre per gli Amiga basati su 68K.  <\/span>Se non avete ancora una copia di AmigaOS 3.2, ora c&#8217;\u00e8 un motivo in pi\u00f9 per acquistarne una da noi, in qualit\u00e0 di rivenditore ufficiale Hyperion!<\/p>\n<p>Il team di sviluppatori e tester ha lavorato instancabilmente dal rilascio di AmigaOS 3.2.1 per correggere i bug e implementare una serie di nuove funzionalit\u00e0.<\/p>\n<p>Le novit\u00e0 e le correzioni di AmigaOS 3.2.3 sono le seguenti:<\/p>\n<ul>\n<li><span style=\"color: #555555; font-family: Open Sans, sans-serif;\">TextEdit ha subito diversi miglioramenti all&#8217;interfaccia dell&#8217;estensione e ha ottenuto una voce di menu &#8220;Informazioni&#8221;;<\/span><\/li>\n<li><span style=\"color: #555555; font-family: Open Sans, sans-serif;\">&#8220;Showconfig&#8221; ora visualizza la revisione del 68060;<\/span><\/li>\n<li><span style=\"color: #555555; font-family: Open Sans, sans-serif;\">&#8220;IconEdit&#8221; ora notifica all&#8217;utente se qualcun altro modifica il file dell&#8217;icona che si sta modificando. Premendo il pulsante di aiuto si richiama la funzione di aiuto. L&#8217;intera gestione del colore delle icone colorate \u00e8 stata migliorata in modo che le icone non possano pi\u00f9 degradarsi. Gli utenti possono trovarsi in una situazione in cui il colore appare peggiore rispetto a uno schermo perfetto, ma l&#8217;icona non ne risente. La temuta finestra di dialogo &#8220;Downgrade&#8221; non appare pi\u00f9, ma in alcuni casi &#8220;IconEdit&#8221; si apre in una finestra separata;<\/span><\/li>\n<li><span style=\"color: #555555; font-family: Open Sans, sans-serif;\">&#8220;Kickstart&#8221; pu\u00f2 ora avviarsi con versioni precedenti di Workbench e Icon Library, se presenti sul volume di avvio. Questo permette di installare la ROM mantenendo la possibilit\u00e0 di avviare qualsiasi versione di AmigaOS dalla 3.1 alla 3.9 prima di installare AmigaOS 3.2 su un volume;<\/span><\/li>\n<li><span style=\"color: #555555; font-family: Open Sans, sans-serif;\">Il gadget sketchboard.gadget ha subito alcuni miglioramenti di velocit\u00e0 che dovrebbero essere evidenti quando si usa IconEdit;<\/span><\/li>\n<li><span style=\"color: #555555; font-family: Open Sans, sans-serif;\">Il gadget listbrowser.gadget \u00e8 stato completamente rivisto, rendendo il file molto pi\u00f9 piccolo e veloce;<\/span><\/li>\n<li><span style=\"color: #555555; font-family: Open Sans, sans-serif;\">Il layout.gadget \u00e8 stato completamente rivisto;<\/span><\/li>\n<li><span style=\"color: #555555; font-family: Open Sans, sans-serif;\">La classe window.class \u00e8 stata completamente rivista;<\/span><\/li>\n<li><span style=\"color: #555555; font-family: Open Sans, sans-serif;\">Il disco RAM \u00e8 stato completamente riprogettato in modo da ridurre al minimo la possibilit\u00e0 di causare problemi;<\/span><\/li>\n<li><span style=\"color: #555555; font-family: Open Sans, sans-serif;\">Supporto &#8220;Locale&#8221; migliorato<\/span><\/li>\n<li><span style=\"color: #555555; font-family: Open Sans, sans-serif;\">Versione aggiornata di boards.library<\/span><\/li>\n<\/ul>\n<p>AmigaOS 3.2 \u00e8 dotato di oltre 100 nuove funzionalit\u00e0, decine di aggiornamenti e correzioni di bug che riguardano quasi tutti i componenti di AmigaOS. Il CD-ROM AmigaOS 3.2 contiene tutti i dischi e le ROM AmigaOS Kickstart per tutte le macchine Amiga mai prodotte.<\/p>\n<p><strong>Requisiti di sistema<\/strong><\/p>\n<ul>\n<li>Computer Amiga o ambiente di emulazione (come WINUA, EUAE)<\/li>\n<li>Almeno Kickstart 3.1 \/ o superiore (3.1.4). Kickstart ROM 3.2 (consigliata, in quanto ha il tempo di avvio pi\u00f9 breve e il consumo di memoria pi\u00f9 basso)<\/li>\n<li>2 MB di memoria totale (Chip-Ram + Fast-Ram). Se non si utilizza una ROM fisica di Kickstart 3.2, \u00e8 necessario un totale di 2,5 MB di memoria.<\/li>\n<li>10 MB di spazio libero sul disco rigido<\/li>\n<\/ul>\n<div><span style=\"color: #555555; font-family: Open Sans, sans-serif;\">Utilizzando il link per il download, il reso \u00e8 escluso!<\/span><\/div>\n","protected":false},"excerpt":{"rendered":"<p><span style=\"font-size: 115%;\"><strong><span style=\"color: #ed1c24;\">Attenzione!<\/span><\/strong><\/span><\/p>\n<p><span style=\"font-size: 115%;\"><strong>Il CD di AmigaOS 3.2 e il codice di licenza saranno consegnati circa il 21.12.2025.  <\/strong><\/span><\/p>\n<p><span style=\"font-size: 115%;\"><strong>Hyperion ha esaurito i CD e un nuovo lotto \u00e8 in produzione. Dopo l&#8217;acquisto riceverai da noi un link per scaricare il software in formato digitale! <\/strong><\/span><\/p>\n","protected":false},"featured_media":3627,"template":"","meta":[],"product_brand":[],"product_cat":[451,449,438,469],"product_tag":[471,470,472,473],"class_list":{"0":"post-3567","1":"product","2":"type-product","3":"status-publish","4":"has-post-thumbnail","6":"product_cat-amiga-2000-it","7":"product_cat-amiga-500-it","8":"product_cat-amiga-600-it","9":"product_cat-software-amiga","10":"product_tag-amiga-os-it","11":"product_tag-amiga-os-3-2-it","12":"product_tag-amiga-os-3-2-2-it","13":"product_tag-software-it","14":"product_shipping_class-dhl-it","16":"first","17":"instock","18":"taxable","19":"shipping-taxable","20":"purchasable","21":"product-type-variable","22":"has-default-attributes"},"origins":[],"jetpack_sharing_enabled":true,"_links":{"self":[{"href":"https:\/\/www.retrobuddys.com\/it\/wp-json\/wp\/v2\/product\/3567","targetHints":{"allow":["GET"]}}],"collection":[{"href":"https:\/\/www.retrobuddys.com\/it\/wp-json\/wp\/v2\/product"}],"about":[{"href":"https:\/\/www.retrobuddys.com\/it\/wp-json\/wp\/v2\/types\/product"}],"wp:featuredmedia":[{"embeddable":true,"href":"https:\/\/www.retrobuddys.com\/it\/wp-json\/wp\/v2\/media\/3627"}],"wp:attachment":[{"href":"https:\/\/www.retrobuddys.com\/it\/wp-json\/wp\/v2\/media?parent=3567"}],"wp:term":[{"taxonomy":"product_brand","embeddable":true,"href":"https:\/\/www.retrobuddys.com\/it\/wp-json\/wp\/v2\/product_brand?post=3567"},{"taxonomy":"product_cat","embeddable":true,"href":"https:\/\/www.retrobuddys.com\/it\/wp-json\/wp\/v2\/product_cat?post=3567"},{"taxonomy":"product_tag","embeddable":true,"href":"https:\/\/www.retrobuddys.com\/it\/wp-json\/wp\/v2\/product_tag?post=3567"}],"curies":[{"name":"wp","href":"https:\/\/api.w.org\/{rel}","templated":true}]}}