{"id":3543,"date":"2023-03-26T21:06:42","date_gmt":"2023-03-26T21:06:42","guid":{"rendered":"https:\/\/www.retrobuddys.com\/shop\/senza-categoria\/adattatore-pistorm-esterno-lazarustorm-per-amiga-500\/"},"modified":"2026-02-08T15:57:25","modified_gmt":"2026-02-08T15:57:25","slug":"lazarustorm-amiga-500","status":"publish","type":"product","link":"https:\/\/www.retrobuddys.com\/it\/shop\/mods-hw-amiga-it\/amiga-500-it\/lazarustorm-amiga-500\/","title":{"rendered":"Adattatore PiStorm esterno Lazarustorm per Amiga 500"},"content":{"rendered":"<p>LazaruStorm \u00e8 una scheda adattatore per Amiga 500, da inserire nella porta di espansione (lato sinistro). La scheda \u00e8 stata sviluppata appositamente per la PiStorm e, poich\u00e9 la scheda Lazarustorm \u00e8 collegata esternamente, non \u00e8 necessario rimuovere il processore 68000 esistente dal tuo Amiga.<br \/>\nDevi semplicemente collegare la scheda PiStorm con il Raspberry PI alla scheda LazaruStorm.<\/p>\n<p>Con quasi tutte le revisioni di Amiga500 \u00e8 necessario chiudere il ponticello JP6 tramite un ponte di saldatura, cio\u00e8 devi aprire il tuo Amiga e impostare un punto di saldatura.<br \/>\nIl punto di saldatura VPAJP (2-3) \u00e8 gi\u00e0 impostato (BRJP deve essere impostato solo in casi eccezionali). Abbiamo avuto la migliore esperienza con questa combinazione di ponticelli. Ogni scheda LazaruStorm \u00e8 stata testata dal vivo su un Amiga 500 Rev.6a.<\/p>\n<p>Nota: l&#8217;adattatore LazaruStorm funziona raramente (s\u00ec, a volte funziona davvero :)) con le schede madri Amiga 500 Rev. 5.<\/p>\n<p>Vedi foto: si tratta di JP6, che si trova direttamente dietro la porta di espansione.<\/p>\n<p>Il video qui sotto mostra come collegare la scheda Lazarustorm e come utilizzare la PiStorm (grazie @Jan Beta) La LazaruStorm \u00e8 stata sviluppata da Edu Arana. I dettagli del progetto sono disponibili qui =&gt; <a href=\"https:\/\/github.com\/arananet\/LAZARUSTORM\" target=\"_blank\" rel=\"noopener\">https:\/\/github.com\/arananet\/LAZARUSTORM<\/a><\/p>\n<p><iframe loading=\"lazy\" title=\"External Amiga 500 PiStorm Accelerator\" width=\"1020\" height=\"574\" src=\"https:\/\/www.youtube.com\/embed\/HJdxt1ft5Es?feature=oembed\" frameborder=\"0\" allow=\"accelerometer; autoplay; clipboard-write; encrypted-media; gyroscope; picture-in-picture; web-share\" allowfullscreen><\/iframe><\/p>\n<p>Tradotto con www.DeepL.com\/Translator (versione gratuita)<\/p>\n","protected":false},"excerpt":{"rendered":"<p>LazaruStorm \u00e8 una scheda adattatore per Amiga 500, da inserire nella porta di espansione (lato sinistro). La scheda \u00e8 stata sviluppata appositamente per la PiStorm e, poich\u00e9 la scheda Lazarustorm \u00e8 collegata esternamente, non \u00e8 necessario rimuovere il processore 68000 esistente dal tuo Amiga. Devi semplicemente collegare la scheda PiStorm con il Raspberry PI alla [&#8230;]\n","protected":false},"featured_media":3551,"template":"","meta":[],"product_brand":[],"product_cat":[449,436,519],"product_tag":[456,457],"class_list":{"0":"post-3543","1":"product","2":"type-product","3":"status-publish","4":"has-post-thumbnail","6":"product_cat-amiga-500-it","7":"product_cat-mods-hw-amiga-it","8":"product_cat-pistorm-it-2","9":"product_tag-amiga-500-it","10":"product_tag-pistorm-it","11":"product_shipping_class-dhl-it","13":"first","14":"instock","15":"taxable","16":"shipping-taxable","17":"purchasable","18":"product-type-simple"},"jetpack_sharing_enabled":true,"_links":{"self":[{"href":"https:\/\/www.retrobuddys.com\/it\/wp-json\/wp\/v2\/product\/3543","targetHints":{"allow":["GET"]}}],"collection":[{"href":"https:\/\/www.retrobuddys.com\/it\/wp-json\/wp\/v2\/product"}],"about":[{"href":"https:\/\/www.retrobuddys.com\/it\/wp-json\/wp\/v2\/types\/product"}],"wp:featuredmedia":[{"embeddable":true,"href":"https:\/\/www.retrobuddys.com\/it\/wp-json\/wp\/v2\/media\/3551"}],"wp:attachment":[{"href":"https:\/\/www.retrobuddys.com\/it\/wp-json\/wp\/v2\/media?parent=3543"}],"wp:term":[{"taxonomy":"product_brand","embeddable":true,"href":"https:\/\/www.retrobuddys.com\/it\/wp-json\/wp\/v2\/product_brand?post=3543"},{"taxonomy":"product_cat","embeddable":true,"href":"https:\/\/www.retrobuddys.com\/it\/wp-json\/wp\/v2\/product_cat?post=3543"},{"taxonomy":"product_tag","embeddable":true,"href":"https:\/\/www.retrobuddys.com\/it\/wp-json\/wp\/v2\/product_tag?post=3543"}],"curies":[{"name":"wp","href":"https:\/\/api.w.org\/{rel}","templated":true}]}}