{"id":3536,"date":"2023-02-10T16:37:30","date_gmt":"2023-02-10T16:37:30","guid":{"rendered":"https:\/\/www.retrobuddys.com\/shop\/senza-categoria\/azionamento-gotek-con-display-da-096-e-manopola-rotante\/"},"modified":"2026-02-13T19:07:47","modified_gmt":"2026-02-13T19:07:47","slug":"gotek-drive-con-0-96-display-e-manopola-rotante","status":"publish","type":"product","link":"https:\/\/www.retrobuddys.com\/it\/shop\/gotek-it\/gotek-drive-con-0-96-display-e-manopola-rotante\/","title":{"rendered":"Azionamento Gotek con display da 0,96&#8243; e manopola rotante"},"content":{"rendered":"<p><span style=\"font-family: Arial; font-size: large;\"><br \/>\n  <b>Unit\u00e0 Amiga Gotek con display da 0,96&#8243; e manopola *AT-435*<br \/>\nEmulatore Floppy USB ADF Amiga <\/b><br \/>\n<\/span><b>500\/500+\/600\/1200\/2000<\/b><\/p>\n<p>Emulatore floppy USB Gotek per la riproduzione diretta di file ADF dalla chiavetta USB. \u00c8 installato un display OLED da 0,96&#8243; (24,38 mm) con una risoluzione di 128&#215;64 caratteri su un massimo di 4 righe.<\/p>\n<p>Inoltre, \u00e8 presente un comando a rotazione per selezionare comodamente il file corrispondente. Puoi scegliere il colore dell&#8217;alloggiamento (beige, nero). Emulatore floppy Gotek per la riproduzione diretta di file ADF dalla chiavetta USB <\/p>\n<p>L&#8217;unit\u00e0 ha gi\u00e0 installato l&#8217;ultimo firmware 3.42 di FlashFloppy. I dettagli sul firmware FlashFloppy sono disponibili qui =&gt; https:\/\/github.com\/keirf\/flashfloppy<\/p>\n<p><b>Come viene utilizzato il drive Gotek?<\/b><\/p>\n<p>\u00c8 molto semplice: sostituite l&#8217;unit\u00e0 floppy originale con questa unit\u00e0 floppy USB o collegatela tramite un adattatore esterno. \u00c8 necessario copiare i file ADF preferiti su una chiavetta USB del PC e il display OLED fornisce ulteriori informazioni sul processo di caricamento oltre al nome del file corrente.<strong><br \/>\n<\/strong><\/p>\n<p><strong>Ambito di consegna:<\/strong><\/p>\n<ul>\n<li>Emulatore floppy USB GOTEK con firmware attuale (3.42)<\/li>\n<li>*Versione pi\u00f9 recente con processore AT-435.<\/li>\n<li>Display OLED da 0,96&#8243; (24,38 mm) con risoluzione di 128&#215;64 caratteri su un massimo di 4 righe<\/li>\n<li>Comando rotante con manopola (metallica)<\/li>\n<\/ul>\n<p><strong>Attenzione:<\/strong><\/p>\n<p>L&#8217;unit\u00e0 \u00e8 leggermente pi\u00f9 grande di un&#8217;unit\u00e0 standard da 3,5&#8243; (unit\u00e0 PC standard) con cornice. Non pu\u00f2 quindi essere inserito in uno slot da 3,5&#8243; (Amiga 2000, Amiga 1200, versioni tower).<br \/>\nDa noi \u00e8 possibile acquistare anche cavi floppy lunghi, selettori di avvio DF0 DF1, chiavette USB, cavi di alimentazione, adattatori esterni e molto altro ancora. Contattateci.<\/p>\n","protected":false},"excerpt":{"rendered":"<p>Emulatore floppy Amiga Gotek drive USB Amiga 500\/500+\/600\/1<wbr><\/wbr>200\/2000<\/p>\n<p>&nbsp;<\/p>\n","protected":false},"featured_media":3548,"template":"","meta":[],"product_brand":[],"product_cat":[453,436],"product_tag":[442,454],"class_list":{"0":"post-3536","1":"product","2":"type-product","3":"status-publish","4":"has-post-thumbnail","6":"product_cat-gotek-it","7":"product_cat-mods-hw-amiga-it","8":"product_tag-amiga-it","9":"product_tag-gotek-it","10":"product_shipping_class-dhl-it","12":"first","13":"instock","14":"taxable","15":"shipping-taxable","16":"purchasable","17":"product-type-variable","18":"has-default-attributes"},"origins":[],"jetpack_sharing_enabled":true,"_links":{"self":[{"href":"https:\/\/www.retrobuddys.com\/it\/wp-json\/wp\/v2\/product\/3536","targetHints":{"allow":["GET"]}}],"collection":[{"href":"https:\/\/www.retrobuddys.com\/it\/wp-json\/wp\/v2\/product"}],"about":[{"href":"https:\/\/www.retrobuddys.com\/it\/wp-json\/wp\/v2\/types\/product"}],"wp:featuredmedia":[{"embeddable":true,"href":"https:\/\/www.retrobuddys.com\/it\/wp-json\/wp\/v2\/media\/3548"}],"wp:attachment":[{"href":"https:\/\/www.retrobuddys.com\/it\/wp-json\/wp\/v2\/media?parent=3536"}],"wp:term":[{"taxonomy":"product_brand","embeddable":true,"href":"https:\/\/www.retrobuddys.com\/it\/wp-json\/wp\/v2\/product_brand?post=3536"},{"taxonomy":"product_cat","embeddable":true,"href":"https:\/\/www.retrobuddys.com\/it\/wp-json\/wp\/v2\/product_cat?post=3536"},{"taxonomy":"product_tag","embeddable":true,"href":"https:\/\/www.retrobuddys.com\/it\/wp-json\/wp\/v2\/product_tag?post=3536"}],"curies":[{"name":"wp","href":"https:\/\/api.w.org\/{rel}","templated":true}]}}