{"id":3517,"date":"2022-12-21T07:56:29","date_gmt":"2022-12-21T07:56:29","guid":{"rendered":"https:\/\/www.retrobuddys.com\/shop\/senza-categoria\/selettore-di-avvio-amiga-senza-interruttore-df0-df1\/"},"modified":"2026-02-08T15:56:46","modified_gmt":"2026-02-08T15:56:46","slug":"switchless-amiga-bootselector-df0-df1","status":"publish","type":"product","link":"https:\/\/www.retrobuddys.com\/it\/shop\/mods-hw-amiga-it\/amiga-1000-it\/switchless-amiga-bootselector-df0-df1\/","title":{"rendered":"Selettore di avvio Amiga senza interruttore DF0 \/ DF1"},"content":{"rendered":"<p><b>Selettore di avvio DF0 DF1 per Amiga 500 \/ Amiga 500+ \/ Amiga 2000<\/b><\/p>\n<div>Nuovo modello con perni lunghi.<\/div>\n<div>Si installa nella presa &#8220;anche CIA(B)&#8221; (Amiga deve essere svitata).<\/div>\n<div><\/div>\n<div>Questo selettore di avvio consente l&#8217;avvio da DF0 o DF1. Ci\u00f2 significa che \u00e8 possibile eseguire l&#8217;avvio anche da un&#8217;unit\u00e0 Gotek o da altre unit\u00e0 esterne.<\/div>\n<div><\/div>\n<div>Per l&#8217;installazione \u00e8 necessario svitare l&#8217;Amiga e reinserire con cura il chip CIA.<\/div>\n<div>Le istruzioni per l&#8217;installazione sono allegate al selettore per imbarcazioni.<\/div>\n<div><\/div>\n<div>Saremo lieti di eseguire l&#8217;installazione per voi - il costo \u00e8 di 30 euro.<\/div>\n<div><\/div>\n","protected":false},"excerpt":{"rendered":"<p>Selettore di avvio DF0 DF1 per Amiga 500 \/ Amiga 500+ \/ Amiga 2000 Nuovo modello con perni lunghi. Si installa nella presa &#8220;anche CIA(B)&#8221; (Amiga deve essere svitata). Questo selettore di avvio consente l&#8217;avvio da DF0 o DF1. Ci\u00f2 significa che \u00e8 possibile eseguire l&#8217;avvio anche da un&#8217;unit\u00e0 Gotek o da altre unit\u00e0 esterne. [&#8230;]\n","protected":false},"featured_media":3533,"template":"","meta":[],"product_brand":[],"product_cat":[450,451,449,436],"product_tag":[],"class_list":{"0":"post-3517","1":"product","2":"type-product","3":"status-publish","4":"has-post-thumbnail","6":"product_cat-amiga-1000-it","7":"product_cat-amiga-2000-it","8":"product_cat-amiga-500-it","9":"product_cat-mods-hw-amiga-it","10":"product_shipping_class-maxi-lettera","12":"first","13":"instock","14":"taxable","15":"shipping-taxable","16":"purchasable","17":"product-type-variable","18":"has-default-attributes"},"origins":[],"jetpack_sharing_enabled":true,"_links":{"self":[{"href":"https:\/\/www.retrobuddys.com\/it\/wp-json\/wp\/v2\/product\/3517","targetHints":{"allow":["GET"]}}],"collection":[{"href":"https:\/\/www.retrobuddys.com\/it\/wp-json\/wp\/v2\/product"}],"about":[{"href":"https:\/\/www.retrobuddys.com\/it\/wp-json\/wp\/v2\/types\/product"}],"wp:featuredmedia":[{"embeddable":true,"href":"https:\/\/www.retrobuddys.com\/it\/wp-json\/wp\/v2\/media\/3533"}],"wp:attachment":[{"href":"https:\/\/www.retrobuddys.com\/it\/wp-json\/wp\/v2\/media?parent=3517"}],"wp:term":[{"taxonomy":"product_brand","embeddable":true,"href":"https:\/\/www.retrobuddys.com\/it\/wp-json\/wp\/v2\/product_brand?post=3517"},{"taxonomy":"product_cat","embeddable":true,"href":"https:\/\/www.retrobuddys.com\/it\/wp-json\/wp\/v2\/product_cat?post=3517"},{"taxonomy":"product_tag","embeddable":true,"href":"https:\/\/www.retrobuddys.com\/it\/wp-json\/wp\/v2\/product_tag?post=3517"}],"curies":[{"name":"wp","href":"https:\/\/api.w.org\/{rel}","templated":true}]}}