{"id":3516,"date":"2022-11-26T05:58:03","date_gmt":"2022-11-26T05:58:03","guid":{"rendered":"https:\/\/www.retrobuddys.com\/shop\/senza-categoria\/unita-flash-sandisk-ultra-flair-usb-3-0-32-gb\/"},"modified":"2026-02-08T15:56:17","modified_gmt":"2026-02-08T15:56:17","slug":"sandisk-ultra-flair-usb-3-0-flash-drive-32-gb","status":"publish","type":"product","link":"https:\/\/www.retrobuddys.com\/it\/shop\/memoria-memory-stick\/sandisk-ultra-flair-usb-3-0-flash-drive-32-gb\/","title":{"rendered":"Unit\u00e0 flash SanDisk Ultra Flair USB 3.0 32 GB"},"content":{"rendered":"<ul class=\"a-unordered-list a-vertical a-spacing-mini\">\n<li>Questa chiavetta USB \u00e8 il compagno ideale per le nostre unit\u00e0 Gotek.<\/li>\n<li><span class=\"a-list-item\">Le prestazioni ultraveloci di USB 3.0, fino a 150 MB\/s, consentono di trasferire i file ancora pi\u00f9 velocemente.<\/span><\/li>\n<li><span class=\"a-list-item\">L&#8217;USB non solo \u00e8 robusto e resistente agli urti, ma ha anche un aspetto elegante grazie al suo design sottile.<\/span><\/li>\n<li><span class=\"a-list-item\">La chiavetta USB \u00e8 protetta da password.<\/span><\/li>\n<li><span class=\"a-list-item\">Contenuto della fornitura: unit\u00e0 flash SanDisk Ultra Flair USB 3.0 da 32 GB (custodia in metallo robusta ed elegante, protezione con password, lettura a 150 MB\/s) nera.<\/span><\/li>\n<\/ul>\n","protected":false},"excerpt":{"rendered":"<p>Questa chiavetta USB \u00e8 il compagno ideale per le nostre unit\u00e0 Gotek. Le prestazioni ultraveloci di USB 3.0, fino a 150 MB\/s, consentono di trasferire i file ancora pi\u00f9 velocemente. L&#8217;USB non solo \u00e8 robusto e resistente agli urti, ma ha anche un aspetto elegante grazie al suo design sottile. La chiavetta USB \u00e8 protetta [&#8230;]\n","protected":false},"featured_media":3522,"template":"","meta":[],"product_brand":[],"product_cat":[437],"product_tag":[],"class_list":{"0":"post-3516","1":"product","2":"type-product","3":"status-publish","4":"has-post-thumbnail","6":"product_cat-memoria-memory-stick","7":"product_shipping_class-lettera-grande","9":"first","10":"instock","11":"taxable","12":"shipping-taxable","13":"purchasable","14":"product-type-simple"},"jetpack_sharing_enabled":true,"_links":{"self":[{"href":"https:\/\/www.retrobuddys.com\/it\/wp-json\/wp\/v2\/product\/3516","targetHints":{"allow":["GET"]}}],"collection":[{"href":"https:\/\/www.retrobuddys.com\/it\/wp-json\/wp\/v2\/product"}],"about":[{"href":"https:\/\/www.retrobuddys.com\/it\/wp-json\/wp\/v2\/types\/product"}],"wp:featuredmedia":[{"embeddable":true,"href":"https:\/\/www.retrobuddys.com\/it\/wp-json\/wp\/v2\/media\/3522"}],"wp:attachment":[{"href":"https:\/\/www.retrobuddys.com\/it\/wp-json\/wp\/v2\/media?parent=3516"}],"wp:term":[{"taxonomy":"product_brand","embeddable":true,"href":"https:\/\/www.retrobuddys.com\/it\/wp-json\/wp\/v2\/product_brand?post=3516"},{"taxonomy":"product_cat","embeddable":true,"href":"https:\/\/www.retrobuddys.com\/it\/wp-json\/wp\/v2\/product_cat?post=3516"},{"taxonomy":"product_tag","embeddable":true,"href":"https:\/\/www.retrobuddys.com\/it\/wp-json\/wp\/v2\/product_tag?post=3516"}],"curies":[{"name":"wp","href":"https:\/\/api.w.org\/{rel}","templated":true}]}}