{"id":3514,"date":"2023-03-19T21:40:36","date_gmt":"2023-03-19T21:40:36","guid":{"rendered":"https:\/\/www.retrobuddys.com\/shop\/senza-categoria\/estensione-di-memoria-4mb-per-amiga-600-fast-mem\/"},"modified":"2026-02-08T15:57:17","modified_gmt":"2026-02-08T15:57:17","slug":"espansione-di-memoria-4mb-amiga-600","status":"publish","type":"product","link":"https:\/\/www.retrobuddys.com\/it\/shop\/mods-hw-amiga-it\/amiga-600-it\/espansione-di-memoria-4mb-amiga-600\/","title":{"rendered":"Estensione di memoria 4MB per Amiga 600 Fast Mem"},"content":{"rendered":"<h1><strong>NUOVO ! Estensione di memoria 4MB per Amiga 600 Fast Mem<\/strong><\/h1>\n<p>Per l&#8217;installazione \u00e8 necessario svitare l&#8217;Amiga. L&#8217;espansione di memoria viene collegata *al processore 68000*.<br \/>\nNon deve essere saldata e non \u00e8 necessario alcun driver: <\/p>\n<ul>\n<li>Estensione di memoria 4MB &#8220;Fast Mem&#8221; per Amiga 600<\/li>\n<li>Istruzioni di installazione stampate in breve<\/li>\n<\/ul>\n<p>Come cliente privato, riceverai una garanzia di 2 anni sull&#8217;estensione di memoria e riceverai una fattura con IVA indicata. Tieni presente che l&#8217;estensione di memoria \u00e8 stata rilasciata con licenza CERN OHL v. 1.2. Il design \u00e8 stato creato da SukkoPera. L&#8217;estensione di memoria \u00e8 stata prodotta da Retrobuddys in Germania.<\/p>\n","protected":false},"excerpt":{"rendered":"<p>NUOVO ! Estensione di memoria 4MB per Amiga 600 Fast Mem Per l&#8217;installazione \u00e8 necessario svitare l&#8217;Amiga. L&#8217;espansione di memoria viene collegata *al processore 68000*. Non deve essere saldata e non \u00e8 necessario alcun driver: Estensione di memoria 4MB &#8220;Fast Mem&#8221; per Amiga 600 Istruzioni di installazione stampate in breve Come cliente privato, riceverai una [&#8230;]\n","protected":false},"featured_media":3520,"template":"","meta":[],"product_brand":[],"product_cat":[438,439,437,436],"product_tag":[442,444,448,446,445],"class_list":{"0":"post-3514","1":"product","2":"type-product","3":"status-publish","4":"has-post-thumbnail","6":"product_cat-amiga-600-it","7":"product_cat-espansione-della-memoria","8":"product_cat-memoria-memory-stick","9":"product_cat-mods-hw-amiga-it","10":"product_tag-amiga-it","11":"product_tag-amiga-600-it","12":"product_tag-espansione-della-memoria","13":"product_tag-memoria-it","14":"product_tag-ram-it","15":"product_shipping_class-dhl-it","17":"first","18":"instock","19":"taxable","20":"shipping-taxable","21":"purchasable","22":"product-type-simple"},"jetpack_sharing_enabled":true,"_links":{"self":[{"href":"https:\/\/www.retrobuddys.com\/it\/wp-json\/wp\/v2\/product\/3514","targetHints":{"allow":["GET"]}}],"collection":[{"href":"https:\/\/www.retrobuddys.com\/it\/wp-json\/wp\/v2\/product"}],"about":[{"href":"https:\/\/www.retrobuddys.com\/it\/wp-json\/wp\/v2\/types\/product"}],"wp:featuredmedia":[{"embeddable":true,"href":"https:\/\/www.retrobuddys.com\/it\/wp-json\/wp\/v2\/media\/3520"}],"wp:attachment":[{"href":"https:\/\/www.retrobuddys.com\/it\/wp-json\/wp\/v2\/media?parent=3514"}],"wp:term":[{"taxonomy":"product_brand","embeddable":true,"href":"https:\/\/www.retrobuddys.com\/it\/wp-json\/wp\/v2\/product_brand?post=3514"},{"taxonomy":"product_cat","embeddable":true,"href":"https:\/\/www.retrobuddys.com\/it\/wp-json\/wp\/v2\/product_cat?post=3514"},{"taxonomy":"product_tag","embeddable":true,"href":"https:\/\/www.retrobuddys.com\/it\/wp-json\/wp\/v2\/product_tag?post=3514"}],"curies":[{"name":"wp","href":"https:\/\/api.w.org\/{rel}","templated":true}]}}