{"id":3513,"date":"2023-02-15T18:14:08","date_gmt":"2023-02-15T18:14:08","guid":{"rendered":"https:\/\/www.retrobuddys.com\/shop\/senza-categoria\/estensione-di-memoria-1mb-per-amiga-600-con-senza-rtc-orologio-in-tempo-reale-nuovo\/"},"modified":"2026-02-08T15:57:08","modified_gmt":"2026-02-08T15:57:08","slug":"espansione-di-memoria-1mb-per-amiga-600-senza-rtc-realtime-clock-nuovo","status":"publish","type":"product","link":"https:\/\/www.retrobuddys.com\/it\/shop\/mods-hw-amiga-it\/amiga-600-it\/espansione-di-memoria-1mb-per-amiga-600-senza-rtc-realtime-clock-nuovo\/","title":{"rendered":"Estensione di memoria 1MB per Amiga 600 con\/senza RTC - Orologio in tempo reale - NUOVO"},"content":{"rendered":"<h1><strong>Estensione di memoria 1MB per Amiga 600 con\/senza RTC<\/strong><\/h1>\n<p><strong>*Colore attuale del PCB\/PCB: nero*.<\/strong><\/p>\n<p>L&#8217;Amiga non deve essere svitato per l&#8217;installazione. L&#8217;espansione di memoria viene installata nella &#8220;botola&#8221; sottostante. Contenuto della fornitura:<\/p>\n<ul>\n<li>Estensione di memoria 1MB per Amiga 600<\/li>\n<li>Modulo orologio in tempo reale (opzionale)<\/li>\n<li>Batteria CR2032 (opzionale)<\/li>\n<\/ul>\n<p>Come cliente privato, riceverai una garanzia di 2 anni sull&#8217;estensione di memoria e riceverai una fattura con IVA indicata. Tieni presente che l&#8217;estensione di memoria \u00e8 stata rilasciata con licenza CERN OHL v. 1.2. Il design \u00e8 stato creato da SukkoPera. L&#8217;estensione di memoria \u00e8 stata prodotta da Retrobuddys in Germania.<\/p>\n<p>Visitate anche il nostro negozio all&#8217;indirizzo www.retrobuddys.com<\/p>\n","protected":false},"excerpt":{"rendered":"<h1><strong>Estensione di memoria 1MB per Amiga 600 con\/senza RTC<\/strong><\/h1>\n<p><strong>*Colore attuale del PCB\/PCB: nero*.<\/strong><\/p>\n","protected":false},"featured_media":3530,"template":"","meta":[],"product_brand":[],"product_cat":[438,439,437,436],"product_tag":[442,444,448,446,445],"class_list":{"0":"post-3513","1":"product","2":"type-product","3":"status-publish","4":"has-post-thumbnail","6":"product_cat-amiga-600-it","7":"product_cat-espansione-della-memoria","8":"product_cat-memoria-memory-stick","9":"product_cat-mods-hw-amiga-it","10":"product_tag-amiga-it","11":"product_tag-amiga-600-it","12":"product_tag-espansione-della-memoria","13":"product_tag-memoria-it","14":"product_tag-ram-it","15":"product_shipping_class-dhl-it","17":"first","18":"instock","19":"taxable","20":"shipping-taxable","21":"purchasable","22":"product-type-variable"},"origins":[],"jetpack_sharing_enabled":true,"_links":{"self":[{"href":"https:\/\/www.retrobuddys.com\/it\/wp-json\/wp\/v2\/product\/3513","targetHints":{"allow":["GET"]}}],"collection":[{"href":"https:\/\/www.retrobuddys.com\/it\/wp-json\/wp\/v2\/product"}],"about":[{"href":"https:\/\/www.retrobuddys.com\/it\/wp-json\/wp\/v2\/types\/product"}],"wp:featuredmedia":[{"embeddable":true,"href":"https:\/\/www.retrobuddys.com\/it\/wp-json\/wp\/v2\/media\/3530"}],"wp:attachment":[{"href":"https:\/\/www.retrobuddys.com\/it\/wp-json\/wp\/v2\/media?parent=3513"}],"wp:term":[{"taxonomy":"product_brand","embeddable":true,"href":"https:\/\/www.retrobuddys.com\/it\/wp-json\/wp\/v2\/product_brand?post=3513"},{"taxonomy":"product_cat","embeddable":true,"href":"https:\/\/www.retrobuddys.com\/it\/wp-json\/wp\/v2\/product_cat?post=3513"},{"taxonomy":"product_tag","embeddable":true,"href":"https:\/\/www.retrobuddys.com\/it\/wp-json\/wp\/v2\/product_tag?post=3513"}],"curies":[{"name":"wp","href":"https:\/\/api.w.org\/{rel}","templated":true}]}}