{"id":14471,"date":"2026-05-07T17:23:23","date_gmt":"2026-05-07T17:23:23","guid":{"rendered":"https:\/\/www.retrobuddys.com\/?post_type=product&#038;p=14471"},"modified":"2026-05-07T18:57:13","modified_gmt":"2026-05-07T18:57:13","slug":"rprom-7-volte-amiga-500-600-2000-da-6a-4-3-kickstart-switcher-configurabile","status":"publish","type":"product","link":"https:\/\/www.retrobuddys.com\/it\/shop\/mods-hw-amiga-it\/amiga-2000-it\/rprom-7-volte-amiga-500-600-2000-da-6a-4-3-kickstart-switcher-configurabile\/","title":{"rendered":"RPROM 7 volte Amiga 500\/600\/2000 da 6a\/4.3 Kickstart Switcher configurabile"},"content":{"rendered":"<h1>RPROM Amiga 500 &gt; Rev 6a \/ Amiga 600 \/ Amiga 2000 dalla Rev. 4.3<br \/>\n7-fold Kickstart Switcher completamente configurabile su PC\/Amiga!<\/h1>\n<p>RPROM \u00e8 un emulatore di ROM per computer Amiga a 16 bit (A500, A600, A2000) basato sul microcontrollore RP2350B. RPROM \u00e8 stato sviluppato congiuntamente da Niklas Ekstr\u00f6m e Per Bengtsson e siamo lieti di poterlo offrire insieme agli sviluppatori. <\/p>\n<p>La scheda RPROM ha una memoria flash SPI da 4 MB. Ogni immagine ROM ha una dimensione di 512 kB, quindi i 4 MB sono suddivisi in otto locazioni di memoria da 512 kB ciascuna. La prima posizione di memoria \u00e8 destinata alla memorizzazione del firmware della RPROM e dei dati di configurazione dell&#8217;RP2350B. Le sette posizioni di memoria rimanenti sono utilizzate per memorizzare le immagini kickstart \/ ROM.   <\/p>\n<p>Le immagini ROM possono essere scritte nella memoria flash sia tramite USB sul PC che direttamente dall&#8217;Amiga utilizzando un programma chiamato RPROM.<br \/>\nQuesto programma RPROM viene utilizzato anche per cambiare lo slot attivo o per determinare quale sia lo slot attivo.<\/p>\n<p>RPROM \u00e8 un comando CLI che viene eseguito su Amiga. Ha i seguenti sottocomandi: <\/p>\n<ul>\n<li>Lo stato della RPROM fornisce informazioni sullo stato del dispositivo.<\/li>\n<li>Interruttore RPROM &lt;slot&gt; cambia lo slot attivo e riavvia l&#8217;Amiga.<\/li>\n<li>Scrittura RPROM  &lt;slot&gt; &lt;immagine&gt;  scrive il contenuto del file  &lt;immagine&gt;  nella fessura  &lt;slot&gt;<\/li>\n<li>Lettura RPROM  &lt;slot&gt; &lt;immagine&gt;  legge il contenuto dello slot  &lt;slot&gt;  e lo salva nel file  &lt;immagine&gt;<\/li>\n<li>Cancellazione RPROM &lt;slot&gt; cancella lo slot &lt;slot&gt;<\/li>\n<\/ul>\n<p>Tieni presente che le immagini ROM non devono essere scambiate byte per byte (cio\u00e8 sono necessarie le immagini .ROM e non le .BIN!).<\/p>\n<p>Per cambiare lo slot attivo tramite tastiera (premere CTRL - Amiga - Amiga per 3 secondi) il pin di reset della RPROM deve essere collegato al pin 11 di Paula o al pin 5 di Gary.<br \/>\nQuesto richiede abilit\u00e0 di saldatura. Questo vale anche se DiagRom viene avviato dalla RPROM. Se DiagRom viene avviato senza collegare il pin di reset, lo slot attivo pu\u00f2 essere scambiato solo sul PC.  <\/p>\n<p>La RPROM non funziona ancora con un Amiga1200 \/ 3000 \/ 4000. Questo \u00e8 previsto per una data successiva. Niklas e Per stanno gi\u00e0 lavorando al firmware. Avrai quindi bisogno di 2 RPROM.   <\/p>\n<p>Per un Amiga 500 Rev 5 o un Amiga 2000 prima della Rev 4.3 \u00e8 necessario un adattatore.<\/p>\n<p><strong>Attenzione: dopo l&#8217;acquisto devi fornire una prova credibile di una licenza esistente per le versioni Kickstart se vuoi che installiamo Kickstart<\/strong> (Cloanto o simili)!<br \/>\nSe non hai una licenza per le versioni Kickstart, puoi ottenerla da Cloanto (ora purtroppo in versione &#8220;Plus&#8221;).<\/p>\n<p>ROM diagnostico per Amiga di John Hertell. Ulteriori informazioni sono disponibili all&#8217;indirizzo: www.diagrom.com.<\/p>\n<p>Ambito di consegna:<\/p>\n<ul>\n<li>RPROM Rev 2 per Amiga 500 Rev 6a, Amiga 600 e Amiga 2000 da Rev 4.3<\/li>\n<li>Istruzioni per l&#8217;installazione<\/li>\n<li>Cavo DuPont da 30 cm + pin header<\/li>\n<\/ul>\n<p>I dettagli del progetto sono disponibili qui =&gt; <a href=\"https:\/\/github.com\/niklasekstrom\/RPROM\" target=\"_blank\" rel=\"noopener\">https:\/\/github.com\/niklasekstrom\/RPROM<\/a><\/p>\n<p>Niklas e Per ricevono una parte del ricavato da noi.<\/p>\n","protected":false},"excerpt":{"rendered":"<p><span style=\"color: #ed1c24; font-size: 130%;\">Fino al 31 maggio 2026 al prezzo di lancio!!!<\/span><\/p>\n<p>RPROM \u00e8 un emulatore di ROM per computer Amiga a 16 bit (A500, A600, A2000) basato sul microcontrollore RP2350B. RPROM \u00e8 stato sviluppato congiuntamente da Niklas Ekstr\u00f6m e Per Bengtsson e siamo lieti di poterlo offrire insieme agli sviluppatori. <\/p>\n","protected":false},"featured_media":14496,"template":"","meta":[],"product_brand":[],"product_cat":[451,449,438,436],"product_tag":[442,479,480,1180],"class_list":{"0":"post-14471","1":"product","2":"type-product","3":"status-publish","4":"has-post-thumbnail","6":"product_cat-amiga-2000-it","7":"product_cat-amiga-500-it","8":"product_cat-amiga-600-it","9":"product_cat-mods-hw-amiga-it","10":"product_tag-amiga-it","11":"product_tag-avviamento","12":"product_tag-commutatore","13":"product_tag-rprom","14":"product_shipping_class-maxi-lettera","16":"first","17":"instock","18":"sale","19":"taxable","20":"shipping-taxable","21":"purchasable","22":"product-type-variable","23":"has-default-attributes"},"origins":[],"jetpack_sharing_enabled":true,"_links":{"self":[{"href":"https:\/\/www.retrobuddys.com\/it\/wp-json\/wp\/v2\/product\/14471","targetHints":{"allow":["GET"]}}],"collection":[{"href":"https:\/\/www.retrobuddys.com\/it\/wp-json\/wp\/v2\/product"}],"about":[{"href":"https:\/\/www.retrobuddys.com\/it\/wp-json\/wp\/v2\/types\/product"}],"wp:featuredmedia":[{"embeddable":true,"href":"https:\/\/www.retrobuddys.com\/it\/wp-json\/wp\/v2\/media\/14496"}],"wp:attachment":[{"href":"https:\/\/www.retrobuddys.com\/it\/wp-json\/wp\/v2\/media?parent=14471"}],"wp:term":[{"taxonomy":"product_brand","embeddable":true,"href":"https:\/\/www.retrobuddys.com\/it\/wp-json\/wp\/v2\/product_brand?post=14471"},{"taxonomy":"product_cat","embeddable":true,"href":"https:\/\/www.retrobuddys.com\/it\/wp-json\/wp\/v2\/product_cat?post=14471"},{"taxonomy":"product_tag","embeddable":true,"href":"https:\/\/www.retrobuddys.com\/it\/wp-json\/wp\/v2\/product_tag?post=14471"}],"curies":[{"name":"wp","href":"https:\/\/api.w.org\/{rel}","templated":true}]}}