{"id":11202,"date":"2025-12-13T17:18:11","date_gmt":"2025-12-13T17:18:11","guid":{"rendered":"https:\/\/www.retrobuddys.com\/shop\/senza-categoria\/hd-64-di-spl-un-vero-e-proprio-hdmi-per-c-64-nuovo\/"},"modified":"2026-04-20T08:01:04","modified_gmt":"2026-04-20T08:01:04","slug":"hd-64-di-spl-un-vero-e-proprio-hdmi-per-c-64-nuovo","status":"publish","type":"product","link":"https:\/\/www.retrobuddys.com\/it\/shop\/c64\/hd-64-di-spl-un-vero-e-proprio-hdmi-per-c-64-nuovo\/","title":{"rendered":"HD-64 di SPL - un vero e proprio HDMI per C-64 *nuovo*"},"content":{"rendered":"<p>L&#8217;SPL HD-64 \u00e8 un modulatore RF sostitutivo per il computer Commodore 64 che dispone di un&#8217;uscita video e audio micro HDMI full HD 50\/60 Hz. \u00c8 importante notare che l&#8217;HD-64 non sostituisce il VIC-II, che deve ancora essere montato sulla scheda madre. <\/p>\n<p>Invece di digitalizzare il segnale video analogico del VIC, l&#8217;HD-64 &#8220;fiuta&#8221; il bus di memoria del C64 e genera un&#8217;uscita video perfetta al pixel utilizzando un&#8217;emulazione implementata su FPGA. Il video ricostruito viene poi scalato alla risoluzione full HD, unito all&#8217;audio digitalizzato dal SID e inviato in uscita come HDMI. <\/p>\n<p><span style=\"font-size: 105%; color: #ed1c24;\"><strong>Attenzione: sono richieste buone o ottime capacit\u00e0 di saldatura e dissaldatura. Il modulo non \u00e8 &#8220;Plug&amp;Play&#8221; e se sai saldare solo un po&#8217; o sei inesperto, allora \u00e8 meglio che il modulo venga installato da noi! <\/strong><\/span><\/p>\n<p>Ecco un bel video di FrankyByte sull&#8217;installazione =&gt; <a href=\"https:\/\/www.youtube.com\/watch?v=KjwgQKW5zSw\" target=\"_blank\" rel=\"noopener\">https:\/\/www.youtube.com\/watch?v=KjwgQKW5zSw<\/a><\/p>\n<p>Funzioni:<\/p>\n<ul>\n<li>Sostituisce il modulatore standard.<\/li>\n<li>Uscita Micro-HDMI tramite apertura RF nell&#8217;alloggiamento<\/li>\n<li>Uscita HDMI Full HD (50 per PAL, 60 per NTSC) con audio stereo<\/li>\n<li>&lt;  1 ms di latenza<\/li>\n<li>Palette di colori configurabile, scanline, &#8220;blur&#8221; (o &#8220;anti-aliasing&#8221;), rapporto d&#8217;aspetto, audio mono stereo<\/li>\n<li>Conversione audio analogico-digitale per un massimo di due canali SID<\/li>\n<li>Rilevamento automatico PAL\/NTSC<\/li>\n<li>Compatibile con tutte le schede madri originali (comprese le shortboard)<\/li>\n<li>La versione shortboard viene alimentata tramite i pin del modulatore originale, mentre la longboard richiede un cavo aggiuntivo.<\/li>\n<li>Il video analogico \u00e8 ancora disponibile tramite connessione AV, sia composita che S-video.<\/li>\n<li>Tensione S-Video corretta per funzionare su qualsiasi CRT standard (che supporta S-Video)<\/li>\n<li>Aggiornamenti del firmware tramite USB-C<\/li>\n<li>Funzioni future su cui si sta gi\u00e0 lavorando: scalatura configurabile (scalatura intera, overscan)<\/li>\n<\/ul>\n<p>Il kit HD-64 contiene le seguenti parti:<\/p>\n<ul>\n<li>1 scheda madre HD-64<\/li>\n<li>1x VIC-II interleaver (adattatore intermedio)<\/li>\n<li>4x distanziali M3 da 10 mm (con dadi)<\/li>\n<li>2 connettori maschi a 4 pin (maschio)<\/li>\n<li>2 connettori a 4 pin (femmina)<\/li>\n<li>1x base piatta VIC-II &#8220;sacrificale<\/li>\n<\/ul>\n<p>\u00c8 possibile ordinare prese VIC aggiuntive (2&#215;20 pin macchina torniti) e interleaver come opzione.<\/p>\n<p>Se vuoi installare il kit nel tuo C-64, funziona come segue:<\/p>\n<ol>\n<li>Ti preghiamo di registrare un video del tuo C-64 funzionante e di scattare alcune foto e di inviarcele via e-mail. Tieni presente che il C-64 non deve essere modificato all&#8217;interno. Se presenta piccoli difetti, sii corretto e includili nelle foto.  <\/li>\n<li>Imballa il tuo C-64 in modo sicuro e spediscilo via DHL (importante! niente Hermes\/UPS\/DPD - questi mittenti giocano a calcio con i pacchi). Non inviare biancheria sporca, imballaggi per alimenti o simili (s\u00ec, abbiamo gi\u00e0 ricevuto cose del genere&#8230;). <\/li>\n<li>Non appena arriva, scattiamo delle foto e lo testiamo.<\/li>\n<li>Installiamo l&#8217;estensione, la testiamo, scattiamo foto e realizziamo un video.<\/li>\n<li>Ti rispediremo il C-64 tramite DHL. Controlla che l&#8217;imballaggio non sia danneggiato. Cercheremo di utilizzare il tuo imballaggio.  <\/li>\n<li>La durata dipende da quanto dobbiamo fare, circa 1 settimana + spedizione.<\/li>\n<\/ol>\n<p>Dopo l&#8217;acquisto riceverai le istruzioni via e-mail da noi.<\/p>\n<p>&nbsp;<\/p>\n","protected":false},"excerpt":{"rendered":"<h4><\/h4>\n","protected":false},"featured_media":11203,"template":"","meta":[],"product_brand":[],"product_cat":[822,802],"product_tag":[1044,824,796],"class_list":{"0":"post-11202","1":"product","2":"type-product","3":"status-publish","4":"has-post-thumbnail","6":"product_cat-c64","7":"product_cat-rgb2hdmi","8":"product_tag-c-64","9":"product_tag-c64","10":"product_tag-hdmi-it","11":"product_shipping_class-dhl-it","13":"first","14":"instock","15":"taxable","16":"shipping-taxable","17":"purchasable","18":"product-type-variable","19":"has-default-attributes"},"origins":[],"jetpack_sharing_enabled":true,"_links":{"self":[{"href":"https:\/\/www.retrobuddys.com\/it\/wp-json\/wp\/v2\/product\/11202","targetHints":{"allow":["GET"]}}],"collection":[{"href":"https:\/\/www.retrobuddys.com\/it\/wp-json\/wp\/v2\/product"}],"about":[{"href":"https:\/\/www.retrobuddys.com\/it\/wp-json\/wp\/v2\/types\/product"}],"wp:featuredmedia":[{"embeddable":true,"href":"https:\/\/www.retrobuddys.com\/it\/wp-json\/wp\/v2\/media\/11203"}],"wp:attachment":[{"href":"https:\/\/www.retrobuddys.com\/it\/wp-json\/wp\/v2\/media?parent=11202"}],"wp:term":[{"taxonomy":"product_brand","embeddable":true,"href":"https:\/\/www.retrobuddys.com\/it\/wp-json\/wp\/v2\/product_brand?post=11202"},{"taxonomy":"product_cat","embeddable":true,"href":"https:\/\/www.retrobuddys.com\/it\/wp-json\/wp\/v2\/product_cat?post=11202"},{"taxonomy":"product_tag","embeddable":true,"href":"https:\/\/www.retrobuddys.com\/it\/wp-json\/wp\/v2\/product_tag?post=11202"}],"curies":[{"name":"wp","href":"https:\/\/api.w.org\/{rel}","templated":true}]}}