{"id":10295,"date":"2025-12-03T10:47:31","date_gmt":"2025-12-03T10:47:31","guid":{"rendered":"https:\/\/www.retrobuddys.com\/?post_type=product&#038;p=10295"},"modified":"2025-12-11T19:08:56","modified_gmt":"2025-12-11T19:08:56","slug":"blaze-evercade-vs-r-e-neogeo-arcade-1-bundle-kopie","status":"publish","type":"product","link":"https:\/\/www.retrobuddys.com\/it\/shop\/blaze-evercade\/hardware-evercade\/blaze-evercade-vs-r-e-neogeo-arcade-1-bundle-kopie\/","title":{"rendered":"Blaze Evercade VS-R Solo e Activision Collection 1 Cartuccia (Bundle)"},"content":{"rendered":"<p>Evercade VS-R Solo \u00e8 l&#8217;ultima versione della pluripremiata console di giochi retr\u00f2, ora con un design retr\u00f2. Progettata per essere utilizzata con i televisori, include un controller e ne supporta fino a quattro. Compatibile con le cartucce Evercade, offre oltre 600 giochi da pi\u00f9 di 60 collezioni e copre cinque decenni di giochi arcade, console e home computer.  <\/p>\n<ul>\n<li>Evercade VS-R Solo porta il classico gioco retr\u00f2 sulla tua TV.<\/li>\n<li>Funziona con tutte le cartucce Evercade - include oltre 60 cartucce e pi\u00f9 di 600 giochi.<\/li>\n<li>Gioca con un massimo di 4 giocatori (\u00e8 incluso un controller Evercade VS-R).<\/li>\n<li>Uscita 1080p per TV HDMI con diversi rapporti di schermo e filtri disponibili.<\/li>\n<li>Gioca su console, home computer, arcade e altro ancora con oltre cinque decenni di giochi con licenza ufficiale nell&#8217;ecosistema di cartucce Evercade.<\/li>\n<li>Activision Collection 1 cartuccia con 15 fantastici titoli dell&#8217;era delle console a 8 bit<\/li>\n<li>La WLAN \u00e8 integrata<\/li>\n<\/ul>\n<p>Contenuto: console VS-R, controller VS-R, guida rapida, cavo micro USB, cartuccia Activision Collection 1 con 15 fantastici titoli dell&#8217;epoca delle console a 8 bit.<\/p>\n<p>Sono inclusi i seguenti giochi: Beamrider, Crackpots, Demon Attack, Enduro, Fishing Derby, Freeway, Grand Prix, Megamania, Pitfall!, Private Eye, River Raid, Sky Jinks, Space Shuttle: A Journey Into Space, Starmaster e Tennis.<\/p>\n<p>** Namco Museum Collection 1 &amp; 2 non \u00e8 compatibile con Evercade VS-R<\/p>\n","protected":false},"excerpt":{"rendered":"<p>Evercade VS-R Solo \u00e8 l&#8217;ultima versione della pluripremiata console di giochi retr\u00f2, ora con un design retr\u00f2. Progettata per essere utilizzata con i televisori, include un controller e ne supporta fino a quattro. Compatibile con le cartucce Evercade, offre oltre 600 giochi da pi\u00f9 di 60 collezioni e copre cinque decenni di giochi arcade, console [&#8230;]\n","protected":false},"featured_media":10306,"template":"","meta":[],"product_brand":[955],"product_cat":[971,1013],"product_tag":[984,974,983],"class_list":{"0":"post-10295","1":"product","2":"type-product","3":"status-publish","4":"has-post-thumbnail","6":"product_brand-blaze-entertainment","7":"product_cat-blaze-evercade","8":"product_cat-hardware-evercade","9":"product_tag-arcade","10":"product_tag-blaze","11":"product_tag-evercade","12":"product_shipping_class-dhl-it","14":"first","15":"instock","16":"taxable","17":"shipping-taxable","18":"purchasable","19":"product-type-simple"},"jetpack_sharing_enabled":true,"_links":{"self":[{"href":"https:\/\/www.retrobuddys.com\/it\/wp-json\/wp\/v2\/product\/10295","targetHints":{"allow":["GET"]}}],"collection":[{"href":"https:\/\/www.retrobuddys.com\/it\/wp-json\/wp\/v2\/product"}],"about":[{"href":"https:\/\/www.retrobuddys.com\/it\/wp-json\/wp\/v2\/types\/product"}],"wp:featuredmedia":[{"embeddable":true,"href":"https:\/\/www.retrobuddys.com\/it\/wp-json\/wp\/v2\/media\/10306"}],"wp:attachment":[{"href":"https:\/\/www.retrobuddys.com\/it\/wp-json\/wp\/v2\/media?parent=10295"}],"wp:term":[{"taxonomy":"product_brand","embeddable":true,"href":"https:\/\/www.retrobuddys.com\/it\/wp-json\/wp\/v2\/product_brand?post=10295"},{"taxonomy":"product_cat","embeddable":true,"href":"https:\/\/www.retrobuddys.com\/it\/wp-json\/wp\/v2\/product_cat?post=10295"},{"taxonomy":"product_tag","embeddable":true,"href":"https:\/\/www.retrobuddys.com\/it\/wp-json\/wp\/v2\/product_tag?post=10295"}],"curies":[{"name":"wp","href":"https:\/\/api.w.org\/{rel}","templated":true}]}}