{"id":10051,"date":"2025-12-03T10:03:36","date_gmt":"2025-12-03T10:03:36","guid":{"rendered":"https:\/\/www.retrobuddys.com\/shop\/senza-categoria\/blaze-evercade-exp-r-e-duke-nukem-collection-1-bundle\/"},"modified":"2025-12-11T19:08:57","modified_gmt":"2025-12-11T19:08:57","slug":"blaze-evercade-exp-r-e-duke-nukem-collection-1-bundle","status":"publish","type":"product","link":"https:\/\/www.retrobuddys.com\/it\/shop\/blaze-evercade\/hardware-evercade\/blaze-evercade-exp-r-e-duke-nukem-collection-1-bundle\/","title":{"rendered":"Blaze Evercade EXP-R e Duke Nukem Collection 1 (Bundle)"},"content":{"rendered":"<p>Evercade EXP-R \u00e8 l&#8217;ultima versione della pluripremiata console portatile per giochi retr\u00f2 di Evercade. Questa console portatile ti permette di giocare ai giochi retr\u00f2 in modo semplice e in movimento con Evercade. La nuova versione \u00e8 compatibile con tutte le cartucce Evercade e viene fornita con la Duke Nukem Collection 1.  <\/p>\n<ul>\n<li>Evercade EXP-R Solo offre il classico gioco retr\u00f2 in movimento con un nuovo design di ispirazione retr\u00f2, che comprende uno chassis grigio chiaro con accenti grigio scuro e rossi.<\/li>\n<li>Modalit\u00e0 TATE per la riproduzione a schermo verticale con pulsanti dedicati.<\/li>\n<li>Inclusa la cartuccia Duke Nukem Collection 1 (con 3 giochi)<\/li>\n<li>Piena compatibilit\u00e0 con la libreria Evercade.<\/li>\n<li>Schermo IPS 800 x 480 ad alta risoluzione e WLAN integrata.<\/li>\n<li>Design leggero e compatto con 4-5 ore di autonomia (ricarica USB-C).<\/li>\n<li>L&#8217;alimentatore (USB-C) deve essere acquistato separatamente.<\/li>\n<\/ul>\n<p>Nota bene: L&#8217;EXP-R non pu\u00f2 essere collegato a un televisore.<\/p>\n","protected":false},"excerpt":{"rendered":"<p>Evercade EXP-R \u00e8 l&#8217;ultima versione della pluripremiata console portatile per giochi retr\u00f2 di Evercade. Questa console portatile ti permette di giocare ai giochi retr\u00f2 in modo semplice e in movimento con Evercade. La nuova versione \u00e8 compatibile con tutte le cartucce Evercade e viene fornita con la Duke Nukem Collection 1. Evercade EXP-R Solo offre [&#8230;]\n","protected":false},"featured_media":10052,"template":"","meta":[],"product_brand":[955],"product_cat":[971,1013],"product_tag":[974,975],"class_list":{"0":"post-10051","1":"product","2":"type-product","3":"status-publish","4":"has-post-thumbnail","6":"product_brand-blaze-entertainment","7":"product_cat-blaze-evercade","8":"product_cat-hardware-evercade","9":"product_tag-blaze","10":"product_tag-evercade-arcade","11":"product_shipping_class-dhl-it","13":"first","14":"instock","15":"taxable","16":"shipping-taxable","17":"purchasable","18":"product-type-simple"},"jetpack_sharing_enabled":true,"_links":{"self":[{"href":"https:\/\/www.retrobuddys.com\/it\/wp-json\/wp\/v2\/product\/10051","targetHints":{"allow":["GET"]}}],"collection":[{"href":"https:\/\/www.retrobuddys.com\/it\/wp-json\/wp\/v2\/product"}],"about":[{"href":"https:\/\/www.retrobuddys.com\/it\/wp-json\/wp\/v2\/types\/product"}],"wp:featuredmedia":[{"embeddable":true,"href":"https:\/\/www.retrobuddys.com\/it\/wp-json\/wp\/v2\/media\/10052"}],"wp:attachment":[{"href":"https:\/\/www.retrobuddys.com\/it\/wp-json\/wp\/v2\/media?parent=10051"}],"wp:term":[{"taxonomy":"product_brand","embeddable":true,"href":"https:\/\/www.retrobuddys.com\/it\/wp-json\/wp\/v2\/product_brand?post=10051"},{"taxonomy":"product_cat","embeddable":true,"href":"https:\/\/www.retrobuddys.com\/it\/wp-json\/wp\/v2\/product_cat?post=10051"},{"taxonomy":"product_tag","embeddable":true,"href":"https:\/\/www.retrobuddys.com\/it\/wp-json\/wp\/v2\/product_tag?post=10051"}],"curies":[{"name":"wp","href":"https:\/\/api.w.org\/{rel}","templated":true}]}}