{"id":3485,"date":"2022-11-03T18:19:26","date_gmt":"2022-11-03T18:19:26","guid":{"rendered":"https:\/\/www.retrobuddys.com\/impronta\/"},"modified":"2025-03-27T05:55:26","modified_gmt":"2025-03-27T05:55:26","slug":"impronta","status":"publish","type":"page","link":"https:\/\/www.retrobuddys.com\/it\/impronta\/","title":{"rendered":"Impronta"},"content":{"rendered":"\n<h1 class=\"p1\"><b>Impronta<\/b><\/h1>\n<p class=\"p2\"><b>Informazioni<\/b><b> <\/b><b>secondo<\/b><b> <\/b><b>\u00a7<\/b><b> <\/b><b>5<\/b><b> <\/b><b>TMG<\/b><\/p>\n<p class=\"p3\">CompuSys Beratungs- und Beteiligungsgesellschaft mbH<br>Hattsmoor 22<br>22417 Amburgo<\/p>\n<p class=\"p6\">Registro delle imprese: HR-B 152142 Tribunale: Amburgo<\/p>\n<p class=\"p6\"><b>Rappresentato<\/b><b> <\/b><b>da:<br><\/b>Peter Jaeger<\/p>\n<p class=\"p10\"><span class=\"s5\"><b>contatto<br><\/b><\/span>Telefono: +49 40 - 8221 60 710<br>Fax: +49 40 - 450 633 73<br>E-mail:<span class=\"s4\"> <a href=\"mailto:info@retrobuddys.com\">info@retrobuddys.com<\/a><\/span><\/p>\n<p class=\"p10\"><span class=\"s5\"><b>Identificativo dell&#8217;imposta sulle vendite<br><\/b><\/span>Numero di identificazione dell&#8217;imposta sulle vendite secondo il \u00a7 27 a della legge sull&#8217;imposta sulle vendite: DE347610141<\/p>\n<p class=\"p2\"><b>Responsabilit\u00e0<\/b><b>editoriale<\/b><b> <\/b><b><br> Peter Jaeger, Hattsmoor 22, 22417 Amburgo<\/b><\/p>\n<p class=\"p10\"><span class=\"s5\"><b>Risoluzione delle controversie nell&#8217;UE<br><\/b><\/span>La Commissione europea mette a disposizione una piattaforma per la risoluzione delle controversie online (OS): <a href=\"https:\/\/ec.europa.eu\/consumers\/odr\/\"><span class=\"s7\">https:\/\/ec.europa.eu\/consumers\/odr\/<\/span><\/a>.<\/p>\n<p class=\"p4\">Il nostro indirizzo e-mail \u00e8 riportato nella nota legale di cui sopra.<\/p>\n<p class=\"p10\"><span class=\"s3\"><b>Risoluzione delle controversie dei consumatori\/centro di arbitrato universale<br><\/b><\/span>Partecipiamo a una procedura di risoluzione delle controversie davanti a un collegio arbitrale dei consumatori. Il Collegio arbitrale universale del Zentrum f\u00fcr Schlichtung e.V., Stra\u00dfburger Stra\u00dfe 8, 77694 Kehl am Rhein (<span class=\"s3\">\n  <a href=\"https:\/\/www.verbraucher-schlichter.de\/\">https:\/\/www.verbraucher-schlichter.de<\/a>\n<\/span><span class=\"s4\">).<\/span><\/p>\n<p class=\"p4\"><span class=\"s5\">Fonte: <\/span><span class=\"s3\">\n  <a href=\"https:\/\/www.e-recht24.de\/impressum-generator.html\">https:\/\/www.e-recht24.de\/impressum-generator.html<\/a>\n<\/span><\/p>\n<div class=\"woocommerce woocommerce-gzd woocommerce-gzd-complaints-shortcode\">\n\t\t\t<h3>Alternative Dispute Resolution in accordance with Art. 14 (1) ODR-VO and \u00a7 36 VSBG:<\/h3>\n\t\nWir sind bereit, an einem au\u00dfergerichtlichen Schlichtungsverfahren teilzunehmen.<\/div>\n\n","protected":false},"excerpt":{"rendered":"","protected":false},"author":1,"featured_media":0,"parent":0,"menu_order":0,"comment_status":"closed","ping_status":"closed","template":"","meta":{"footnotes":""},"class_list":["post-3485","page","type-page","status-publish","hentry"],"jetpack_sharing_enabled":true,"_links":{"self":[{"href":"https:\/\/www.retrobuddys.com\/it\/wp-json\/wp\/v2\/pages\/3485","targetHints":{"allow":["GET"]}}],"collection":[{"href":"https:\/\/www.retrobuddys.com\/it\/wp-json\/wp\/v2\/pages"}],"about":[{"href":"https:\/\/www.retrobuddys.com\/it\/wp-json\/wp\/v2\/types\/page"}],"author":[{"embeddable":true,"href":"https:\/\/www.retrobuddys.com\/it\/wp-json\/wp\/v2\/users\/1"}],"replies":[{"embeddable":true,"href":"https:\/\/www.retrobuddys.com\/it\/wp-json\/wp\/v2\/comments?post=3485"}],"version-history":[{"count":2,"href":"https:\/\/www.retrobuddys.com\/it\/wp-json\/wp\/v2\/pages\/3485\/revisions"}],"predecessor-version":[{"id":7488,"href":"https:\/\/www.retrobuddys.com\/it\/wp-json\/wp\/v2\/pages\/3485\/revisions\/7488"}],"wp:attachment":[{"href":"https:\/\/www.retrobuddys.com\/it\/wp-json\/wp\/v2\/media?parent=3485"}],"curies":[{"name":"wp","href":"https:\/\/api.w.org\/{rel}","templated":true}]}}