{"id":9878,"date":"2025-11-22T07:44:48","date_gmt":"2025-11-22T07:44:48","guid":{"rendered":"https:\/\/www.retrobuddys.com\/shop\/non class\u00e9\/the-a500-mini-joypad-beige\/"},"modified":"2025-11-22T07:44:48","modified_gmt":"2025-11-22T07:44:48","slug":"the-a500-mini-joypad-beige","status":"publish","type":"product","link":"https:\/\/www.retrobuddys.com\/fr\/shop\/materiel-retro-games\/the-a500-mini-joypad-beige\/","title":{"rendered":"The A500 Mini Joypad (Beige)"},"content":{"rendered":"<p><strong>Gamepad USB 8 boutons de pr\u00e9cision<\/strong><\/p>\n<ul>\n<li>Mouvement directionnel \u00e0 4 voies<\/li>\n<li>8 touches<\/li>\n<li>USB 2.0<\/li>\n<li>C\u00e2ble de 1,8 m<\/li>\n<li>Compatible avec THEC64*, THEC64 Mini, THEA500 Mini, PC, Mac &amp; Linux.<br \/>\n*Mise \u00e0 jour du micrologiciel requise<\/li>\n<\/ul>\n<p><strong>Contenu :<\/strong><\/p>\n<ul>\n<li>Gamepad USB de pr\u00e9cision \u00e0 8 touches de couleur cr\u00e8me avec c\u00e2ble de 1,8 m<\/li>\n<\/ul>\n","protected":false},"excerpt":{"rendered":"<p>Gamepad USB 8 boutons de pr\u00e9cision Mouvement directionnel \u00e0 4 voies 8 touches USB 2.0 C\u00e2ble de 1,8 m Compatible avec THEC64*, THEC64 Mini, THEA500 Mini, PC, Mac &amp; Linux. *Mise \u00e0 jour du micrologiciel requise Contenu : Gamepad USB de pr\u00e9cision \u00e0 8 touches de couleur cr\u00e8me avec c\u00e2ble de 1,8 m<\/p>\n","protected":false},"featured_media":9888,"template":"","meta":[],"product_brand":[924],"product_cat":[928],"product_tag":[930,891],"class_list":{"0":"post-9878","1":"product","2":"type-product","3":"status-publish","4":"has-post-thumbnail","6":"product_brand-retro-games","7":"product_cat-materiel-retro-games","8":"product_tag-jeux-retro","9":"product_tag-manette-de-jeu","10":"product_shipping_class-maxi-lettre","12":"first","13":"instock","14":"taxable","15":"shipping-taxable","16":"purchasable","17":"product-type-simple"},"jetpack_sharing_enabled":true,"_links":{"self":[{"href":"https:\/\/www.retrobuddys.com\/fr\/wp-json\/wp\/v2\/product\/9878","targetHints":{"allow":["GET"]}}],"collection":[{"href":"https:\/\/www.retrobuddys.com\/fr\/wp-json\/wp\/v2\/product"}],"about":[{"href":"https:\/\/www.retrobuddys.com\/fr\/wp-json\/wp\/v2\/types\/product"}],"wp:featuredmedia":[{"embeddable":true,"href":"https:\/\/www.retrobuddys.com\/fr\/wp-json\/wp\/v2\/media\/9888"}],"wp:attachment":[{"href":"https:\/\/www.retrobuddys.com\/fr\/wp-json\/wp\/v2\/media?parent=9878"}],"wp:term":[{"taxonomy":"product_brand","embeddable":true,"href":"https:\/\/www.retrobuddys.com\/fr\/wp-json\/wp\/v2\/product_brand?post=9878"},{"taxonomy":"product_cat","embeddable":true,"href":"https:\/\/www.retrobuddys.com\/fr\/wp-json\/wp\/v2\/product_cat?post=9878"},{"taxonomy":"product_tag","embeddable":true,"href":"https:\/\/www.retrobuddys.com\/fr\/wp-json\/wp\/v2\/product_tag?post=9878"}],"curies":[{"name":"wp","href":"https:\/\/api.w.org\/{rel}","templated":true}]}}