{"id":9599,"date":"2025-11-21T08:29:53","date_gmt":"2025-11-21T08:29:53","guid":{"rendered":"https:\/\/www.retrobuddys.com\/shop\/non%20class\u00e9\/thea1200-the-a-1200-a1200\/"},"modified":"2025-11-24T15:38:04","modified_gmt":"2025-11-24T15:38:04","slug":"thea1200-the-a-1200-a1200","status":"publish","type":"product","link":"https:\/\/www.retrobuddys.com\/fr\/shop\/materiel-retro-games\/thea1200-the-a-1200-a1200\/","title":{"rendered":"THEA1200 \/ The A 1200 \/ A1200"},"content":{"rendered":"<h2><strong>PRE-Order Exp\u00e9dition \u00e0 partir du 16.6.2026 !<\/strong><\/h2>\n<p>Vous b\u00e9n\u00e9ficiez de la garantie de prix en pr\u00e9commande. Si le prix baisse entre la date de votre commande et la date de sortie ou de premi\u00e8re livraison, vous recevrez l&rsquo;article au prix le plus bas. Vous recevrez un e-mail avec les d\u00e9tails du remboursement un jour apr\u00e8s la date de sortie ou de premi\u00e8re livraison. Vous pouvez annuler votre commande \u00e0 <strong> tout moment<\/strong> jusqu&rsquo;\u00e0 la date de parution en envoyant un e-mail \u00e0 <a href=\"mailto:info@retrobuddys.com\" target=\"_blank\" rel=\"noopener\">info@retrobuddys.com<\/a>!   <\/p>\n<h2><strong>THE A1200<\/strong> - Retour vers le futur de l&rsquo;informatique !<\/h2>\n<p>Nous vous pr\u00e9sentons le THEA1200, une r\u00e9\u00e9dition compl\u00e8te de cet ordinateur domestique classique avec un clavier fonctionnel. Il est pr\u00eat \u00e0 l&#8217;emploi gr\u00e2ce \u00e0 ses connexions HDMI et USB. Il \u00e9mule parfaitement non seulement l&rsquo;A1200 original avec son architecture graphique avanc\u00e9e (AGA), mais aussi l&rsquo;A500 (OCS) et l&rsquo;Enhanced Chip Set (ECS) des versions pr\u00e9c\u00e9dentes.<br \/>\nJouez \u00e0 l&rsquo;un des 25 classiques Amiga inclus, que vous pouvez facilement s\u00e9lectionner via un carrousel convivial. Parmi eux, des classiques absolus comme Defender of the Crown I &amp; II, Settlers II, la trilogie Turrican, Beneath a Steel Sky, Lure of the Temptress et Ruff &lsquo;n&rsquo; Tumble. Ou chargez vos propres jeux via une cl\u00e9 USB avec un support complet de WHDLoad et de nombreuses options. Sauvegardez et continuez \u00e0 jouer \u00e0 tout moment pour ma\u00eetriser les classiques les plus difficiles.<br \/>\nWorkbench est \u00e9galement inclus pour une exp\u00e9rience Amiga compl\u00e8te, permettant d&rsquo;utiliser tous les logiciels Amiga et \u00e9tant compatible avec des milliers de jeux Amiga classiques et de d\u00e9mos. Il utilise WHDLoad pour une utilisation facile (les jeux doivent \u00eatre achet\u00e9s l\u00e9galement aupr\u00e8s de leurs propri\u00e9taires l\u00e9gitimes).<br \/>\nLe THEA1200 est livr\u00e9 avec une souris \u00e0 deux boutons de style original et un gamepad de pr\u00e9cision \u00e0 huit boutons nouvellement con\u00e7u, ce qui vous permet de choisir librement votre m\u00e9thode de contr\u00f4le.<\/p>\n<p><a href=\"https:\/\/www.retrobuddys.com\/download\/thea1200-trailer_DE_USK.mp4\" target=\"_blank\" rel=\"noopener\">Voir la bande-annonce =&gt; THEA1200 Trailer<\/a><\/p>\n<h4><strong>Le THEA1200 n&rsquo;est pas seulement un ordinateur. C&rsquo;est une machine \u00e0 remonter le temps. <\/strong><\/h4>\n<ul>\n<li>R\u00e9plique fid\u00e8le de l&rsquo;Amiga 1200<\/li>\n<li><span style=\"color: #333333; font-size: 14.4px;\">Clavier complet et fonctionnel<\/span><\/li>\n<li>Sortie multi-r\u00e9gionale HD \u00e0 50 ou 60 Hz<\/li>\n<li>25 fantastiques jeux int\u00e9gr\u00e9s, pr\u00e9sent\u00e9s clairement dans un carrousel facile \u00e0 utiliser, dont : Settlers II, Defender of the Crown I &amp; II, la trilogie Turrican, Beneath a Steel Sky, Lure of the Temptress et Ruff &lsquo;n&rsquo; Tumble.<\/li>\n<li>Quatre ports USB pour les manettes de jeu, la souris, les joysticks et les cl\u00e9s USB<\/li>\n<li>Sauvegardez votre progression dans le jeu et continuez \u00e0 tout moment - avec quatre emplacements de m\u00e9moire par jeu<\/li>\n<li>Jouez \u00e0 vos jeux depuis une cl\u00e9 USB (les jeux doivent avoir \u00e9t\u00e9 achet\u00e9s l\u00e9galement)<\/li>\n<li>Prise en charge de WHDLoad pour un chargement transparent des programmes avec plusieurs disquettes sans changer de disquette<\/li>\n<li>Prend en charge le chargement d&rsquo;images de disquettes avec changement de disquette virtuel<\/li>\n<li>Interface Workbench int\u00e9gr\u00e9e. D\u00e9couvrez l&rsquo;Amiga dans toute sa splendeur et acc\u00e9dez aux logiciels de productivit\u00e9 Amiga et aux outils de d\u00e9veloppement <\/li>\n<li>Souris authentique et gamepad CD32 inclus<\/li>\n<li>Permet de personnaliser enti\u00e8rement les fonctions du contr\u00f4leur pour vos propres jeux. Assignez \u00e0 chaque bouton et axe du contr\u00f4leur <\/li>\n<li>les fonctions du clavier, de la souris et du joystick.<\/li>\n<li>Options d&rsquo;affichage configurables, y compris le redimensionnement, le filtre CRT et le recadrage intelligent<\/li>\n<li>Compatible avec de nombreux contr\u00f4leurs de jeu tiers. \u00c9mule les Amiga 1200, 600 et 500 (ECS\/OCS\/AGA) avec des param\u00e8tres de RAM et de ROM personnalisables et d&rsquo;autres options de chipset.<br \/>\n. <\/li>\n<\/ul>\n<h4><strong>Contenu :  <\/strong><\/h4>\n<ul>\n<li>THEA1200 Ordinateur domestique avec clavier de taille standard<\/li>\n<li>Souris USB \u00e0 2 boutons (1,8 m)<\/li>\n<li>Gamepad USB \u00e0 8 boutons (1,8 m)<\/li>\n<li>C\u00e2ble d&rsquo;alimentation USB-C (1,8 m) (adaptateur secteur non fourni)<\/li>\n<li>C\u00e2ble HDMI (1,8 m)<\/li>\n<li>Guide de d\u00e9marrage rapide.<\/li>\n<\/ul>\n","protected":false},"excerpt":{"rendered":"<p>PRE-Order Exp\u00e9dition \u00e0 partir du 16.6.2026 ! Vous b\u00e9n\u00e9ficiez de la garantie de prix en pr\u00e9commande. Si le prix baisse entre la date de votre commande et la date de sortie ou de premi\u00e8re livraison, vous recevrez l&rsquo;article au prix le plus bas. Vous recevrez un e-mail avec les d\u00e9tails du remboursement un jour apr\u00e8s [&#8230;]\n","protected":false},"featured_media":9616,"template":"","meta":[],"product_brand":[],"product_cat":[928],"product_tag":[912,913,911],"class_list":{"0":"post-9599","1":"product","2":"type-product","3":"status-publish","4":"has-post-thumbnail","6":"product_cat-materiel-retro-games","7":"product_tag-a1200","8":"product_tag-le-a-1200","9":"product_tag-thea1200","10":"product_shipping_class-dhl-fr","12":"first","13":"onbackorder","14":"taxable","15":"shipping-taxable","16":"purchasable","17":"product-type-simple"},"jetpack_sharing_enabled":true,"_links":{"self":[{"href":"https:\/\/www.retrobuddys.com\/fr\/wp-json\/wp\/v2\/product\/9599","targetHints":{"allow":["GET"]}}],"collection":[{"href":"https:\/\/www.retrobuddys.com\/fr\/wp-json\/wp\/v2\/product"}],"about":[{"href":"https:\/\/www.retrobuddys.com\/fr\/wp-json\/wp\/v2\/types\/product"}],"wp:featuredmedia":[{"embeddable":true,"href":"https:\/\/www.retrobuddys.com\/fr\/wp-json\/wp\/v2\/media\/9616"}],"wp:attachment":[{"href":"https:\/\/www.retrobuddys.com\/fr\/wp-json\/wp\/v2\/media?parent=9599"}],"wp:term":[{"taxonomy":"product_brand","embeddable":true,"href":"https:\/\/www.retrobuddys.com\/fr\/wp-json\/wp\/v2\/product_brand?post=9599"},{"taxonomy":"product_cat","embeddable":true,"href":"https:\/\/www.retrobuddys.com\/fr\/wp-json\/wp\/v2\/product_cat?post=9599"},{"taxonomy":"product_tag","embeddable":true,"href":"https:\/\/www.retrobuddys.com\/fr\/wp-json\/wp\/v2\/product_tag?post=9599"}],"curies":[{"name":"wp","href":"https:\/\/api.w.org\/{rel}","templated":true}]}}