{"id":9370,"date":"2025-11-20T15:58:18","date_gmt":"2025-11-20T15:58:18","guid":{"rendered":"https:\/\/www.retrobuddys.com\/shop\/non%20class\u00e9\/hid2ami-adaptateur-usb-pour-amiga-et-c-64-c-128\/"},"modified":"2026-02-08T16:02:49","modified_gmt":"2026-02-08T16:02:49","slug":"hid2ami-adaptateur-usb-pour-amiga-et-c-64-c-128","status":"publish","type":"product","link":"https:\/\/www.retrobuddys.com\/fr\/shop\/mods-hw-amiga\/amiga-1000-fr\/hid2ami-adaptateur-usb-pour-amiga-et-c-64-c-128\/","title":{"rendered":"HID2AMI Adaptateur USB pour Amiga et C-64 \/ C-128"},"content":{"rendered":"<p data-path-to-node=\"1\">HID2AMI est un <b>convertisseur USB de souris HID en forme d&rsquo;onde carr\u00e9e<\/b> et <b>un adaptateur de gamepad HID<\/b> pour tous les Amiga, C-64, C-128 et aussi Atari.<\/p>\n<p data-path-to-node=\"1\">L&rsquo;adaptateur permet de connecter et de jouer avec presque <b>N&rsquo;IMPORTE<\/b> QUELLE <b>souris HID<\/b> moderne (pas limit\u00e9e au PS\/2-USB comme c&rsquo;est le cas avec de nombreux adaptateurs bon march\u00e9) et presque <b>N&rsquo;IMPORTE Q<\/b> UEL <b>gamepad<\/b> num\u00e9rique\/analogique moderne \u00e0 nos ordinateurs Amiga, C-64, C-128.<\/p>\n<p data-path-to-node=\"2\">Actuellement, l&rsquo;adaptateur a \u00e9t\u00e9 test\u00e9 avec des dizaines de gamepads diff\u00e9rents, mais le fonctionnement de chacun des gamepads existants ne peut pas \u00eatre garanti ; cependant, si vous trouvez un pad qui ne fonctionne pas avec HID2AMI, vous pouvez nous envoyer un \u00ab\u00a0HID Report Descriptor\u00a0\u00bb pour examen.<\/p>\n<p data-path-to-node=\"2\">La liste de compatibilit\u00e9 est disponible ici =&gt; <a href=\"https:\/\/www.retrobuddys.com\/fr\/2025\/11\/20\/liste-de-compatibilite-hid2ami\/\" target=\"_blank\" rel=\"noopener\">Liste de compatibilit\u00e9<\/a><\/p>\n<p data-path-to-node=\"2\">Si votre p\u00e9riph\u00e9rique compatible HID n&rsquo;est pas list\u00e9, cela ne signifie pas qu&rsquo;il ne fonctionne pas. Il n&rsquo;a simplement pas encore \u00e9t\u00e9 test\u00e9 ! <\/p>\n<p data-path-to-node=\"2\">Sur Amiga, la molette de la souris peut \u00e9galement \u00eatre prise en charge avec un pilote d\u00e9di\u00e9.  <a href=\"https:\/\/www.retrobuddys.com\/download\/Hid2Ami.lha\" target=\"_blank\" rel=\"noopener\">Le pilote peut \u00eatre t\u00e9l\u00e9charg\u00e9 ici.<\/a><\/p>\n<p data-path-to-node=\"2\">L&rsquo;adaptateur HID2AMI a \u00e9t\u00e9 d\u00e9velopp\u00e9 par EmberHeavyIndustries<a href=\"https:\/\/github.com\/EmberHeavyIndustries\/HID2AMI\" target=\"_blank\" rel=\"noopener\">(https:\/\/github.com\/EmberHeavyIndustries\/HID2AMI)<\/a> et nous sommes ravis de soutenir ce projet exceptionnel.<br \/>\nLe bo\u00eetier a \u00e9t\u00e9 d\u00e9velopp\u00e9 par Lemaru.<br \/>\nUne partie des ventes est revers\u00e9e au d\u00e9veloppeur !<\/p>\n","protected":false},"excerpt":{"rendered":"<p>HID2AMI est un convertisseur USB de souris HID en forme d&rsquo;onde carr\u00e9e et un adaptateur de gamepad HID pour tous les Amiga, C-64, C-128 et aussi Atari. L&rsquo;adaptateur permet de connecter et de jouer avec presque N&rsquo;IMPORTE QUELLE souris HID moderne (pas limit\u00e9e au PS\/2-USB comme c&rsquo;est le cas avec de nombreux adaptateurs bon march\u00e9) [&#8230;]\n","protected":false},"featured_media":9496,"template":"","meta":[],"product_brand":[],"product_cat":[256,513,220,233,258,819,255,217],"product_tag":[821,892,888,891,890,889],"class_list":{"0":"post-9370","1":"product","2":"type-product","3":"status-publish","4":"has-post-thumbnail","6":"product_cat-amiga-1000-fr","7":"product_cat-amiga-1200-fr","8":"product_cat-amiga-2000-fr","9":"product_cat-amiga-500-fr","10":"product_cat-amiga-600-fr","11":"product_cat-c64","12":"product_cat-divers","13":"product_cat-mods-hw-amiga","14":"product_tag-c64","15":"product_tag-hid","16":"product_tag-hid2ami","17":"product_tag-manette-de-jeu","18":"product_tag-souris","19":"product_tag-usb","20":"product_shipping_class-maxi-lettre","22":"first","23":"instock","24":"taxable","25":"shipping-taxable","26":"purchasable","27":"product-type-variable"},"origins":[],"jetpack_sharing_enabled":true,"_links":{"self":[{"href":"https:\/\/www.retrobuddys.com\/fr\/wp-json\/wp\/v2\/product\/9370","targetHints":{"allow":["GET"]}}],"collection":[{"href":"https:\/\/www.retrobuddys.com\/fr\/wp-json\/wp\/v2\/product"}],"about":[{"href":"https:\/\/www.retrobuddys.com\/fr\/wp-json\/wp\/v2\/types\/product"}],"wp:featuredmedia":[{"embeddable":true,"href":"https:\/\/www.retrobuddys.com\/fr\/wp-json\/wp\/v2\/media\/9496"}],"wp:attachment":[{"href":"https:\/\/www.retrobuddys.com\/fr\/wp-json\/wp\/v2\/media?parent=9370"}],"wp:term":[{"taxonomy":"product_brand","embeddable":true,"href":"https:\/\/www.retrobuddys.com\/fr\/wp-json\/wp\/v2\/product_brand?post=9370"},{"taxonomy":"product_cat","embeddable":true,"href":"https:\/\/www.retrobuddys.com\/fr\/wp-json\/wp\/v2\/product_cat?post=9370"},{"taxonomy":"product_tag","embeddable":true,"href":"https:\/\/www.retrobuddys.com\/fr\/wp-json\/wp\/v2\/product_tag?post=9370"}],"curies":[{"name":"wp","href":"https:\/\/api.w.org\/{rel}","templated":true}]}}