{"id":9345,"date":"2025-11-20T14:24:03","date_gmt":"2025-11-20T14:24:03","guid":{"rendered":"https:\/\/www.retrobuddys.com\/shop\/non%20class\u00e9\/teensyrom-c-64-c-128\/"},"modified":"2026-01-13T13:52:38","modified_gmt":"2026-01-13T13:52:38","slug":"teensyrom-c-64-c-128","status":"publish","type":"product","link":"https:\/\/www.retrobuddys.com\/fr\/shop\/c64\/teensyrom-c-64-c-128\/","title":{"rendered":"TeensyRom C-64 \/ C-128"},"content":{"rendered":"<p data-path-to-node=\"1\">La cartouche multifonction TeensyROM pour C64 &amp; C128 a \u00e9t\u00e9 con\u00e7ue par <b>Travis Smith <\/b>. Con\u00e7ue pour \u00eatre utilis\u00e9e avec les Commodore 64 et 128, cette cartouche plug-and-play offre une multitude de fonctions dans un seul p\u00e9riph\u00e9rique \u00e9l\u00e9gant. Que vous souhaitiez charger sans effort plusieurs programmes ou jeux, la cartouche TeensyROM est le bon choix. Dites adieu au remplacement fastidieux des cartouches - ce module polyvalent est la solution parfaite pour tout passionn\u00e9 de C64. Am\u00e9liorez votre exp\u00e9rience informatique avec la cartouche TeensyROM et exploitez pleinement le potentiel de votre syst\u00e8me Commodore 64.    <\/p>\n<p data-path-to-node=\"3\">TeensyROM est un \u00e9mulateur de ROM, un super fast loader, un h\u00f4te MIDI + p\u00e9riph\u00e9rique et une cartouche d&rsquo;interface Internet pour le Commodore 64 &amp; 128, bas\u00e9 sur Teensy 4.1.<\/p>\n<p data-path-to-node=\"4\">Il s&rsquo;agit d&rsquo;une carte TeensyROM enti\u00e8rement assembl\u00e9e et test\u00e9e, comprenant un Teensy 4.1 pr\u00e9install\u00e9. Elle dispose d&rsquo;une s\u00e9lection d&rsquo;utilitaires et de jeux int\u00e9gr\u00e9s, pr\u00eats \u00e0 l&#8217;emploi<b>(plug and play<\/b>) ! <\/p>\n<p data-path-to-node=\"5\">TeensyROM est un <a href=\"https:\/\/github.com\/SensoriumEmbedded\/TeensyROM\/tree\/main\" target=\"_blank\" rel=\"noopener\"><b>Projet open source<\/b><\/a>.<\/p>\n<h3 data-path-to-node=\"5\"><strong>Contenu de la livraison :<\/strong><\/h3>\n<ul data-path-to-node=\"6\">\n<li>La cartouche TeensyRom - carte de<b>circuit imprim\u00e9 (PCB<\/b>) a une finition <b>ENIG<\/b>.<\/li>\n<li>Firmware actuel 0.6.8 du 25.7.2025<\/li>\n<li>Bo\u00eetier 3D Print dans n&rsquo;importe quelle couleur.<\/li>\n<li>En option : carte MicroSD de <b>8 Go<\/b> (supporte jusqu&rsquo;\u00e0 32 Go)<\/li>\n<\/ul>\n<h3><strong>Caract\u00e9ristiques principales de TeensyROM :<\/strong><\/h3>\n<ul data-path-to-node=\"6\">\n<li>Compatible avec les machines C64 et C128, <b>NTSC<\/b> et <b>PAL<\/b> support\u00e9s<\/li>\n<li>La compatibilit\u00e9 TeensyROM a \u00e9t\u00e9 enti\u00e8rement valid\u00e9e sur de nombreuses machines NTSC et PAL diff\u00e9rentes : C64, C64C, SX-64 et C128.<\/li>\n<\/ul>\n<h4>Chargement super rapide des fichiers .CRT, .PRG et .P00 directement depuis :<\/h4>\n<ul data-path-to-node=\"6\">\n<li>Cl\u00e9 USB<\/li>\n<li>Carte micro SD<\/li>\n<li>M\u00e9moire flash interne Teensy<\/li>\n<li>Transfert direct depuis un PC (application Windows incluse)<\/li>\n<li><b>Syst\u00e8me de chargement NFC<\/b> disponible pour s\u00e9lectionner\/charger rapidement avec des tags NFC<b>(Tapto<\/b>)<\/li>\n<\/ul>\n<h4>Entr\u00e9e\/sortie MIDI via une connexion h\u00f4te USB :<\/h4>\n<ul data-path-to-node=\"6\">\n<li>Jouez votre SID avec un <b>clavier MIDI USB<\/b>!<\/li>\n<li>Utilisation avec des logiciels populaires tels que <b>Cynthcart<\/b>, <b>Station64<\/b>, etc.<\/li>\n<li>Prend en charge tous les <b>messages MIDI<\/b> r\u00e9guliers In et Out<\/li>\n<li>Peut utiliser votre C64 pour jouer un dispositif compatible avec le son MIDI.<\/li>\n<li>\u00c9mulation des cartouches MIDI Sequential, Datel\/Siel, Passport\/Sentech et Namesoft<\/li>\n<li>Utilisez un <b>hub USB<\/b> pour plusieurs instruments + acc\u00e8s au lecteur flash<\/li>\n<\/ul>\n<h4>MIDI In via une connexion de p\u00e9riph\u00e9rique USB :<\/h4>\n<ul data-path-to-node=\"6\">\n<li>Diffusez <b> des fichiers\/donn\u00e9es .SID ou .MIDI<\/b> depuis un ordinateur moderne directement sur la <b>puce SID<\/b> de votre Commodore !<\/li>\n<li>Lisez les fichiers MIDI de votre PC dans des applications C64 comme <b>Cynthcart<\/b> ou l&rsquo;<b>application MIDI2SID<\/b>.<\/li>\n<li>Lisez <b> les fichiers .SID<\/b> de votre PC via le <b>protocole ASID MIDI<\/b> pour \u00e9couter chaque fichier SID sur le mat\u00e9riel d&rsquo;origine.<\/li>\n<\/ul>\n<h4>Communication Internet via une connexion Ethernet<\/h4>\n<ul data-path-to-node=\"6\">\n<li>Naviguez sur Internet avec le <b>navigateur Web int\u00e9gr\u00e9<\/b>, y compris <b>les signets d&rsquo;URL<\/b> et <b>les t\u00e9l\u00e9chargements de fichiers \u00e0 grande vitesse<\/b>.<\/li>\n<li>Connectez-vous \u00e0 vos C64\/128 <b>Telnet BBS<\/b> pr\u00e9f\u00e9r\u00e9s<\/li>\n<li>Utilisation avec des logiciels publi\u00e9s tels que <b>CCGMS<\/b>, <b>StrikeTerm2014<\/b>, <b>DesTerm128<\/b>, etc.<\/li>\n<li><b>Cartouche Swiftlink<\/b>+ \u00e9mulation de modem 38.4k<\/li>\n<li>Envoyer <b>des commandes AT<\/b> depuis le logiciel du terminal pour configurer la connexion Ethernet<\/li>\n<li>R\u00e8gle l&rsquo;heure du syst\u00e8me C64 via Internet<\/li>\n<\/ul>\n<h4>Mises \u00e0 jour du firmware directement \u00e0 partir de la carte SD ou de la cl\u00e9 USB<\/h4>\n<ul data-path-to-node=\"6\">\n<li>Il suffit de placer le <b> fichier .hex<\/b> sur une carte SD ou un lecteur USB ; aucun logiciel suppl\u00e9mentaire n&rsquo;est n\u00e9cessaire pour la mise \u00e0 jour.<\/li>\n<li>Les param\u00e8tres importants sont stock\u00e9s dans l&rsquo;<b>EEPROM<\/b> interne<\/li>\n<li>Le d\u00e9marrage, Ethernet, le fuseau horaire, etc. sont conserv\u00e9s apr\u00e8s la mise hors tension.<\/li>\n<\/ul>\n","protected":false},"excerpt":{"rendered":"<p>La cartouche multifonction TeensyROM pour C64 &amp; C128 a \u00e9t\u00e9 con\u00e7ue par Travis Smith . Con\u00e7ue pour \u00eatre utilis\u00e9e avec les Commodore 64 et 128, cette cartouche plug-and-play offre une multitude de fonctions dans un seul p\u00e9riph\u00e9rique \u00e9l\u00e9gant. Que vous souhaitiez charger sans effort plusieurs programmes ou jeux, la cartouche TeensyROM est le bon choix. [&#8230;]\n","protected":false},"featured_media":9431,"template":"","meta":[],"product_brand":[],"product_cat":[819],"product_tag":[847,821,849,848],"class_list":{"0":"post-9345","1":"product","2":"type-product","3":"status-publish","4":"has-post-thumbnail","6":"product_cat-c64","7":"product_tag-c128","8":"product_tag-c64","9":"product_tag-cartouche","10":"product_tag-teensy","11":"product_shipping_class-dhl-fr","13":"first","14":"instock","15":"taxable","16":"shipping-taxable","17":"purchasable","18":"product-type-variable","19":"has-default-attributes"},"jetpack_sharing_enabled":true,"_links":{"self":[{"href":"https:\/\/www.retrobuddys.com\/fr\/wp-json\/wp\/v2\/product\/9345","targetHints":{"allow":["GET"]}}],"collection":[{"href":"https:\/\/www.retrobuddys.com\/fr\/wp-json\/wp\/v2\/product"}],"about":[{"href":"https:\/\/www.retrobuddys.com\/fr\/wp-json\/wp\/v2\/types\/product"}],"wp:featuredmedia":[{"embeddable":true,"href":"https:\/\/www.retrobuddys.com\/fr\/wp-json\/wp\/v2\/media\/9431"}],"wp:attachment":[{"href":"https:\/\/www.retrobuddys.com\/fr\/wp-json\/wp\/v2\/media?parent=9345"}],"wp:term":[{"taxonomy":"product_brand","embeddable":true,"href":"https:\/\/www.retrobuddys.com\/fr\/wp-json\/wp\/v2\/product_brand?post=9345"},{"taxonomy":"product_cat","embeddable":true,"href":"https:\/\/www.retrobuddys.com\/fr\/wp-json\/wp\/v2\/product_cat?post=9345"},{"taxonomy":"product_tag","embeddable":true,"href":"https:\/\/www.retrobuddys.com\/fr\/wp-json\/wp\/v2\/product_tag?post=9345"}],"curies":[{"name":"wp","href":"https:\/\/api.w.org\/{rel}","templated":true}]}}