{"id":9069,"date":"2025-11-08T11:38:35","date_gmt":"2025-11-08T11:38:35","guid":{"rendered":"https:\/\/www.retrobuddys.com\/?post_type=product&#038;p=9069"},"modified":"2026-02-08T16:02:27","modified_gmt":"2026-02-08T16:02:27","slug":"extension-hdmi-pistorm32-lite-pour-raspberry-pi-3-kopie","status":"publish","type":"product","link":"https:\/\/www.retrobuddys.com\/fr\/shop\/mods-hw-amiga\/amiga-500-fr\/extension-hdmi-pistorm32-lite-pour-raspberry-pi-3-kopie\/","title":{"rendered":"Extension HDMI PiStorm Amiga500"},"content":{"rendered":"<p>C\u00e2ble FFC HDMI pour PiStorm 500 pour Amiga 500 avec Raspberry Pi3<\/p>\n<ul>\n<li>HDMI m\u00e2le (Raspi3) vers HDMI femelle (moniteur\/t\u00e9l\u00e9viseur) - FPV<\/li>\n<li>C\u00e2ble FFC de 30 cm<\/li>\n<li>Clipper 3D imprim\u00e9 non destructif pour bo\u00eetier Amiga 500 (pas de trous \u00e0 percer)<\/li>\n<\/ul>\n<p>Ce c\u00e2ble permet de fixer proprement et de mani\u00e8re non destructive la sortie HDMI du Raspberry Pi au bo\u00eetier de l&rsquo;Amiga 500.<\/p>\n","protected":false},"excerpt":{"rendered":"<p>C\u00e2ble FFC HDMI pour PiStorm 500 pour Amiga 500 avec Raspberry Pi3 HDMI m\u00e2le (Raspi3) vers HDMI femelle (moniteur\/t\u00e9l\u00e9viseur) - FPV C\u00e2ble FFC de 30 cm Clipper 3D imprim\u00e9 non destructif pour bo\u00eetier Amiga 500 (pas de trous \u00e0 percer) Ce c\u00e2ble permet de fixer proprement et de mani\u00e8re non destructive la sortie HDMI du [&#8230;]\n","protected":false},"featured_media":9046,"template":"","meta":[],"product_brand":[],"product_cat":[233,274,714,523],"product_tag":[738,797,260],"class_list":{"0":"post-9069","1":"product","2":"type-product","3":"status-publish","4":"has-post-thumbnail","6":"product_cat-amiga-500-fr","7":"product_cat-cables-et-petites-pieces","8":"product_cat-impression-3d","9":"product_cat-pistorm-fr-2","10":"product_tag-cable-fr","11":"product_tag-hdmi-fr","12":"product_tag-pistorm-fr","13":"product_shipping_class-maxi-lettre","15":"first","16":"instock","17":"taxable","18":"shipping-taxable","19":"purchasable","20":"product-type-variable","21":"has-default-attributes"},"origins":[],"jetpack_sharing_enabled":true,"_links":{"self":[{"href":"https:\/\/www.retrobuddys.com\/fr\/wp-json\/wp\/v2\/product\/9069","targetHints":{"allow":["GET"]}}],"collection":[{"href":"https:\/\/www.retrobuddys.com\/fr\/wp-json\/wp\/v2\/product"}],"about":[{"href":"https:\/\/www.retrobuddys.com\/fr\/wp-json\/wp\/v2\/types\/product"}],"wp:featuredmedia":[{"embeddable":true,"href":"https:\/\/www.retrobuddys.com\/fr\/wp-json\/wp\/v2\/media\/9046"}],"wp:attachment":[{"href":"https:\/\/www.retrobuddys.com\/fr\/wp-json\/wp\/v2\/media?parent=9069"}],"wp:term":[{"taxonomy":"product_brand","embeddable":true,"href":"https:\/\/www.retrobuddys.com\/fr\/wp-json\/wp\/v2\/product_brand?post=9069"},{"taxonomy":"product_cat","embeddable":true,"href":"https:\/\/www.retrobuddys.com\/fr\/wp-json\/wp\/v2\/product_cat?post=9069"},{"taxonomy":"product_tag","embeddable":true,"href":"https:\/\/www.retrobuddys.com\/fr\/wp-json\/wp\/v2\/product_tag?post=9069"}],"curies":[{"name":"wp","href":"https:\/\/api.w.org\/{rel}","templated":true}]}}