{"id":8993,"date":"2025-11-05T23:21:07","date_gmt":"2025-11-05T23:21:07","guid":{"rendered":"https:\/\/www.retrobuddys.com\/?post_type=product&#038;p=8993"},"modified":"2026-02-08T16:02:19","modified_gmt":"2026-02-08T16:02:19","slug":"framethrower-pistorm-adaptateur-rgbtohdmi-amiga500-amiga2000-pcb-only-kopie","status":"publish","type":"product","link":"https:\/\/www.retrobuddys.com\/fr\/shop\/pcb-circuits-imprimes\/framethrower-pistorm-adaptateur-rgbtohdmi-amiga500-amiga2000-pcb-only-kopie\/","title":{"rendered":"Kit adaptateur FrameThrower PiStorm RGBtoHDMI Amiga500 \/ Amiga2000"},"content":{"rendered":"<h3><strong>PiStorm Addon \u00ab\u00a0FrameThrower\u00a0\u00bb Adaptateur RGBtoHDMI pour Amiga500 + Amiga 2000 Kit<\/strong><\/h3>\n<p>Kit variante avec toutes les pi\u00e8ces \u00e0 souder soi-m\u00eame.<\/p>\n<p><strong>Caract\u00e9ristiques<\/strong><\/p>\n<ul>\n<li>Pour Amiga 500\/2000<\/li>\n<li>Convertisseur RGB vers HDMI<\/li>\n<\/ul>\n<p><strong>Conditions pr\u00e9alables<\/strong><\/p>\n<ul>\n<li>Amiga 500 ou Amiga 2000<\/li>\n<li><span style=\"font-size: 14.4px;\">PiStorm 500 \/ PiStorm 2000 et RaspberryPi 3.<\/span><\/li>\n<li>Bonnes - Tr\u00e8s bonnes comp\u00e9tences en soudure.<\/li>\n<li>ATTENTION : le firmware doit \u00eatre flash\u00e9 par vous-m\u00eame !<\/li>\n<\/ul>\n<p><strong>Contenu de la livraison<\/strong><\/p>\n<ul>\n<li>CMS Assembled PCB, Pas de support, pas de retour, pas de don \u00e0 Claude.<\/li>\n<li>C\u00e2ble FFC 20cm Amiga 500 \/ 30cm Amiga 2000<\/li>\n<li>Socle 48Pin<\/li>\n<li>2 * 1&#215;25 Pin Header (doit \u00eatre raccourci)<\/li>\n<\/ul>\n<p><strong>Documentation<\/strong><\/p>\n<ul>\n<li>La documentation sur le projet est disponible ici <a href=\"https:\/\/github.com\/PiStorm\/Framethrower_Denise\" target=\"_blank\" rel=\"noopener\">: https:\/\/github.com\/PiStorm\/Framethrower_Denise<\/a><\/li>\n<li>Quelques d\u00e9tails dans AmiTopia =&gt; <a href=\"https:\/\/amitopia.com\/this-is-the-new-pistorm-framethrower\/\" target=\"_blank\" rel=\"noopener\">https:\/\/amitopia.com\/this-is-the-new-pistorm-framethrower\/<\/a><\/li>\n<\/ul>\n<p>L&rsquo;adaptateur RGB vers HDMI a \u00e9t\u00e9 d\u00e9velopp\u00e9 par @Claude1079 Claude Schwarz. Nous sommes heureux d&rsquo;offrir un peu de support pour ce projet exceptionnel. <\/p>\n","protected":false},"excerpt":{"rendered":"<h3><strong>PiStorm Addon \u00ab\u00a0FrameThrower\u00a0\u00bb Adaptateur RGBtoHDMI pour Amiga500 + Amiga 2000 Kit<\/strong><\/h3>\n<p>Variante en kit avec toutes les pi\u00e8ces \u00e0 souder soi-m\u00eame. Les pi\u00e8ces CMS sont d\u00e9j\u00e0 soud\u00e9es ! <\/p>\n","protected":false},"featured_media":9044,"template":"","meta":[],"product_brand":[],"product_cat":[257,523],"product_tag":[225,276,805,386,645,644],"class_list":{"0":"post-8993","1":"product","2":"type-product","3":"status-publish","4":"has-post-thumbnail","6":"product_cat-pcb-circuits-imprimes","7":"product_cat-pistorm-fr-2","8":"product_tag-amiga-fr","9":"product_tag-amiga-500-fr","10":"product_tag-framethrower","11":"product_tag-raspberry-fr","12":"product_tag-rgb2hdmi-fr","13":"product_tag-rgbtohdmi-fr","14":"product_shipping_class-maxi-lettre","16":"first","17":"instock","18":"taxable","19":"shipping-taxable","20":"purchasable","21":"product-type-variable","22":"has-default-attributes"},"origins":[],"jetpack_sharing_enabled":true,"_links":{"self":[{"href":"https:\/\/www.retrobuddys.com\/fr\/wp-json\/wp\/v2\/product\/8993","targetHints":{"allow":["GET"]}}],"collection":[{"href":"https:\/\/www.retrobuddys.com\/fr\/wp-json\/wp\/v2\/product"}],"about":[{"href":"https:\/\/www.retrobuddys.com\/fr\/wp-json\/wp\/v2\/types\/product"}],"wp:featuredmedia":[{"embeddable":true,"href":"https:\/\/www.retrobuddys.com\/fr\/wp-json\/wp\/v2\/media\/9044"}],"wp:attachment":[{"href":"https:\/\/www.retrobuddys.com\/fr\/wp-json\/wp\/v2\/media?parent=8993"}],"wp:term":[{"taxonomy":"product_brand","embeddable":true,"href":"https:\/\/www.retrobuddys.com\/fr\/wp-json\/wp\/v2\/product_brand?post=8993"},{"taxonomy":"product_cat","embeddable":true,"href":"https:\/\/www.retrobuddys.com\/fr\/wp-json\/wp\/v2\/product_cat?post=8993"},{"taxonomy":"product_tag","embeddable":true,"href":"https:\/\/www.retrobuddys.com\/fr\/wp-json\/wp\/v2\/product_tag?post=8993"}],"curies":[{"name":"wp","href":"https:\/\/api.w.org\/{rel}","templated":true}]}}