{"id":8934,"date":"2025-10-31T13:24:12","date_gmt":"2025-10-31T13:24:12","guid":{"rendered":"https:\/\/www.retrobuddys.com\/?post_type=product&#038;p=8934"},"modified":"2026-02-08T16:02:18","modified_gmt":"2026-02-08T16:02:18","slug":"framethrower-pistorm-adaptateur-rgbtohdmi-amiga500-amiga2000-kopie","status":"publish","type":"product","link":"https:\/\/www.retrobuddys.com\/fr\/shop\/pcb-circuits-imprimes\/framethrower-pistorm-adaptateur-rgbtohdmi-amiga500-amiga2000-kopie\/","title":{"rendered":"FrameThrower PiStorm Adaptateur RGBtoHDMI Amiga500 \/ Amiga2000 PCB ONLY !"},"content":{"rendered":"<h3><strong>PiStorm Addon \u00ab\u00a0FrameThrower\u00a0\u00bb Adaptateur RGBtoHDMI pour Amiga500 + Amiga 2000<\/strong><\/h3>\n<p>Variante PCB Only. Maximum 2 pi\u00e8ces par personne. Les commandes plus importantes seront annul\u00e9es.  <\/p>\n<p><strong>Caract\u00e9ristiques<\/strong><\/p>\n<ul>\n<li>Pour Amiga 500\/2000<\/li>\n<li>Convertisseur RGB vers HDMI<\/li>\n<\/ul>\n<p><strong>Conditions pr\u00e9alables<\/strong><\/p>\n<ul>\n<li>Amiga 500 ou Amiga 2000<\/li>\n<li><span style=\"font-size: 14.4px;\">PiStorm 500 \/ PiStorm 2000 et RaspberryPi 3.<\/span><\/li>\n<li>Socle 48Pin,<\/li>\n<li>2 en-t\u00eates \u00e0 1&#215;24 broches<\/li>\n<li>C\u00e2ble FFC<\/li>\n<li>Bonnes - Tr\u00e8s bonnes comp\u00e9tences en soudure.<\/li>\n<\/ul>\n<p><strong>Contenu de la livraison<\/strong><\/p>\n<ul>\n<li>CMS Assembled PCB ONLY ! Pas de support, pas de retour, pas de donation \u00e0 Claude. <\/li>\n<\/ul>\n<p><strong>Documentation<\/strong><\/p>\n<ul>\n<li>La documentation sur le projet est disponible ici :<\/li>\n<li>Quelques d\u00e9tails dans AmiTopia =&gt; <a href=\"https:\/\/amitopia.com\/this-is-the-new-pistorm-framethrower\/\" target=\"_blank\" rel=\"noopener\">https:\/\/amitopia.com\/this-is-the-new-pistorm-framethrower\/<\/a><\/li>\n<\/ul>\n<p>L&rsquo;adaptateur RGB vers HDMI a \u00e9t\u00e9 d\u00e9velopp\u00e9 par @Claude1079 Claude Schwarz. Nous sommes heureux d&rsquo;offrir un peu de support pour ce projet exceptionnel. <\/p>\n","protected":false},"excerpt":{"rendered":"<h3><strong>PiStorm Addon \u00ab\u00a0FrameThrower\u00a0\u00bb Adaptateur RGMtoHDMI pour Amiga500 + Amiga 2000<\/strong><\/h3>\n<ul>\n<li>PCB ONLY ! Pas de support, pas de retour, pas de don \u00e0 Claude. <\/li>\n<li>Maximum 2 pi\u00e8ces par personne. Les commandes plus importantes seront annul\u00e9es. <\/li>\n<\/ul>\n","protected":false},"featured_media":11325,"template":"","meta":[],"product_brand":[],"product_cat":[257],"product_tag":[225,276,805,386,645,644],"class_list":{"0":"post-8934","1":"product","2":"type-product","3":"status-publish","4":"has-post-thumbnail","6":"product_cat-pcb-circuits-imprimes","7":"product_tag-amiga-fr","8":"product_tag-amiga-500-fr","9":"product_tag-framethrower","10":"product_tag-raspberry-fr","11":"product_tag-rgb2hdmi-fr","12":"product_tag-rgbtohdmi-fr","13":"product_shipping_class-maxi-lettre","15":"first","16":"instock","17":"taxable","18":"shipping-taxable","19":"purchasable","20":"product-type-variable","21":"has-default-attributes"},"origins":[],"jetpack_sharing_enabled":true,"_links":{"self":[{"href":"https:\/\/www.retrobuddys.com\/fr\/wp-json\/wp\/v2\/product\/8934","targetHints":{"allow":["GET"]}}],"collection":[{"href":"https:\/\/www.retrobuddys.com\/fr\/wp-json\/wp\/v2\/product"}],"about":[{"href":"https:\/\/www.retrobuddys.com\/fr\/wp-json\/wp\/v2\/types\/product"}],"wp:featuredmedia":[{"embeddable":true,"href":"https:\/\/www.retrobuddys.com\/fr\/wp-json\/wp\/v2\/media\/11325"}],"wp:attachment":[{"href":"https:\/\/www.retrobuddys.com\/fr\/wp-json\/wp\/v2\/media?parent=8934"}],"wp:term":[{"taxonomy":"product_brand","embeddable":true,"href":"https:\/\/www.retrobuddys.com\/fr\/wp-json\/wp\/v2\/product_brand?post=8934"},{"taxonomy":"product_cat","embeddable":true,"href":"https:\/\/www.retrobuddys.com\/fr\/wp-json\/wp\/v2\/product_cat?post=8934"},{"taxonomy":"product_tag","embeddable":true,"href":"https:\/\/www.retrobuddys.com\/fr\/wp-json\/wp\/v2\/product_tag?post=8934"}],"curies":[{"name":"wp","href":"https:\/\/api.w.org\/{rel}","templated":true}]}}