{"id":8887,"date":"2025-10-27T10:00:54","date_gmt":"2025-10-27T10:00:54","guid":{"rendered":"https:\/\/www.retrobuddys.com\/shop\/non class\u00e9\/kungfuflash-pour-commodore-64-et-128\/"},"modified":"2025-10-27T10:00:54","modified_gmt":"2025-10-27T10:00:54","slug":"kungfuflash-pour-commodore-64-et-128","status":"publish","type":"product","link":"https:\/\/www.retrobuddys.com\/fr\/shop\/c64\/kungfuflash-pour-commodore-64-et-128\/","title":{"rendered":"KungFuFlash pour Commodore 64 et 128"},"content":{"rendered":"<p><span dir=\"auto\">Stockez vos fichiers CRT (cartouche), PRG (programmes) ou D64 (images de disquettes) sur une carte MicroSD et utilisez le lanceur int\u00e9gr\u00e9 de la cartouche Kung Fu Flash pour y acc\u00e9der.<\/span><\/p>\n<p><span dir=\"auto\">Cette cartouche est disponible avec diff\u00e9rents bo\u00eetiers et dispose de trois boutons : un bouton \u00ab\u00a0Reset\u00a0\u00bb pour r\u00e9initialiser l&rsquo;ordinateur, un bouton \u00ab\u00a0Menu\u00a0\u00bb pour acc\u00e9der au lanceur int\u00e9gr\u00e9 et un bouton \u00ab\u00a0Sp\u00e9cial\u00a0\u00bb utilis\u00e9 par certaines cartouches \u00e9mul\u00e9es comme Action Replay.<\/span><\/p>\n<p><span dir=\"auto\">Les cartouches actuellement prises en charge sont<\/span><\/p>\n<ul>\n<li><span dir=\"auto\" style=\"\"><span dir=\"auto\" style=\"\">Cartouches g\u00e9n\u00e9riques (8k, 16k, Ultimax)<\/span><\/span><\/li>\n<li><span dir=\"auto\" style=\"\"><span dir=\"auto\" style=\"\">Action Replay v4.x\/v5\/v6<\/span><\/span><\/li>\n<li><span dir=\"auto\" style=\"\"><span dir=\"auto\" style=\"\">Cartouche d&rsquo;alimentation KCS<\/span><\/span><\/li>\n<li><span dir=\"auto\" style=\"\"><span dir=\"auto\" style=\"\">Cartouche finale III(+)<\/span><\/span><\/li>\n<li><span dir=\"auto\" style=\"\"><span dir=\"auto\" style=\"\">Simons&rsquo; BASIC<\/span><\/span><\/li>\n<li><span dir=\"auto\" style=\"\"><span dir=\"auto\" style=\"\">Fun Play, Power Play<\/span><\/span><\/li>\n<li><span dir=\"auto\" style=\"\"><span dir=\"auto\" style=\"\">Ocean type 1<\/span><\/span><\/li>\n<li><span dir=\"auto\" style=\"\"><span dir=\"auto\" style=\"\">Epyx Fastload<\/span><\/span><\/li>\n<li><span dir=\"auto\" style=\"\"><span dir=\"auto\" style=\"\">Syst\u00e8me de jeu C64, Syst\u00e8me 3<\/span><\/span><\/li>\n<li><span dir=\"auto\" style=\"\"><span dir=\"auto\" style=\"\">WarpSpeed<\/span><\/span><\/li>\n<li><span dir=\"auto\" style=\"\"><span dir=\"auto\" style=\"\">Dynamique<\/span><\/span><\/li>\n<li><span dir=\"auto\" style=\"\"><span dir=\"auto\" style=\"\">Zaxxon, Super Zaxxon<\/span><\/span><\/li>\n<li><span dir=\"auto\" style=\"\"><span dir=\"auto\" style=\"\">Magic Desk, Domark, HES Australie<\/span><\/span><\/li>\n<li><span dir=\"auto\" style=\"\"><span dir=\"auto\" style=\"\">Super Snapshot v5<\/span><\/span><\/li>\n<li><span dir=\"auto\" style=\"\"><span dir=\"auto\" style=\"\">Comal-80<\/span><\/span><\/li>\n<li><span dir=\"auto\" style=\"\"><span dir=\"auto\" style=\"\">EasyFlash<\/span><\/span><\/li>\n<li><span dir=\"auto\" style=\"\"><span dir=\"auto\" style=\"\">Freeze Frame<\/span><\/span><\/li>\n<li><span dir=\"auto\" style=\"\"><span dir=\"auto\" style=\"\">Machine \u00e0 geler<\/span><\/span><\/li>\n<li><span dir=\"auto\" style=\"\"><span dir=\"auto\" style=\"\">RGCD, Hucky<\/span><\/span><\/li>\n<li><span dir=\"auto\" style=\"\"><span dir=\"auto\" style=\"\">Drean<\/span><\/span><\/li>\n<li><span dir=\"auto\" style=\"\"><span dir=\"auto\" style=\"\">Cartouches g\u00e9n\u00e9riques C128 (External function ROM)<\/span><\/span><\/li>\n<li><span dir=\"auto\" style=\"\"><span dir=\"auto\" style=\"\">WarpSpeed 128<\/span><\/span><\/li>\n<\/ul>\n<p><span dir=\"auto\">Les types de fichiers suivants sont actuellement pris en charge :<\/span><\/p>\n<ul>\n<li><span dir=\"auto\"><span dir=\"auto\">Cartouche (CRT)<\/span><\/span><\/li>\n<li><span dir=\"auto\"><span dir=\"auto\">Cartouche g\u00e9n\u00e9rique C64\/C128 (ROM, BIN)<\/span><\/span><\/li>\n<li><span dir=\"auto\"><span dir=\"auto\">Image disque (D64, D71, D81)<\/span><\/span><\/li>\n<li><span dir=\"auto\"><span dir=\"auto\">Images de cassette (T64)<\/span><\/span><\/li>\n<li><span dir=\"auto\"><span dir=\"auto\">Programme (PRG, P00)<\/span><\/span><\/li>\n<li><span dir=\"auto\"><span dir=\"auto\">Mise \u00e0 jour du micrologiciel (UPD)<\/span><\/span><\/li>\n<li><span dir=\"auto\"><span dir=\"auto\">Documents texte (TXT, NFO, 1ST)<\/span><\/span><\/li>\n<\/ul>\n<p><strong><span dir=\"auto\">Port USB<\/span><\/strong><\/p>\n<p><span dir=\"auto\">Le port USB vous permet de transf\u00e9rer des programmes ou des images de disque vers un PC en utilisant le protocole USB EasyFlash 3. Le port USB est actif lorsque <\/span><\/p>\n<ul>\n<li><span dir=\"auto\">Kung Fu Flash Launcher en cours d&rsquo;ex\u00e9cution<\/span><\/li>\n<li><span dir=\"auto\">Un programme est lanc\u00e9 via \u00ab\u00a0Charger\u00a0\u00bb dans le menu des options de fichiers (MAJ+ENTREE).<\/span><\/li>\n<li><span dir=\"auto\">BASIC est lanc\u00e9 par F7 dans le lanceur.<\/span><\/li>\n<\/ul>\n<p><span dir=\"auto\"><span class=\"\" dir=\"auto\">La cartouche KungFuFlash s&rsquo;affiche comme un port s\u00e9rie standard lorsqu&rsquo;elle est connect\u00e9e \u00e0 un PC et ne n\u00e9cessite pas l&rsquo;installation de pilotes sp\u00e9cifiques. Toutefois, cela signifie que le programme EasyFlash 3 sur le PC doit \u00eatre adapt\u00e9 pour prendre en charge Kung Fu Flash. Pour cette raison    <\/span><span class=\"\" dir=\"auto\">une version personnalis\u00e9e de EasyFlash  <\/span><\/span><a href=\"https:\/\/github.com\/KimJorgensen\/KungFuFlash\/blob\/master\/3rd_party\/ef3utils\" target=\"_blank\" rel=\"noopener\"><span dir=\"auto\"><span class=\"\" dir=\"auto\">3 utilitaires USB<\/span><\/span><\/a><span dir=\"auto\"><span class=\"\" dir=\"auto\"> et <\/span><\/span><a href=\"https:\/\/github.com\/KimJorgensen\/KungFuFlash\/blob\/master\/3rd_party\/ef3bbs\" target=\"_blank\" rel=\"noopener\"><span dir=\"auto\"><span class=\"\" dir=\"auto\">EasyFlash 3 BBS ont \u00e9t\u00e9 ajout\u00e9s \u00e0 ce r\u00e9f\u00e9rentiel.<\/span><\/span><\/a><\/p>\n<p><strong><span dir=\"auto\">Mise \u00e0 jour du micrologiciel<\/span><\/strong><\/p>\n<p><span dir=\"auto\">Enregistrez simplement la mise \u00e0 jour de KungFuFlash (KungFuFlash_v1.xx.upd) sur la carte SD et s\u00e9lectionnez le fichier dans le lanceur pour d\u00e9marrer la mise \u00e0 jour du firmware.<br \/>\n<\/span><span dir=\"auto\">Le dernier firmware est disponible <\/span><a href=\"https:\/\/github.com\/KimJorgensen\/KungFuFlash\/releases\/\" target=\"_blank\" rel=\"noopener\"><span dir=\"auto\">ici<\/span><\/a><span dir=\"auto\"> est disponible.<br \/>\n<\/span><span dir=\"auto\"><span class=\"\" dir=\"auto\">Des informations sur la premi\u00e8re installation du firmware <\/span><\/span><a href=\"https:\/\/github.com\/KimJorgensen\/KungFuFlash\/blob\/master\/firmware\/README.md\" target=\"_blank\" rel=\"noopener\"><span dir=\"auto\"><span class=\"\" dir=\"auto\">vous trouverez ici<\/span><\/span><\/a><span dir=\"auto\"><span class=\"\" dir=\"auto\"> .<\/span><\/span><\/p>\n<p><strong><span dir=\"auto\">Restrictions<\/span><\/strong><\/p>\n<p><span dir=\"auto\">KungFuFlash est une cartouche d\u00e9finie par logiciel, dans laquelle un microcontr\u00f4leur rapide \u00e9mule le mat\u00e9riel de la cartouche par logiciel. Cela la rend extr\u00eamement flexible et permet de prendre en charge diff\u00e9rents types de cartouches \u00e0 un co\u00fbt relativement faible. <\/span><\/p>\n<p><span dir=\"auto\">Cependant, il peut \u00eatre difficile de r\u00e9gler correctement le timing du bus C64 par logiciel, et \u00e0 certains endroits, le timing est tr\u00e8s proche de la limite. Bien que la cartouche Kung Fu Flash ait \u00e9t\u00e9 test\u00e9e sur diff\u00e9rents mod\u00e8les de Commodore 64, il est possible qu&rsquo;elle ne fonctionne pas correctement sur votre mod\u00e8le ou qu&rsquo;un ajustement soit n\u00e9cessaire.   <\/span><a href=\"https:\/\/github.com\/KimJorgensen\/KungFuFlash\/blob\/master\/firmware\/README.md#diagnostic\" target=\"_blank\" rel=\"noopener\"><span dir=\"auto\">du d\u00e9calage de Phi2<\/span><\/a><span dir=\"auto\">  est n\u00e9cessaire. Veuillez tenir compte de ces param\u00e8tres. <\/span><\/p>\n<p><span dir=\"auto\">KungFuFlash fonctionne aussi bien avec les versions PAL que NTSC du Commodore 64 ou du Commodore 128.<\/span><\/p>\n<p><span dir=\"auto\">L&rsquo;\u00e9mulation des disques durs utilise les vecteurs du noyau et ne fonctionne pas avec les chargeurs rapides ou les logiciels qui utilisent un acc\u00e8s mat\u00e9riel direct, ce qui est le cas de nombreux jeux. Les fichiers REL ne sont actuellement pas pris en charge, et seul un sous-ensemble de commandes DOS Commodore est pris en charge. <\/span><\/p>\n<p><strong><span dir=\"auto\">Caract\u00e9ristiques principales :<\/span><\/strong><\/p>\n<ul>\n<li><span dir=\"auto\">Compatible avec le Commodore 64 et le Commodore 128.<\/span><\/li>\n<li><span dir=\"auto\">Compatible PAL et NTSC<\/span><\/li>\n<li><span dir=\"auto\">\u00c9quip\u00e9 d&rsquo;un port USB pour le transfert direct de donn\u00e9es depuis un PC<\/span><\/li>\n<li><span dir=\"auto\">Une carte MicroSD (\u00e0 commander en option) est n\u00e9cessaire pour le fonctionnement.<\/span><\/li>\n<li><span dir=\"auto\"><span class=\"\" dir=\"auto\">Bas\u00e9 sur <\/span><\/span><a href=\"https:\/\/github.com\/KimJorgensen\/KungFuFlash\" target=\"_blank\" rel=\"noopener\"><span dir=\"auto\"><span class=\"\" dir=\"auto\">le projet open source de Kim Jorgensen<\/span><\/span><\/a><span dir=\"auto\"><span class=\"\" dir=\"auto\">.<\/span><\/span><\/li>\n<\/ul>\n","protected":false},"excerpt":{"rendered":"<p>Stockez vos fichiers CRT (cartouche), PRG (programmes) ou D64 (images de disquettes) sur une carte MicroSD et utilisez le lanceur int\u00e9gr\u00e9 de la cartouche Kung Fu Flash pour y acc\u00e9der. Cette cartouche est disponible avec diff\u00e9rents bo\u00eetiers et dispose de trois boutons : un bouton \u00ab\u00a0Reset\u00a0\u00bb pour r\u00e9initialiser l&rsquo;ordinateur, un bouton \u00ab\u00a0Menu\u00a0\u00bb pour acc\u00e9der au [&#8230;]\n","protected":false},"featured_media":0,"template":"","meta":[],"product_brand":[],"product_cat":[819],"product_tag":[821,820],"class_list":{"0":"post-8887","1":"product","2":"type-product","3":"status-publish","5":"product_cat-c64","6":"product_tag-c64","7":"product_tag-kungfuflash","8":"product_shipping_class-dhl-fr","10":"first","11":"outofstock","12":"taxable","13":"shipping-taxable","14":"purchasable","15":"product-type-simple"},"origins":[],"jetpack_sharing_enabled":true,"_links":{"self":[{"href":"https:\/\/www.retrobuddys.com\/fr\/wp-json\/wp\/v2\/product\/8887","targetHints":{"allow":["GET"]}}],"collection":[{"href":"https:\/\/www.retrobuddys.com\/fr\/wp-json\/wp\/v2\/product"}],"about":[{"href":"https:\/\/www.retrobuddys.com\/fr\/wp-json\/wp\/v2\/types\/product"}],"wp:attachment":[{"href":"https:\/\/www.retrobuddys.com\/fr\/wp-json\/wp\/v2\/media?parent=8887"}],"wp:term":[{"taxonomy":"product_brand","embeddable":true,"href":"https:\/\/www.retrobuddys.com\/fr\/wp-json\/wp\/v2\/product_brand?post=8887"},{"taxonomy":"product_cat","embeddable":true,"href":"https:\/\/www.retrobuddys.com\/fr\/wp-json\/wp\/v2\/product_cat?post=8887"},{"taxonomy":"product_tag","embeddable":true,"href":"https:\/\/www.retrobuddys.com\/fr\/wp-json\/wp\/v2\/product_tag?post=8887"}],"curies":[{"name":"wp","href":"https:\/\/api.w.org\/{rel}","templated":true}]}}