{"id":8834,"date":"2025-10-23T09:06:13","date_gmt":"2025-10-23T09:06:13","guid":{"rendered":"https:\/\/www.retrobuddys.com\/?post_type=product&#038;p=8834"},"modified":"2026-02-08T16:01:59","modified_gmt":"2026-02-08T16:01:59","slug":"adaptateur-rgbtohdmi-amiga500-kopie-2","status":"publish","type":"product","link":"https:\/\/www.retrobuddys.com\/fr\/shop\/mods-hw-amiga\/amiga-2000-fr\/adaptateur-rgbtohdmi-amiga500-kopie-2\/","title":{"rendered":"FrameThrower PiStorm Adaptateur RGBtoHDMI Amiga500 \/ Amiga2000"},"content":{"rendered":"<h3><strong>PiStorm Addon \u00ab\u00a0FrameThrower\u00a0\u00bb Adaptateur RGMtoHDMI pour Amiga500 + Amiga 2000<\/strong><\/h3>\n<p>Le tr\u00e8s attendu addon \u00ab\u00a0FrameThrower\u00a0\u00bb pour PiStorm pour Amiga 500 et Amiga 2000 est enfin pr\u00eat !<\/p>\n<p>Cet adaptateur permet de sortir les signaux RGB de l&rsquo;Amiga 500\/2000 sur HDMI via le PiStorm. L&rsquo;adaptateur est install\u00e9 dans le socle Denise de l&rsquo;Amiga 500\/2000 et la puce Denise est branch\u00e9e sur l&rsquo;adaptateur et connect\u00e9e au Raspberry Pi sur le PiStorm via un c\u00e2ble FPC.  Cela permet enfin de lire le RGB via HDMI et remplace une deuxi\u00e8me connexion d&rsquo;\u00e9cran via un adaptateur RGB \/ 2\u00e8me HDMI dans l&rsquo;Amiga 500 et l&rsquo;Amiga 2000 et rend inutile un adaptateur RGB2HDMI suppl\u00e9mentaire pour les Amiga PiStorm !<\/p>\n<p>La lecture du son n&rsquo;est pas (encore) possible mais sera bient\u00f4t impl\u00e9ment\u00e9e dans le logiciel, selon Claude Schwarz !<\/p>\n<p>Nous proposons l&rsquo;adaptateur en 2 versions : Community Edition avec une grande part de donation pour Claude ou en \u00e9dition normale. Vous pouvez \u00e9galement commander une extension HDMI avec un bo\u00eetier\/cache d&rsquo;impression 3D non destructif. <\/p>\n<p><strong>En achetant l&rsquo;adaptateur chez nous, vous soutenez activement le projet, car une partie des recettes est directement revers\u00e9e \u00e0 l&rsquo;\u00e9quipe !<\/strong><\/p>\n<p><strong>Caract\u00e9ristiques<\/strong><\/p>\n<ul>\n<li>Pour Amiga 500\/2000<\/li>\n<li>Convertisseur RGB vers HDMI<\/li>\n<\/ul>\n<p><strong>Conditions pr\u00e9alables<\/strong><\/p>\n<ul>\n<li>Amiga 500 ou Amiga 2000<\/li>\n<li><span style=\"font-size: 14.4px;\">PiStorm 500 \/ PiStorm 2000 et RaspberryPi 3.<\/span><\/li>\n<\/ul>\n<p><strong>Contenu de la livraison<\/strong><\/p>\n<ul>\n<li>Adaptateur FrameThrower RGB vers HDMI pour Amiga 500\/2000<\/li>\n<li>C\u00e2ble FFC (ruban plat) pour connecter Framethrower \u00e0 RaspberryPi - 20cm Amiga500 30cm Amiga2000<\/li>\n<\/ul>\n<p><strong>Documentation<\/strong><\/p>\n<ul>\n<li>La documentation sur le projet est disponible ici <a href=\"https:\/\/github.com\/PiStorm\/Framethrower_Denise\" target=\"_blank\" rel=\"noopener\">: https:\/\/github.com\/PiStorm\/Framethrower_Denise<\/a><\/li>\n<li>Informations de configuration <a href=\"https:\/\/github.com\/PiStorm\/Framethrower_Denise\/blob\/main\/setup.md\" target=\"_blank\" rel=\"noopener\">: https:\/\/github.com\/PiStorm\/Framethrower_Denise\/blob\/main\/setup.md<\/a><\/li>\n<li>Quelques d\u00e9tails dans AmiTopia =&gt; <a href=\"https:\/\/amitopia.com\/this-is-the-new-pistorm-framethrower\/\" target=\"_blank\" rel=\"noopener\">https:\/\/amitopia.com\/this-is-the-new-pistorm-framethrower\/<\/a><\/li>\n<li>Une tr\u00e8s belle vid\u00e9o explicative sur FrameThrower par <a href=\"https:\/\/franky-net.de\/\" target=\"_blank\" rel=\"noopener\">FrankyByte<\/a> (French only) =&gt; <a href=\"https:\/\/www.youtube.com\/watch?v=Q1mRGgXmthg\" target=\"_blank\" rel=\"noopener\">https:\/\/www.youtube.com\/watch?v=Q1mRGgXmthg<\/a><\/li>\n<\/ul>\n<p>L&rsquo;adaptateur RGB vers HDMI a \u00e9t\u00e9 d\u00e9velopp\u00e9 par @Claude1079 Claude Schwarz. Nous sommes heureux d&rsquo;offrir un peu de support pour ce projet exceptionnel. <\/p>\n<p>Nous fabriquons les adaptateurs FrameThrower RGB to HDMI en interne.<\/p>\n","protected":false},"excerpt":{"rendered":"<h3><strong>PiStorm Addon \u00ab\u00a0FrameThrower\u00a0\u00bb Adaptateur RGMtoHDMI pour Amiga500 + Amiga 2000<\/strong><\/h3>\n<p>Le tr\u00e8s attendu addon \u00ab\u00a0FrameThrower\u00a0\u00bb pour PiStorm pour Amiga 500 et Amiga 2000 est enfin pr\u00eat !<\/p>\n<p>La lecture du son n&rsquo;est pas (encore) possible mais sera bient\u00f4t impl\u00e9ment\u00e9e dans le logiciel, selon Claude Schwarz !<\/p>\n<p><strong>En achetant l&rsquo;adaptateur chez nous, vous soutenez activement le projet, car une partie des recettes est directement revers\u00e9e \u00e0 l&rsquo;\u00e9quipe !<\/strong><\/p>\n","protected":false},"featured_media":11326,"template":"","meta":[],"product_brand":[],"product_cat":[220,233,217,523,804],"product_tag":[225,276,805,386,645,644],"class_list":{"0":"post-8834","1":"product","2":"type-product","3":"status-publish","4":"has-post-thumbnail","6":"product_cat-amiga-2000-fr","7":"product_cat-amiga-500-fr","8":"product_cat-mods-hw-amiga","9":"product_cat-pistorm-fr-2","10":"product_cat-rgb2hdmi","11":"product_tag-amiga-fr","12":"product_tag-amiga-500-fr","13":"product_tag-framethrower","14":"product_tag-raspberry-fr","15":"product_tag-rgb2hdmi-fr","16":"product_tag-rgbtohdmi-fr","17":"product_shipping_class-dhl-fr","19":"first","20":"instock","21":"taxable","22":"shipping-taxable","23":"purchasable","24":"product-type-variable","25":"has-default-attributes"},"jetpack_sharing_enabled":true,"_links":{"self":[{"href":"https:\/\/www.retrobuddys.com\/fr\/wp-json\/wp\/v2\/product\/8834","targetHints":{"allow":["GET"]}}],"collection":[{"href":"https:\/\/www.retrobuddys.com\/fr\/wp-json\/wp\/v2\/product"}],"about":[{"href":"https:\/\/www.retrobuddys.com\/fr\/wp-json\/wp\/v2\/types\/product"}],"wp:featuredmedia":[{"embeddable":true,"href":"https:\/\/www.retrobuddys.com\/fr\/wp-json\/wp\/v2\/media\/11326"}],"wp:attachment":[{"href":"https:\/\/www.retrobuddys.com\/fr\/wp-json\/wp\/v2\/media?parent=8834"}],"wp:term":[{"taxonomy":"product_brand","embeddable":true,"href":"https:\/\/www.retrobuddys.com\/fr\/wp-json\/wp\/v2\/product_brand?post=8834"},{"taxonomy":"product_cat","embeddable":true,"href":"https:\/\/www.retrobuddys.com\/fr\/wp-json\/wp\/v2\/product_cat?post=8834"},{"taxonomy":"product_tag","embeddable":true,"href":"https:\/\/www.retrobuddys.com\/fr\/wp-json\/wp\/v2\/product_tag?post=8834"}],"curies":[{"name":"wp","href":"https:\/\/api.w.org\/{rel}","templated":true}]}}