{"id":8788,"date":"2025-06-15T07:08:02","date_gmt":"2025-06-15T07:08:02","guid":{"rendered":"https:\/\/www.retrobuddys.com\/shop\/non class\u00e9\/porte-derobee-amiga1200-pour-prises-fpv-hdmi-pistorm32-lite\/"},"modified":"2025-06-15T07:08:02","modified_gmt":"2025-06-15T07:08:02","slug":"porte-derobee-amiga1200-pour-prises-fpv-hdmi-pistorm32-lite","status":"publish","type":"product","link":"https:\/\/www.retrobuddys.com\/fr\/shop\/cables-et-petites-pieces\/porte-derobee-amiga1200-pour-prises-fpv-hdmi-pistorm32-lite\/","title":{"rendered":"Porte d\u00e9rob\u00e9e Amiga1200 pour prises FPV HDMI PiStorm32 Lite"},"content":{"rendered":"<p>Kit de porte d\u00e9rob\u00e9e Amiga 1200 pour prises HDMI FPV<\/p>\n<ul>\n<li>Porte d\u00e9rob\u00e9e imprim\u00e9e en 3D pour Amiga1200<\/li>\n<li>Kit comprenant une porte arri\u00e8re imprim\u00e9e en 3D, un ancrage et 2x vis M2.3*8 DIN7981<\/li>\n<\/ul>\n<p>Ce kit permet d&rsquo;utiliser les prises FPV du commerce pour une sortie HDMI propre pour le PiStorm32 Lite.<\/p>\n","protected":false},"excerpt":{"rendered":"<p>Kit de porte d\u00e9rob\u00e9e Amiga 1200 pour prises HDMI FPV Porte d\u00e9rob\u00e9e imprim\u00e9e en 3D pour Amiga1200 Kit comprenant une porte arri\u00e8re imprim\u00e9e en 3D, un ancrage et 2x vis M2.3*8 DIN7981 Ce kit permet d&rsquo;utiliser les prises FPV du commerce pour une sortie HDMI propre pour le PiStorm32 Lite.<\/p>\n","protected":false},"featured_media":7822,"template":"","meta":[],"product_brand":[],"product_cat":[274,714,523],"product_tag":[738,797,260],"class_list":{"0":"post-8788","1":"product","2":"type-product","3":"status-publish","4":"has-post-thumbnail","6":"product_cat-cables-et-petites-pieces","7":"product_cat-impression-3d","8":"product_cat-pistorm-fr-2","9":"product_tag-cable-fr","10":"product_tag-hdmi-fr","11":"product_tag-pistorm-fr","12":"product_shipping_class-maxi-lettre","14":"first","15":"instock","16":"taxable","17":"shipping-taxable","18":"purchasable","19":"product-type-variable","20":"has-default-attributes"},"origins":[],"jetpack_sharing_enabled":true,"_links":{"self":[{"href":"https:\/\/www.retrobuddys.com\/fr\/wp-json\/wp\/v2\/product\/8788","targetHints":{"allow":["GET"]}}],"collection":[{"href":"https:\/\/www.retrobuddys.com\/fr\/wp-json\/wp\/v2\/product"}],"about":[{"href":"https:\/\/www.retrobuddys.com\/fr\/wp-json\/wp\/v2\/types\/product"}],"wp:featuredmedia":[{"embeddable":true,"href":"https:\/\/www.retrobuddys.com\/fr\/wp-json\/wp\/v2\/media\/7822"}],"wp:attachment":[{"href":"https:\/\/www.retrobuddys.com\/fr\/wp-json\/wp\/v2\/media?parent=8788"}],"wp:term":[{"taxonomy":"product_brand","embeddable":true,"href":"https:\/\/www.retrobuddys.com\/fr\/wp-json\/wp\/v2\/product_brand?post=8788"},{"taxonomy":"product_cat","embeddable":true,"href":"https:\/\/www.retrobuddys.com\/fr\/wp-json\/wp\/v2\/product_cat?post=8788"},{"taxonomy":"product_tag","embeddable":true,"href":"https:\/\/www.retrobuddys.com\/fr\/wp-json\/wp\/v2\/product_tag?post=8788"}],"curies":[{"name":"wp","href":"https:\/\/api.w.org\/{rel}","templated":true}]}}