{"id":8775,"date":"2025-06-15T07:06:39","date_gmt":"2025-06-15T07:06:39","guid":{"rendered":"https:\/\/www.retrobuddys.com\/shop\/non%20class\u00e9\/extension-hdmi-pistorm32-lite-pour-raspberry-pi-3\/"},"modified":"2026-02-08T16:01:10","modified_gmt":"2026-02-08T16:01:10","slug":"extension-hdmi-pistorm32-lite-pour-raspberry-pi-3","status":"publish","type":"product","link":"https:\/\/www.retrobuddys.com\/fr\/shop\/cables-et-petites-pieces\/extension-hdmi-pistorm32-lite-pour-raspberry-pi-3\/","title":{"rendered":"Extension HDMI PiStorm32 Lite pour Raspberry Pi 3"},"content":{"rendered":"<p>C\u00e2ble FFC HDMI pour PiStorm32 Lite Amiga 1200 pour Raspberry Pi3<\/p>\n<ul>\n<li>HDMI m\u00e2le (Raspi3) vers HDMI femelle (moniteur\/t\u00e9l\u00e9viseur) - FPV<\/li>\n<li>C\u00e2ble FFC de 30 cm<\/li>\n<li>Porte d\u00e9rob\u00e9e imprim\u00e9e en 3D pour Amiga1200<\/li>\n<li>assembl\u00e9<\/li>\n<\/ul>\n<p>Ce c\u00e2ble permet de faire sortir proprement la sortie HDMI du Raspberry Pi sur le capot arri\u00e8re \/ backdoor de l&rsquo;Amiga 1200 et de fermer l&rsquo;Amiga.<\/p>\n","protected":false},"excerpt":{"rendered":"<p>C\u00e2ble FFC HDMI pour PiStorm32 Lite Amiga 1200 pour Raspberry Pi3 HDMI m\u00e2le (Raspi3) vers HDMI femelle (moniteur\/t\u00e9l\u00e9viseur) - FPV C\u00e2ble FFC de 30 cm Porte d\u00e9rob\u00e9e imprim\u00e9e en 3D pour Amiga1200 assembl\u00e9 Ce c\u00e2ble permet de faire sortir proprement la sortie HDMI du Raspberry Pi sur le capot arri\u00e8re \/ backdoor de l&rsquo;Amiga 1200 [&#8230;]\n","protected":false},"featured_media":7837,"template":"","meta":[],"product_brand":[],"product_cat":[274,714,523],"product_tag":[738,797,260],"class_list":{"0":"post-8775","1":"product","2":"type-product","3":"status-publish","4":"has-post-thumbnail","6":"product_cat-cables-et-petites-pieces","7":"product_cat-impression-3d","8":"product_cat-pistorm-fr-2","9":"product_tag-cable-fr","10":"product_tag-hdmi-fr","11":"product_tag-pistorm-fr","12":"product_shipping_class-maxi-lettre","14":"first","15":"instock","16":"taxable","17":"shipping-taxable","18":"purchasable","19":"product-type-variable","20":"has-default-attributes"},"origins":[],"jetpack_sharing_enabled":true,"_links":{"self":[{"href":"https:\/\/www.retrobuddys.com\/fr\/wp-json\/wp\/v2\/product\/8775","targetHints":{"allow":["GET"]}}],"collection":[{"href":"https:\/\/www.retrobuddys.com\/fr\/wp-json\/wp\/v2\/product"}],"about":[{"href":"https:\/\/www.retrobuddys.com\/fr\/wp-json\/wp\/v2\/types\/product"}],"wp:featuredmedia":[{"embeddable":true,"href":"https:\/\/www.retrobuddys.com\/fr\/wp-json\/wp\/v2\/media\/7837"}],"wp:attachment":[{"href":"https:\/\/www.retrobuddys.com\/fr\/wp-json\/wp\/v2\/media?parent=8775"}],"wp:term":[{"taxonomy":"product_brand","embeddable":true,"href":"https:\/\/www.retrobuddys.com\/fr\/wp-json\/wp\/v2\/product_brand?post=8775"},{"taxonomy":"product_cat","embeddable":true,"href":"https:\/\/www.retrobuddys.com\/fr\/wp-json\/wp\/v2\/product_cat?post=8775"},{"taxonomy":"product_tag","embeddable":true,"href":"https:\/\/www.retrobuddys.com\/fr\/wp-json\/wp\/v2\/product_tag?post=8775"}],"curies":[{"name":"wp","href":"https:\/\/api.w.org\/{rel}","templated":true}]}}