{"id":8583,"date":"2025-09-12T09:39:34","date_gmt":"2025-09-12T09:39:34","guid":{"rendered":"https:\/\/www.retrobuddys.com\/?post_type=product&#038;p=8583"},"modified":"2025-09-12T09:42:50","modified_gmt":"2025-09-12T09:42:50","slug":"disque-dur-western-digital-wd-1600-caviar-kopie","status":"publish","type":"product","link":"https:\/\/www.retrobuddys.com\/fr\/shop\/mods-hw-amiga\/amiga-2000-fr\/disque-dur-western-digital-wd-1600-caviar-kopie\/","title":{"rendered":"Disque dur Seagate Barracuda 7200 160GB"},"content":{"rendered":"<p>Disque dur Seagate Barracuda 7200.10<\/p>\n<ul>\n<li>160GB net<\/li>\n<li>7200 tr\/min<\/li>\n<li>Connexion IDE SATA (n\u00e9cessite un adaptateur pour connexion IDE ATA 3.5&Prime; !)<\/li>\n<li>8 Mo de m\u00e9moire cache<\/li>\n<li>Nouveau (ann\u00e9e de construction entre 2007 + 2012)<\/li>\n<\/ul>\n","protected":false},"excerpt":{"rendered":"<p>Disque dur Seagate Barracuda 7200.10 160GB net 7200 tr\/min Connexion IDE SATA (n\u00e9cessite un adaptateur pour connexion IDE ATA 3.5&Prime; !) 8 Mo de m\u00e9moire cache Nouveau (ann\u00e9e de construction entre 2007 + 2012)<\/p>\n","protected":false},"featured_media":8292,"template":"","meta":[],"product_brand":[],"product_cat":[220,734,281],"product_tag":[777,776,743,783],"class_list":{"0":"post-8583","1":"product","2":"type-product","3":"status-publish","4":"has-post-thumbnail","6":"product_cat-amiga-2000-fr","7":"product_cat-disquette-ide-et-disque-dur","8":"product_cat-memoire-cles-memoire","9":"product_tag-ata-fr","10":"product_tag-disque-dur","11":"product_tag-ide-fr","12":"product_tag-seagate-fr","13":"product_shipping_class-grande-lettre","15":"first","16":"instock","17":"taxable","18":"shipping-taxable","19":"purchasable","20":"product-type-simple"},"origins":[],"jetpack_sharing_enabled":true,"_links":{"self":[{"href":"https:\/\/www.retrobuddys.com\/fr\/wp-json\/wp\/v2\/product\/8583","targetHints":{"allow":["GET"]}}],"collection":[{"href":"https:\/\/www.retrobuddys.com\/fr\/wp-json\/wp\/v2\/product"}],"about":[{"href":"https:\/\/www.retrobuddys.com\/fr\/wp-json\/wp\/v2\/types\/product"}],"wp:featuredmedia":[{"embeddable":true,"href":"https:\/\/www.retrobuddys.com\/fr\/wp-json\/wp\/v2\/media\/8292"}],"wp:attachment":[{"href":"https:\/\/www.retrobuddys.com\/fr\/wp-json\/wp\/v2\/media?parent=8583"}],"wp:term":[{"taxonomy":"product_brand","embeddable":true,"href":"https:\/\/www.retrobuddys.com\/fr\/wp-json\/wp\/v2\/product_brand?post=8583"},{"taxonomy":"product_cat","embeddable":true,"href":"https:\/\/www.retrobuddys.com\/fr\/wp-json\/wp\/v2\/product_cat?post=8583"},{"taxonomy":"product_tag","embeddable":true,"href":"https:\/\/www.retrobuddys.com\/fr\/wp-json\/wp\/v2\/product_tag?post=8583"}],"curies":[{"name":"wp","href":"https:\/\/api.w.org\/{rel}","templated":true}]}}