{"id":8574,"date":"2025-09-12T09:23:08","date_gmt":"2025-09-12T09:23:08","guid":{"rendered":"https:\/\/www.retrobuddys.com\/?post_type=product&#038;p=8574"},"modified":"2025-09-12T09:24:49","modified_gmt":"2025-09-12T09:24:49","slug":"1-cable-d-alimentation-adaptateur-de-disquette-a-1-cable-d-alimentation-de-disquette-30cm","status":"publish","type":"product","link":"https:\/\/www.retrobuddys.com\/fr\/shop\/cables-et-petites-pieces\/1-cable-d-alimentation-adaptateur-de-disquette-a-1-cable-d-alimentation-de-disquette-30cm\/","title":{"rendered":"1*c\u00e2ble d&rsquo;alimentation adaptateur de disquette \u00e0 1*c\u00e2ble d&rsquo;alimentation de disquette 30cm"},"content":{"rendered":"<p>1*C\u00e2ble d&rsquo;alimentation adaptateur de disquette \u00e0 1*C\u00e2ble d&rsquo;alimentation de disquette 30cm 4pin<\/p>\n<ul>\n<li>environ 30cm de long<\/li>\n<li>f\u00e9minin - f\u00e9minin<\/li>\n<li>1* disquette femelle<\/li>\n<li>1* disquette femelle<\/li>\n<li>4Pin<\/li>\n<\/ul>\n","protected":false},"excerpt":{"rendered":"<p>1*C\u00e2ble d&rsquo;alimentation adaptateur de disquette \u00e0 1*C\u00e2ble d&rsquo;alimentation de disquette 30cm 4pin environ 30cm de long f\u00e9minin - f\u00e9minin 1* disquette femelle 1* disquette femelle 4Pin<\/p>\n","protected":false},"featured_media":8407,"template":"","meta":[],"product_brand":[],"product_cat":[274,734],"product_tag":[326,738,351],"class_list":{"0":"post-8574","1":"product","2":"type-product","3":"status-publish","4":"has-post-thumbnail","6":"product_cat-cables-et-petites-pieces","7":"product_cat-disquette-ide-et-disque-dur","8":"product_tag-adaptateur","9":"product_tag-cable-fr","10":"product_tag-disquette","11":"product_shipping_class-grande-lettre","13":"first","14":"instock","15":"taxable","16":"shipping-taxable","17":"purchasable","18":"product-type-simple"},"jetpack_sharing_enabled":true,"_links":{"self":[{"href":"https:\/\/www.retrobuddys.com\/fr\/wp-json\/wp\/v2\/product\/8574","targetHints":{"allow":["GET"]}}],"collection":[{"href":"https:\/\/www.retrobuddys.com\/fr\/wp-json\/wp\/v2\/product"}],"about":[{"href":"https:\/\/www.retrobuddys.com\/fr\/wp-json\/wp\/v2\/types\/product"}],"wp:featuredmedia":[{"embeddable":true,"href":"https:\/\/www.retrobuddys.com\/fr\/wp-json\/wp\/v2\/media\/8407"}],"wp:attachment":[{"href":"https:\/\/www.retrobuddys.com\/fr\/wp-json\/wp\/v2\/media?parent=8574"}],"wp:term":[{"taxonomy":"product_brand","embeddable":true,"href":"https:\/\/www.retrobuddys.com\/fr\/wp-json\/wp\/v2\/product_brand?post=8574"},{"taxonomy":"product_cat","embeddable":true,"href":"https:\/\/www.retrobuddys.com\/fr\/wp-json\/wp\/v2\/product_cat?post=8574"},{"taxonomy":"product_tag","embeddable":true,"href":"https:\/\/www.retrobuddys.com\/fr\/wp-json\/wp\/v2\/product_tag?post=8574"}],"curies":[{"name":"wp","href":"https:\/\/api.w.org\/{rel}","templated":true}]}}