{"id":8569,"date":"2025-09-12T09:20:11","date_gmt":"2025-09-12T09:20:11","guid":{"rendered":"https:\/\/www.retrobuddys.com\/?post_type=product&#038;p=8569"},"modified":"2025-09-12T09:22:53","modified_gmt":"2025-09-12T09:22:53","slug":"1-cable-adaptateur-de-disquette-a-2-cable-adaptateur-de-disquette-20cm","status":"publish","type":"product","link":"https:\/\/www.retrobuddys.com\/fr\/shop\/cables-et-petites-pieces\/1-cable-adaptateur-de-disquette-a-2-cable-adaptateur-de-disquette-20cm\/","title":{"rendered":"1*c\u00e2ble adaptateur de disquette \u00e0 2*c\u00e2ble adaptateur de disquette 20cm"},"content":{"rendered":"<p>1*c\u00e2ble adaptateur de disquette vers 2*c\u00e2ble adaptateur de disquette 20cm 4pin<\/p>\n<ul>\n<li>environ 20cm de long<\/li>\n<li>femme - femme - femme<\/li>\n<li>1* disquette femelle<\/li>\n<li>2* Floppy femelle<\/li>\n<li>4Pin<\/li>\n<\/ul>\n","protected":false},"excerpt":{"rendered":"<p>1*c\u00e2ble adaptateur de disquette vers 2*c\u00e2ble adaptateur de disquette 20cm 4pin environ 20cm de long femme - femme - femme 1* disquette femelle 2* Floppy femelle 4Pin<\/p>\n","protected":false},"featured_media":8237,"template":"","meta":[],"product_brand":[],"product_cat":[274,734],"product_tag":[326,738,351],"class_list":{"0":"post-8569","1":"product","2":"type-product","3":"status-publish","4":"has-post-thumbnail","6":"product_cat-cables-et-petites-pieces","7":"product_cat-disquette-ide-et-disque-dur","8":"product_tag-adaptateur","9":"product_tag-cable-fr","10":"product_tag-disquette","11":"product_shipping_class-grande-lettre","13":"first","14":"instock","15":"taxable","16":"shipping-taxable","17":"purchasable","18":"product-type-simple"},"jetpack_sharing_enabled":true,"_links":{"self":[{"href":"https:\/\/www.retrobuddys.com\/fr\/wp-json\/wp\/v2\/product\/8569","targetHints":{"allow":["GET"]}}],"collection":[{"href":"https:\/\/www.retrobuddys.com\/fr\/wp-json\/wp\/v2\/product"}],"about":[{"href":"https:\/\/www.retrobuddys.com\/fr\/wp-json\/wp\/v2\/types\/product"}],"wp:featuredmedia":[{"embeddable":true,"href":"https:\/\/www.retrobuddys.com\/fr\/wp-json\/wp\/v2\/media\/8237"}],"wp:attachment":[{"href":"https:\/\/www.retrobuddys.com\/fr\/wp-json\/wp\/v2\/media?parent=8569"}],"wp:term":[{"taxonomy":"product_brand","embeddable":true,"href":"https:\/\/www.retrobuddys.com\/fr\/wp-json\/wp\/v2\/product_brand?post=8569"},{"taxonomy":"product_cat","embeddable":true,"href":"https:\/\/www.retrobuddys.com\/fr\/wp-json\/wp\/v2\/product_cat?post=8569"},{"taxonomy":"product_tag","embeddable":true,"href":"https:\/\/www.retrobuddys.com\/fr\/wp-json\/wp\/v2\/product_tag?post=8569"}],"curies":[{"name":"wp","href":"https:\/\/api.w.org\/{rel}","templated":true}]}}