{"id":8564,"date":"2025-09-12T09:18:03","date_gmt":"2025-09-12T09:18:03","guid":{"rendered":"https:\/\/www.retrobuddys.com\/?post_type=product&#038;p=8564"},"modified":"2025-09-12T09:27:00","modified_gmt":"2025-09-12T09:27:00","slug":"cable-adaptateur-molex-vers-disquette-24cm-male-femelle-4pin-kopie","status":"publish","type":"product","link":"https:\/\/www.retrobuddys.com\/fr\/shop\/cables-et-petites-pieces\/cable-adaptateur-molex-vers-disquette-24cm-male-femelle-4pin-kopie\/","title":{"rendered":"C\u00e2ble adaptateur Molex vers 2*Floppy 24cm m\u00e2le - femelle - femelle 4pin"},"content":{"rendered":"<p>C\u00e2ble adaptateur Molex vers 2*Floppy 24cm m\u00e2le - femelle 4pin<\/p>\n<ul>\n<li>environ 24cm de long<\/li>\n<li>m\u00e2le - femelle - femelle<\/li>\n<li>1* Molex m\u00e2le<\/li>\n<li>2* Floppy femelle<\/li>\n<li>4Pin<\/li>\n<\/ul>\n","protected":false},"excerpt":{"rendered":"<p>C\u00e2ble adaptateur Molex vers 2*Floppy 24cm m\u00e2le - femelle 4pin environ 24cm de long m\u00e2le - femelle - femelle 1* Molex m\u00e2le 2* Floppy femelle 4Pin<\/p>\n","protected":false},"featured_media":8212,"template":"","meta":[],"product_brand":[],"product_cat":[274,734],"product_tag":[326,738,351],"class_list":{"0":"post-8564","1":"product","2":"type-product","3":"status-publish","4":"has-post-thumbnail","6":"product_cat-cables-et-petites-pieces","7":"product_cat-disquette-ide-et-disque-dur","8":"product_tag-adaptateur","9":"product_tag-cable-fr","10":"product_tag-disquette","11":"product_shipping_class-grande-lettre","13":"first","14":"instock","15":"taxable","16":"shipping-taxable","17":"purchasable","18":"product-type-simple"},"origins":[],"jetpack_sharing_enabled":true,"_links":{"self":[{"href":"https:\/\/www.retrobuddys.com\/fr\/wp-json\/wp\/v2\/product\/8564","targetHints":{"allow":["GET"]}}],"collection":[{"href":"https:\/\/www.retrobuddys.com\/fr\/wp-json\/wp\/v2\/product"}],"about":[{"href":"https:\/\/www.retrobuddys.com\/fr\/wp-json\/wp\/v2\/types\/product"}],"wp:featuredmedia":[{"embeddable":true,"href":"https:\/\/www.retrobuddys.com\/fr\/wp-json\/wp\/v2\/media\/8212"}],"wp:attachment":[{"href":"https:\/\/www.retrobuddys.com\/fr\/wp-json\/wp\/v2\/media?parent=8564"}],"wp:term":[{"taxonomy":"product_brand","embeddable":true,"href":"https:\/\/www.retrobuddys.com\/fr\/wp-json\/wp\/v2\/product_brand?post=8564"},{"taxonomy":"product_cat","embeddable":true,"href":"https:\/\/www.retrobuddys.com\/fr\/wp-json\/wp\/v2\/product_cat?post=8564"},{"taxonomy":"product_tag","embeddable":true,"href":"https:\/\/www.retrobuddys.com\/fr\/wp-json\/wp\/v2\/product_tag?post=8564"}],"curies":[{"name":"wp","href":"https:\/\/api.w.org\/{rel}","templated":true}]}}