{"id":8559,"date":"2025-09-12T09:14:51","date_gmt":"2025-09-12T09:14:51","guid":{"rendered":"https:\/\/www.retrobuddys.com\/?post_type=product&#038;p=8559"},"modified":"2025-09-12T09:17:48","modified_gmt":"2025-09-12T09:17:48","slug":"cable-pour-disquette-30cm-femelle-femelle-34pin-kopie-3","status":"publish","type":"product","link":"https:\/\/www.retrobuddys.com\/fr\/shop\/cables-et-petites-pieces\/cable-pour-disquette-30cm-femelle-femelle-34pin-kopie-3\/","title":{"rendered":"C\u00e2ble adaptateur Molex vers disquette 24cm m\u00e2le - femelle 4pin"},"content":{"rendered":"<p>C\u00e2ble adaptateur Molex vers disquette 24cm m\u00e2le - femelle 4pin<\/p>\n<ul>\n<li>environ 24cm de long<\/li>\n<li>masculin - f\u00e9minin<\/li>\n<li>4Pin<\/li>\n<\/ul>\n","protected":false},"excerpt":{"rendered":"<p>C\u00e2ble adaptateur Molex vers disquette 24cm m\u00e2le - femelle 4pin environ 24cm de long masculin - f\u00e9minin 4Pin<\/p>\n","protected":false},"featured_media":8187,"template":"","meta":[],"product_brand":[],"product_cat":[274,734],"product_tag":[326,738,351],"class_list":{"0":"post-8559","1":"product","2":"type-product","3":"status-publish","4":"has-post-thumbnail","6":"product_cat-cables-et-petites-pieces","7":"product_cat-disquette-ide-et-disque-dur","8":"product_tag-adaptateur","9":"product_tag-cable-fr","10":"product_tag-disquette","11":"product_shipping_class-grande-lettre","13":"first","14":"instock","15":"taxable","16":"shipping-taxable","17":"purchasable","18":"product-type-simple"},"origins":[],"jetpack_sharing_enabled":true,"_links":{"self":[{"href":"https:\/\/www.retrobuddys.com\/fr\/wp-json\/wp\/v2\/product\/8559","targetHints":{"allow":["GET"]}}],"collection":[{"href":"https:\/\/www.retrobuddys.com\/fr\/wp-json\/wp\/v2\/product"}],"about":[{"href":"https:\/\/www.retrobuddys.com\/fr\/wp-json\/wp\/v2\/types\/product"}],"wp:featuredmedia":[{"embeddable":true,"href":"https:\/\/www.retrobuddys.com\/fr\/wp-json\/wp\/v2\/media\/8187"}],"wp:attachment":[{"href":"https:\/\/www.retrobuddys.com\/fr\/wp-json\/wp\/v2\/media?parent=8559"}],"wp:term":[{"taxonomy":"product_brand","embeddable":true,"href":"https:\/\/www.retrobuddys.com\/fr\/wp-json\/wp\/v2\/product_brand?post=8559"},{"taxonomy":"product_cat","embeddable":true,"href":"https:\/\/www.retrobuddys.com\/fr\/wp-json\/wp\/v2\/product_cat?post=8559"},{"taxonomy":"product_tag","embeddable":true,"href":"https:\/\/www.retrobuddys.com\/fr\/wp-json\/wp\/v2\/product_tag?post=8559"}],"curies":[{"name":"wp","href":"https:\/\/api.w.org\/{rel}","templated":true}]}}