{"id":8553,"date":"2025-09-12T09:10:47","date_gmt":"2025-09-12T09:10:47","guid":{"rendered":"https:\/\/www.retrobuddys.com\/?post_type=product&#038;p=8553"},"modified":"2025-09-12T09:15:03","modified_gmt":"2025-09-12T09:15:03","slug":"adaptateur-compact-flash-cf-vers-ide-male-kopie","status":"publish","type":"product","link":"https:\/\/www.retrobuddys.com\/fr\/shop\/mods-hw-amiga\/amiga-2000-fr\/adaptateur-compact-flash-cf-vers-ide-male-kopie\/","title":{"rendered":"Adaptateur IDE 2.5&Prime; vers IDE 3.5&Prime; femelle - m\u00e2le"},"content":{"rendered":"<p>Cet adaptateur permet de connecter des disques durs IDE 2,5&Prime; ou des adaptateurs \u00e0 un port IDE 3,5&Prime;.<\/p>\n<ul>\n<li>1 x connecteur IDE 3,5&Prime; \u00e0 40 broches m\u00e2le<\/li>\n<li>1 x connecteur IDE 39 broches 2,5&Prime; femelle<\/li>\n<li>1 x connecteur d&rsquo;alimentation Molex \u00e0 4 broches m\u00e2le<\/li>\n<\/ul>\n","protected":false},"excerpt":{"rendered":"<p>Cet adaptateur permet de connecter des disques durs IDE 2,5&Prime; ou des adaptateurs \u00e0 un port IDE 3,5&Prime;. 1 x connecteur IDE 3,5&Prime; \u00e0 40 broches m\u00e2le 1 x connecteur IDE 39 broches 2,5&Prime; femelle 1 x connecteur d&rsquo;alimentation Molex \u00e0 4 broches m\u00e2le<\/p>\n","protected":false},"featured_media":8392,"template":"","meta":[],"product_brand":[],"product_cat":[220,274,734],"product_tag":[326,743],"class_list":{"0":"post-8553","1":"product","2":"type-product","3":"status-publish","4":"has-post-thumbnail","6":"product_cat-amiga-2000-fr","7":"product_cat-cables-et-petites-pieces","8":"product_cat-disquette-ide-et-disque-dur","9":"product_tag-adaptateur","10":"product_tag-ide-fr","11":"product_shipping_class-maxi-lettre","13":"first","14":"instock","15":"taxable","16":"shipping-taxable","17":"purchasable","18":"product-type-simple"},"origins":[],"jetpack_sharing_enabled":true,"_links":{"self":[{"href":"https:\/\/www.retrobuddys.com\/fr\/wp-json\/wp\/v2\/product\/8553","targetHints":{"allow":["GET"]}}],"collection":[{"href":"https:\/\/www.retrobuddys.com\/fr\/wp-json\/wp\/v2\/product"}],"about":[{"href":"https:\/\/www.retrobuddys.com\/fr\/wp-json\/wp\/v2\/types\/product"}],"wp:featuredmedia":[{"embeddable":true,"href":"https:\/\/www.retrobuddys.com\/fr\/wp-json\/wp\/v2\/media\/8392"}],"wp:attachment":[{"href":"https:\/\/www.retrobuddys.com\/fr\/wp-json\/wp\/v2\/media?parent=8553"}],"wp:term":[{"taxonomy":"product_brand","embeddable":true,"href":"https:\/\/www.retrobuddys.com\/fr\/wp-json\/wp\/v2\/product_brand?post=8553"},{"taxonomy":"product_cat","embeddable":true,"href":"https:\/\/www.retrobuddys.com\/fr\/wp-json\/wp\/v2\/product_cat?post=8553"},{"taxonomy":"product_tag","embeddable":true,"href":"https:\/\/www.retrobuddys.com\/fr\/wp-json\/wp\/v2\/product_tag?post=8553"}],"curies":[{"name":"wp","href":"https:\/\/api.w.org\/{rel}","templated":true}]}}