{"id":8529,"date":"2025-09-12T08:43:23","date_gmt":"2025-09-12T08:43:23","guid":{"rendered":"https:\/\/www.retrobuddys.com\/?post_type=product&#038;p=8529"},"modified":"2026-02-08T16:01:37","modified_gmt":"2026-02-08T16:01:37","slug":"amiga-cpu-relocator-kopie","status":"publish","type":"product","link":"https:\/\/www.retrobuddys.com\/fr\/shop\/mods-hw-amiga\/amiga-2000-fr\/amiga-cpu-relocator-kopie\/","title":{"rendered":"Amiga 2000 CPU Relocator"},"content":{"rendered":"<h4><strong>Amiga 2000 CPU Relocator pour slot co-processeur<\/strong><\/h4>\n<p>Relocateur de CPU de haute qualit\u00e9 pour le slot co-processeur de l&rsquo;Amiga 2000.<\/p>\n<p>La plupart des acc\u00e9l\u00e9rateurs internes de l&rsquo;Amiga 500 sont compatibles avec l&rsquo;Amiga 2000, mais ils ne sont pas con\u00e7us pour \u00eatre connect\u00e9s m\u00e9caniquement \u00e0 cet ordinateur.<br \/>\nCe relocalisateur vous permet de connecter le mat\u00e9riel de l&rsquo;unit\u00e9 centrale Amiga 500 le plus courant \u00e0 votre Amiga 2000 en tant qu&rsquo;acc\u00e9l\u00e9rateur.<\/p>\n<p>Nous l&rsquo;utilisons pour notre carte TF536 et pour les clients qui souhaitent utiliser le PiStorm classique dans l&rsquo;Amiga2000.<br \/>\nIl fonctionne \u00e9galement tr\u00e8s bien avec un CPU 68k si le socle du CPU a \u00e9t\u00e9 endommag\u00e9 par une fuite de Varta.<\/p>\n<p>Le Relocator est un \u00ab\u00a0mat\u00e9riel ouvert\u00a0\u00bb, sous licence GNU General Public License (GPL) v3. Le projet a \u00e9t\u00e9 d\u00e9velopp\u00e9 par SukkoPera et est bas\u00e9 sur le projet de Kipper2K.<\/p>\n","protected":false},"excerpt":{"rendered":"<p>Relocalisateur de CPU pour processeur Amiga 500 68000<\/p>\n","protected":false},"featured_media":8337,"template":"","meta":[],"product_brand":[],"product_cat":[220,255,217,523],"product_tag":[326,225,352,260],"class_list":{"0":"post-8529","1":"product","2":"type-product","3":"status-publish","4":"has-post-thumbnail","6":"product_cat-amiga-2000-fr","7":"product_cat-divers","8":"product_cat-mods-hw-amiga","9":"product_cat-pistorm-fr-2","10":"product_tag-adaptateur","11":"product_tag-amiga-fr","12":"product_tag-amiga-2000-fr","13":"product_tag-pistorm-fr","14":"product_shipping_class-maxi-lettre","16":"first","17":"instock","18":"taxable","19":"shipping-taxable","20":"purchasable","21":"product-type-simple"},"origins":[],"jetpack_sharing_enabled":true,"_links":{"self":[{"href":"https:\/\/www.retrobuddys.com\/fr\/wp-json\/wp\/v2\/product\/8529","targetHints":{"allow":["GET"]}}],"collection":[{"href":"https:\/\/www.retrobuddys.com\/fr\/wp-json\/wp\/v2\/product"}],"about":[{"href":"https:\/\/www.retrobuddys.com\/fr\/wp-json\/wp\/v2\/types\/product"}],"wp:featuredmedia":[{"embeddable":true,"href":"https:\/\/www.retrobuddys.com\/fr\/wp-json\/wp\/v2\/media\/8337"}],"wp:attachment":[{"href":"https:\/\/www.retrobuddys.com\/fr\/wp-json\/wp\/v2\/media?parent=8529"}],"wp:term":[{"taxonomy":"product_brand","embeddable":true,"href":"https:\/\/www.retrobuddys.com\/fr\/wp-json\/wp\/v2\/product_brand?post=8529"},{"taxonomy":"product_cat","embeddable":true,"href":"https:\/\/www.retrobuddys.com\/fr\/wp-json\/wp\/v2\/product_cat?post=8529"},{"taxonomy":"product_tag","embeddable":true,"href":"https:\/\/www.retrobuddys.com\/fr\/wp-json\/wp\/v2\/product_tag?post=8529"}],"curies":[{"name":"wp","href":"https:\/\/api.w.org\/{rel}","templated":true}]}}