{"id":8523,"date":"2025-09-12T08:37:54","date_gmt":"2025-09-12T08:37:54","guid":{"rendered":"https:\/\/www.retrobuddys.com\/?post_type=product&#038;p=8523"},"modified":"2025-09-12T09:34:37","modified_gmt":"2025-09-12T09:34:37","slug":"adaptateur-sata-vers-ide-3-5-male-kopie","status":"publish","type":"product","link":"https:\/\/www.retrobuddys.com\/fr\/shop\/mods-hw-amiga\/amiga-2000-fr\/adaptateur-sata-vers-ide-3-5-male-kopie\/","title":{"rendered":"Adaptateur Compact Flash CF vers IDE Plaque \u00e0 fente externe"},"content":{"rendered":"<p>Cet adaptateur permet de piloter des cartes Compact Flash avec un connecteur IDE 3,5 pouces. L&rsquo;adaptateur s&rsquo;int\u00e8gre parfaitement dans le bo\u00eetier de l&rsquo;Amiga 2000\/3000\/4000 et est facilement accessible de l&rsquo;ext\u00e9rieur. <\/p>\n<ul>\n<li>1 x connecteur IDE 40 broches<\/li>\n<li>1 x cache de slot<\/li>\n<li>1 x adaptateur CF m\u00e2le<\/li>\n<li>1 x mini-connecteur d&rsquo;alimentation \u00e0 4 broches (3,5&Prime;)<\/li>\n<\/ul>\n<p><strong>Contenu de la livraison<\/strong><\/p>\n<ul>\n<li>1x adaptateur CF vers IDE<\/li>\n<\/ul>\n","protected":false},"excerpt":{"rendered":"<p>Cet adaptateur permet de piloter des cartes Compact Flash avec un connecteur IDE 3,5 pouces. L&rsquo;adaptateur s&rsquo;int\u00e8gre parfaitement dans le bo\u00eetier de l&rsquo;Amiga 2000\/3000\/4000 et est facilement accessible de l&rsquo;ext\u00e9rieur. 1 x connecteur IDE 40 broches 1 x cache de slot 1 x adaptateur CF m\u00e2le 1 x mini-connecteur d&rsquo;alimentation \u00e0 4 broches (3,5&Prime;) Contenu [&#8230;]\n","protected":false},"featured_media":8367,"template":"","meta":[],"product_brand":[],"product_cat":[220,734],"product_tag":[326,332,769,743],"class_list":{"0":"post-8523","1":"product","2":"type-product","3":"status-publish","4":"has-post-thumbnail","6":"product_cat-amiga-2000-fr","7":"product_cat-disquette-ide-et-disque-dur","8":"product_tag-adaptateur","9":"product_tag-cf-fr","10":"product_tag-flash-compact","11":"product_tag-ide-fr","12":"product_shipping_class-maxi-lettre","14":"first","15":"instock","16":"taxable","17":"shipping-taxable","18":"purchasable","19":"product-type-simple"},"origins":[],"jetpack_sharing_enabled":true,"_links":{"self":[{"href":"https:\/\/www.retrobuddys.com\/fr\/wp-json\/wp\/v2\/product\/8523","targetHints":{"allow":["GET"]}}],"collection":[{"href":"https:\/\/www.retrobuddys.com\/fr\/wp-json\/wp\/v2\/product"}],"about":[{"href":"https:\/\/www.retrobuddys.com\/fr\/wp-json\/wp\/v2\/types\/product"}],"wp:featuredmedia":[{"embeddable":true,"href":"https:\/\/www.retrobuddys.com\/fr\/wp-json\/wp\/v2\/media\/8367"}],"wp:attachment":[{"href":"https:\/\/www.retrobuddys.com\/fr\/wp-json\/wp\/v2\/media?parent=8523"}],"wp:term":[{"taxonomy":"product_brand","embeddable":true,"href":"https:\/\/www.retrobuddys.com\/fr\/wp-json\/wp\/v2\/product_brand?post=8523"},{"taxonomy":"product_cat","embeddable":true,"href":"https:\/\/www.retrobuddys.com\/fr\/wp-json\/wp\/v2\/product_cat?post=8523"},{"taxonomy":"product_tag","embeddable":true,"href":"https:\/\/www.retrobuddys.com\/fr\/wp-json\/wp\/v2\/product_tag?post=8523"}],"curies":[{"name":"wp","href":"https:\/\/api.w.org\/{rel}","templated":true}]}}