{"id":8518,"date":"2025-09-12T08:32:15","date_gmt":"2025-09-12T08:32:15","guid":{"rendered":"https:\/\/www.retrobuddys.com\/?post_type=product&#038;p=8518"},"modified":"2025-09-12T09:34:35","modified_gmt":"2025-09-12T09:34:35","slug":"alliance-as4c1m16e5-60jc-soj-42-nos-kopie","status":"publish","type":"product","link":"https:\/\/www.retrobuddys.com\/fr\/shop\/mods-hw-amiga\/amiga-2000-fr\/alliance-as4c1m16e5-60jc-soj-42-nos-kopie\/","title":{"rendered":"Adaptateur SATA vers IDE 3.5&Prime; m\u00e2le"},"content":{"rendered":"<p>L&rsquo;<strong> adaptateur SATA vers IDE<\/strong> permet d&rsquo;utiliser des p\u00e9riph\u00e9riques SATA sur un port IDE 3,5 pouces (40 broches).<br \/>\nPar exemple, il est tr\u00e8s facile d&rsquo;utiliser de nouveaux disques durs SATA sur un contr\u00f4leur IDE.<\/p>\n<ul>\n<li>Convient aux disques durs SATA 3,5\/2,5 ou aux CD-ROM\/CD-RW\/DVD\/DVD-RAM<\/li>\n<li>1 x connecteur IDE 40 broches<\/li>\n<li>1 x port s\u00e9rie ATA<\/li>\n<li>1 x connecteur d&rsquo;alimentation \u00e0 4 broches (Molex)<\/li>\n<\/ul>\n<p><strong>Contenu de la livraison<\/strong><\/p>\n<ul>\n<li>1x SATA vers IDE 3,5 pouces adaptateur m\u00e2le<\/li>\n<\/ul>\n<p>Remarque : l&rsquo;adaptateur ne peut pas \u00eatre utilis\u00e9 \u00e0 l&rsquo;envers.<\/p>\n","protected":false},"excerpt":{"rendered":"<p>L&rsquo; adaptateur SATA vers IDE permet d&rsquo;utiliser des p\u00e9riph\u00e9riques SATA sur un port IDE 3,5 pouces (40 broches). Par exemple, il est tr\u00e8s facile d&rsquo;utiliser de nouveaux disques durs SATA sur un contr\u00f4leur IDE. Convient aux disques durs SATA 3,5\/2,5 ou aux CD-ROM\/CD-RW\/DVD\/DVD-RAM 1 x connecteur IDE 40 broches 1 x port s\u00e9rie ATA 1 [&#8230;]\n","protected":false},"featured_media":8312,"template":"","meta":[],"product_brand":[],"product_cat":[220,734],"product_tag":[326,743,765],"class_list":{"0":"post-8518","1":"product","2":"type-product","3":"status-publish","4":"has-post-thumbnail","6":"product_cat-amiga-2000-fr","7":"product_cat-disquette-ide-et-disque-dur","8":"product_tag-adaptateur","9":"product_tag-ide-fr","10":"product_tag-sata-fr","11":"product_shipping_class-maxi-lettre","13":"first","14":"instock","15":"taxable","16":"shipping-taxable","17":"purchasable","18":"product-type-simple"},"origins":[],"jetpack_sharing_enabled":true,"_links":{"self":[{"href":"https:\/\/www.retrobuddys.com\/fr\/wp-json\/wp\/v2\/product\/8518","targetHints":{"allow":["GET"]}}],"collection":[{"href":"https:\/\/www.retrobuddys.com\/fr\/wp-json\/wp\/v2\/product"}],"about":[{"href":"https:\/\/www.retrobuddys.com\/fr\/wp-json\/wp\/v2\/types\/product"}],"wp:featuredmedia":[{"embeddable":true,"href":"https:\/\/www.retrobuddys.com\/fr\/wp-json\/wp\/v2\/media\/8312"}],"wp:attachment":[{"href":"https:\/\/www.retrobuddys.com\/fr\/wp-json\/wp\/v2\/media?parent=8518"}],"wp:term":[{"taxonomy":"product_brand","embeddable":true,"href":"https:\/\/www.retrobuddys.com\/fr\/wp-json\/wp\/v2\/product_brand?post=8518"},{"taxonomy":"product_cat","embeddable":true,"href":"https:\/\/www.retrobuddys.com\/fr\/wp-json\/wp\/v2\/product_cat?post=8518"},{"taxonomy":"product_tag","embeddable":true,"href":"https:\/\/www.retrobuddys.com\/fr\/wp-json\/wp\/v2\/product_tag?post=8518"}],"curies":[{"name":"wp","href":"https:\/\/api.w.org\/{rel}","templated":true}]}}